{"id":11254,"date":"2025-11-21T16:18:27","date_gmt":"2025-11-21T16:18:27","guid":{"rendered":"https:\/\/safe-taxi-eg.com\/?post_type=product&#038;p=11254"},"modified":"2025-12-03T17:38:09","modified_gmt":"2025-12-03T17:38:09","slug":"nefertari-makadi-hurghada","status":"publish","type":"product","link":"https:\/\/safe-taxi-eg.com\/cs\/produkt\/nefertari-makadi-hurghada\/","title":{"rendered":"Luxusn\u00ed v\u00fdlet na mo\u0159e Nefertari: ponorka, \u0161norchlov\u00e1n\u00ed a ve\u010de\u0159e"},"content":{"rendered":"<hr data-start=\"69\" data-end=\"72\" \/>\n<h2 data-start=\"74\" data-end=\"129\"><strong data-start=\"77\" data-end=\"123\">Nefertari Trip - Makadi \/ Hurghada<\/strong> \ud83d\udee5\ufe0f\ud83c\udf0a<\/h2>\n<p data-start=\"131\" data-end=\"227\">Na str\u00e1nk\u00e1ch <strong data-start=\"135\" data-end=\"153\">V\u00fdlet do Nefertari<\/strong> b\u011b\u017e\u00ed <strong data-start=\"159\" data-end=\"174\">dvakr\u00e1t denn\u011b<\/strong>, a nab\u00edz\u00ed jedine\u010dn\u00fd a luxusn\u00ed z\u00e1\u017eitek u Rud\u00e9ho mo\u0159e:<\/p>\n<ul data-start=\"229\" data-end=\"316\">\n<li data-start=\"229\" data-end=\"271\">\n<p data-start=\"231\" data-end=\"271\"><strong data-start=\"231\" data-end=\"248\">Rann\u00ed v\u00fdlet:<\/strong> 9:00 - 13:30 \ud83c\udf05<\/p>\n<\/li>\n<li data-start=\"272\" data-end=\"316\">\n<p data-start=\"274\" data-end=\"316\"><strong data-start=\"274\" data-end=\"293\">Odpoledn\u00ed v\u00fdlet:<\/strong> 14:00 - 18:00 \ud83c\udf07<\/p>\n<\/li>\n<\/ul>\n<hr data-start=\"318\" data-end=\"321\" \/>\n<h2 data-start=\"323\" data-end=\"347\"><strong data-start=\"326\" data-end=\"345\">Podrobnosti o programu<\/strong> \u2728<\/h2>\n<h3 data-start=\"349\" data-end=\"401\"><strong data-start=\"353\" data-end=\"399\">1\ufe0f\u20e3 Plavba na prvn\u00ed m\u00edsto - 30 minut<\/strong><\/h3>\n<p data-start=\"402\" data-end=\"482\">Vydejte se na cestu z p\u0159\u00edstavu a u\u017eijte si plynulou plavbu k prvn\u00ed zast\u00e1vce. \u26f5\u2728<\/p>\n<h3 data-start=\"484\" data-end=\"531\"><strong data-start=\"488\" data-end=\"529\">2\ufe0f\u20e3 Z\u00e1\u017eitek z ponorky - 45 minut<\/strong><\/h3>\n<p data-start=\"532\" data-end=\"652\">Poznejte podmo\u0159sk\u00fd sv\u011bt zevnit\u0159 ponorky - u\u017eijte si barevn\u00e9 kor\u00e1lov\u00e9 \u00fatesy a n\u00e1dhern\u00fd mo\u0159sk\u00fd \u017eivot. \ud83d\udc20\ud83c\udf08\ud83e\udeb8<\/p>\n<h3 data-start=\"654\" data-end=\"713\"><strong data-start=\"658\" data-end=\"711\">3\ufe0f\u20e3 Faraonsk\u00e9 kost\u00fdmy a focen\u00ed - 45 minut<\/strong><\/h3>\n<p data-start=\"714\" data-end=\"846\">Vydejte se do salonu, oble\u010dte si faraonsk\u00e9 kost\u00fdmy a u\u017eijte si nezapomenuteln\u00e9 focen\u00ed na palub\u011b luxusn\u00ed jachty Nefertari. \ud83d\udc51\ud83d\udcf8<\/p>\n<h3 data-start=\"848\" data-end=\"905\"><strong data-start=\"852\" data-end=\"903\">4\ufe0f\u20e3 Plavba do oblasti \u0161norchlov\u00e1n\u00ed - 45 minut<\/strong><\/h3>\n<p data-start=\"906\" data-end=\"1019\">Kr\u00e1tk\u00e1 plavba na jedno z nejlep\u0161\u00edch m\u00edst pro \u0161norchlov\u00e1n\u00ed, kde si m\u016f\u017eete zaplavat a prozkoumat kr\u00e1sy Rud\u00e9ho mo\u0159e. \ud83e\udd3f\ud83d\udc1f\ud83d\udc99<\/p>\n<h3 data-start=\"1021\" data-end=\"1062\"><strong data-start=\"1025\" data-end=\"1060\">5\ufe0f\u20e3 \u010cas j\u00eddla (ob\u011bd nebo ve\u010de\u0159e)<\/strong><\/h3>\n<p data-start=\"1063\" data-end=\"1222\">V z\u00e1vislosti na \u010dase cesty se pod\u00e1v\u00e1 chutn\u00e9 menu:<br data-start=\"1121\" data-end=\"1124\" \/>\ud83c\udf64 <strong data-start=\"1127\" data-end=\"1138\">Mo\u0159sk\u00e9 plody<\/strong><br data-start=\"1138\" data-end=\"1141\" \/>nebo<br data-start=\"1143\" data-end=\"1146\" \/>\ud83c\udf57 <strong data-start=\"1149\" data-end=\"1160\">Ku\u0159e<\/strong><br data-start=\"1160\" data-end=\"1163\" \/>Plnohodnotn\u00e9 a uspokojiv\u00e9 j\u00eddlo jako v\u017edy na v\u00fdlet\u011b do Nefertari.<\/p>\n<h3 data-start=\"1224\" data-end=\"1264\"><strong data-start=\"1228\" data-end=\"1262\">6\ufe0f\u20e3 Plavba zp\u011bt do p\u0159\u00edstavu<\/strong><\/h3>\n<p data-start=\"1265\" data-end=\"1357\">Vychutnejte si pohodovou plavbu zp\u011bt do p\u0159\u00edstavu a zakon\u010dete sv\u016fj v\u00fdlet v dokonal\u00e9 atmosf\u00e9\u0159e. \ud83c\udf24\ufe0f\ud83d\udee5\ufe0f<\/p>\n<hr data-start=\"318\" data-end=\"321\" \/>\n<h3 data-start=\"2198\" data-end=\"2225\"><strong data-start=\"2205\" data-end=\"2223\">\ud83e\udd11 Cena exkurze<\/strong><\/h3>\n<p data-start=\"2228\" data-end=\"2260\"><strong data-start=\"2233\" data-end=\"2258\">\u00a0 \u00a0<img decoding=\"async\" class=\"emoji\" role=\"img\" draggable=\"false\" src=\"https:\/\/s.w.org\/images\/core\/emoji\/16.0.1\/svg\/1f64e-1f3fb-200d-2642-fe0f.svg\" alt=\"\ud83d\ude4e\ud83c\udffb\u200d\u2642\ufe0f\" \/> 11 let a v\u00edce 75 \u20ac<\/strong><\/p>\n<p data-start=\"2228\" data-end=\"2260\"><strong data-start=\"2263\" data-end=\"2280\">\u00a0 \u00a0<img decoding=\"async\" class=\"emoji\" role=\"img\" draggable=\"false\" src=\"https:\/\/s.w.org\/images\/core\/emoji\/16.0.1\/svg\/1f9cd-1f3fb-200d-2640-fe0f.svg\" alt=\"\ud83e\uddcd\ud83c\udffb\u200d\u2640\ufe0f\" \/> 5\/ -11 let 40 \u20ac<\/strong><\/p>\n<p data-start=\"2228\" data-end=\"2260\"><strong data-start=\"2327\" data-end=\"2355\">\u00a0 \u00a0<img decoding=\"async\" class=\"emoji\" role=\"img\" draggable=\"false\" src=\"https:\/\/s.w.org\/images\/core\/emoji\/16.0.1\/svg\/1f47c-1f3fc.svg\" alt=\"\ud83d\udc7c\ud83c\udffc\" \/> -5 let Zdarma<\/strong><\/p>\n<article class=\"text-token-text-primary w-full focus:outline-none [--shadow-height:45px] has-data-writing-block:pointer-events-none has-data-writing-block:-mt-(--shadow-height) has-data-writing-block:pt-(--shadow-height) [&amp;:has([data-writing-block])&gt;*]:pointer-events-auto scroll-mt-[calc(var(--header-height)+min(200px,max(70px,20svh)))]\" dir=\"auto\" tabindex=\"-1\" data-turn-id=\"request-WEB:9a18c5bb-53b1-4b28-b51b-c02401ab504d-2\" data-testid=\"conversation-turn-6\" data-scroll-anchor=\"false\" data-turn=\"assistant\">\n<div class=\"text-base my-auto mx-auto [--thread-content-margin:--spacing(4)] thread-sm:[--thread-content-margin:--spacing(6)] thread-lg:[--thread-content-margin:--spacing(16)] px-(--thread-content-margin)\">\n<div class=\"[--thread-content-max-width:40rem] thread-lg:[--thread-content-max-width:48rem] mx-auto max-w-(--thread-content-max-width) flex-1 group\/turn-messages focus-visible:outline-hidden relative flex w-full min-w-0 flex-col agent-turn\" tabindex=\"-1\">\n<div class=\"flex max-w-full flex-col grow\">\n<div class=\"min-h-8 text-message relative flex w-full flex-col items-end gap-2 text-start break-words whitespace-normal [.text-message+&amp;]:mt-1\" dir=\"auto\" data-message-author-role=\"assistant\" data-message-id=\"19d11756-cecb-426d-a1bb-123af16a0a71\" data-message-model-slug=\"gpt-5-1\">\n<div class=\"flex w-full flex-col gap-1 empty:hidden first:pt-[1px]\">\n<div class=\"markdown prose dark:prose-invert w-full break-words light markdown-new-styling\">\n<article class=\"text-token-text-primary w-full focus:outline-none [--shadow-height:45px] has-data-writing-block:pointer-events-none has-data-writing-block:-mt-(--shadow-height) has-data-writing-block:pt-(--shadow-height) [&amp;:has([data-writing-block])&gt;*]:pointer-events-auto scroll-mt-[calc(var(--header-height)+min(200px,max(70px,20svh)))]\" dir=\"auto\" tabindex=\"-1\" data-turn-id=\"request-WEB:199560a9-4006-4083-ad71-35d46ac899d7-2\" data-testid=\"conversation-turn-6\" data-scroll-anchor=\"false\" data-turn=\"assistant\">\n<div class=\"text-base my-auto mx-auto [--thread-content-margin:--spacing(4)] thread-sm:[--thread-content-margin:--spacing(6)] thread-lg:[--thread-content-margin:--spacing(16)] px-(--thread-content-margin)\">\n<div class=\"[--thread-content-max-width:40rem] thread-lg:[--thread-content-max-width:48rem] mx-auto max-w-(--thread-content-max-width) flex-1 group\/turn-messages focus-visible:outline-hidden relative flex w-full min-w-0 flex-col agent-turn\" tabindex=\"-1\">\n<div class=\"flex max-w-full flex-col grow\">\n<div class=\"min-h-8 text-message relative flex w-full flex-col items-end gap-2 text-start break-words whitespace-normal [.text-message+&amp;]:mt-1\" dir=\"auto\" data-message-author-role=\"assistant\" data-message-id=\"d0ca6ef4-29cd-4ac4-bc5c-08d8463cd8f3\" data-message-model-slug=\"gpt-5-1\">\n<div class=\"flex w-full flex-col gap-1 empty:hidden first:pt-[1px]\">\n<div class=\"markdown prose dark:prose-invert w-full break-words light markdown-new-styling\">\n<p data-start=\"38\" data-end=\"179\" data-is-last-node=\"\" data-is-only-node=\"\">\u2728 <strong data-start=\"40\" data-end=\"179\" data-is-last-node=\"\">Za zap\u016fj\u010den\u00ed masky se plat\u00ed dal\u0161\u00edch 5 \u20ac a za zap\u016fj\u010den\u00ed ploutv\u00ed dal\u0161\u00edch 5 \u20ac - m\u00e1te tak v\u0161e, co pot\u0159ebujete k dokonal\u00e9mu podvodn\u00edmu dobrodru\u017estv\u00ed!<\/strong><\/p>\n<\/div>\n<\/div>\n<\/div>\n<\/div>\n<\/div>\n<\/div>\n<\/article>\n<\/div>\n<\/div>\n<\/div>\n<\/div>\n<div class=\"z-0 flex min-h-[46px] justify-start\">\n<hr data-start=\"318\" data-end=\"321\" \/>\n<\/div>\n<\/div>\n<\/div>\n<\/article>\n<article class=\"text-token-text-primary w-full focus:outline-none [--shadow-height:45px] has-data-writing-block:pointer-events-none has-data-writing-block:-mt-(--shadow-height) has-data-writing-block:pt-(--shadow-height) [&amp;:has([data-writing-block])&gt;*]:pointer-events-auto scroll-mt-(--header-height)\" dir=\"auto\" tabindex=\"-1\" data-turn-id=\"625f1432-aaef-41f8-813f-9bd9e3474239\" data-testid=\"conversation-turn-7\" data-scroll-anchor=\"false\" data-turn=\"user\"><\/article>\n<h3 data-start=\"2198\" data-end=\"2225\"><strong data-start=\"2205\" data-end=\"2223\">Platba v USD ($ \ud83c\uddfa\ud83c\uddf8) m\u00edsto v EUR (\u20ac \ud83c\uddea\ud83c\uddfa) je mo\u017en\u00e1 podle denn\u00edho kurzu banky.<\/strong><\/h3>","protected":false},"excerpt":{"rendered":"<p>Nefertari Trip \u2013 Makadi \/ Hurghada \ud83d\udee5\ufe0f\ud83c\udf0a The Nefertari trip runs twice a day, offering a unique and luxurious Red Sea experience: Morning Trip: 9:00 AM \u2013 1:30 PM \ud83c\udf05 Afternoon Trip: 2:00 PM \u2013 6:00 PM \ud83c\udf07 Program Details \u2728 1\ufe0f\u20e3 Sailing to the First Spot \u2013 30 minutes Start your journey from the [&hellip;]<\/p>","protected":false},"featured_media":11263,"comment_status":"open","ping_status":"closed","template":"","meta":{"_monsterinsights_skip_tracking":false,"_monsterinsights_sitenote_active":false,"_monsterinsights_sitenote_note":"","_monsterinsights_sitenote_category":0},"product_brand":[],"product_cat":[68],"product_tag":[],"class_list":{"0":"post-11254","1":"product","2":"type-product","3":"status-publish","4":"has-post-thumbnail","6":"product_cat-sea","8":"first","9":"instock","10":"shipping-taxable","11":"purchasable","12":"product-type-ovabrw_car_rental"},"aioseo_notices":[],"_links":{"self":[{"href":"https:\/\/safe-taxi-eg.com\/cs\/wp-json\/wp\/v2\/product\/11254","targetHints":{"allow":["GET"]}}],"collection":[{"href":"https:\/\/safe-taxi-eg.com\/cs\/wp-json\/wp\/v2\/product"}],"about":[{"href":"https:\/\/safe-taxi-eg.com\/cs\/wp-json\/wp\/v2\/types\/product"}],"replies":[{"embeddable":true,"href":"https:\/\/safe-taxi-eg.com\/cs\/wp-json\/wp\/v2\/comments?post=11254"}],"wp:featuredmedia":[{"embeddable":true,"href":"https:\/\/safe-taxi-eg.com\/cs\/wp-json\/wp\/v2\/media\/11263"}],"wp:attachment":[{"href":"https:\/\/safe-taxi-eg.com\/cs\/wp-json\/wp\/v2\/media?parent=11254"}],"wp:term":[{"taxonomy":"product_brand","embeddable":true,"href":"https:\/\/safe-taxi-eg.com\/cs\/wp-json\/wp\/v2\/product_brand?post=11254"},{"taxonomy":"product_cat","embeddable":true,"href":"https:\/\/safe-taxi-eg.com\/cs\/wp-json\/wp\/v2\/product_cat?post=11254"},{"taxonomy":"product_tag","embeddable":true,"href":"https:\/\/safe-taxi-eg.com\/cs\/wp-json\/wp\/v2\/product_tag?post=11254"}],"curies":[{"name":"wp","href":"https:\/\/api.w.org\/{rel}","templated":true}]}}