{"id":9899,"date":"2025-09-07T11:41:00","date_gmt":"2025-09-07T11:41:00","guid":{"rendered":"https:\/\/safe-taxi-eg.com\/?post_type=product&#038;p=9899"},"modified":"2025-11-28T15:11:49","modified_gmt":"2025-11-28T15:11:49","slug":"cairo-vip-8-pax-trip","status":"publish","type":"product","link":"https:\/\/safe-taxi-eg.com\/cs\/produkt\/cairo-vip-8-pax-trip\/","title":{"rendered":"VIP prohl\u00eddka K\u00e1hiry: Soukrom\u00fd luxus pro 8 host\u016f"},"content":{"rendered":"<h3 data-start=\"167\" data-end=\"234\"><strong data-start=\"174\" data-end=\"232\">\u00a0VIP prohl\u00eddka K\u00e1hiry - v\u00fdlet a\u017e pro 8 host\u016f<\/strong><\/h3>\n<p data-start=\"236\" data-end=\"535\">Vstupte do srdce historie s na\u0161imi <strong data-start=\"276\" data-end=\"304\">exkluzivn\u00ed prohl\u00eddka K\u00e1hiry VIP<\/strong>, ur\u010den\u00fd pro soukrom\u00e9 skupiny a\u017e <strong data-start=\"343\" data-end=\"359\">8 cestuj\u00edc\u00edch<\/strong>. luxusn\u00ed cesta <strong data-start=\"393\" data-end=\"467\">, soukrom\u00e9 veden\u00ed a individu\u00e1ln\u00ed pl\u00e1n cesty.<\/strong> prozkoumat legend\u00e1rn\u00ed poklady K\u00e1hiry v bezkonkuren\u010dn\u00edm pohodl\u00ed.<\/p>\n<hr data-start=\"537\" data-end=\"540\" \/>\n<h3 data-start=\"493\" data-end=\"529\">\ud83d\udde3\ufe0f <strong data-start=\"501\" data-end=\"527\">Mluv\u00edme va\u0161\u00edm jazykem<\/strong><\/h3>\n<ul data-start=\"530\" data-end=\"594\">\n<li>Polsk\u00fd<\/li>\n<li>Francouz\u0161tina<\/li>\n<li>Angli\u010dtina<\/li>\n<li>N\u011bm\u010dina<\/li>\n<li>Portugal\u0161tina<\/li>\n<li>\u0160pan\u011bl\u0161tina<\/li>\n<li>...a dal\u0161\u00ed!<\/li>\n<\/ul>\n<p data-start=\"596\" data-end=\"678\">A\u0165 u\u017e jste odkudkoli, zajist\u00edme v\u00e1m bezprobl\u00e9movou komunikaci a osobn\u00ed p\u0159\u00edstup.<\/p>\n<hr data-start=\"537\" data-end=\"540\" \/>\n<h3 data-start=\"542\" data-end=\"591\">\ud83c\udf05 <strong data-start=\"549\" data-end=\"589\">Exkluzivn\u00ed vyzvednut\u00ed\u00a0<\/strong><\/h3>\n<ul data-start=\"592\" data-end=\"825\">\n<li data-start=\"592\" data-end=\"717\">\n<p data-start=\"594\" data-end=\"717\"><strong data-start=\"594\" data-end=\"613\">Soukrom\u00e9 vyzvednut\u00ed<\/strong> \ud83d\ude90: Vydejte se na dobrodru\u017enou cestu pohodln\u00fdm klimatizovan\u00fdm transferem. .<\/p>\n<\/li>\n<li data-start=\"718\" data-end=\"825\">\n<p data-start=\"720\" data-end=\"825\"><strong data-start=\"720\" data-end=\"745\">Rychl\u00e1 pomoc<\/strong> \ud83d\udeeb: N\u00e1\u0161 VIP t\u00fdm zajist\u00ed hladk\u00e9 odbaven\u00ed na vnitrost\u00e1tn\u00ed let do K\u00e1hiry.<\/p>\n<\/li>\n<\/ul>\n<hr data-start=\"827\" data-end=\"830\" \/>\n<h3 data-start=\"832\" data-end=\"874\">\ud83c\udfdb\ufe0f <strong data-start=\"840\" data-end=\"872\">Pyramidy v G\u00edze a Velk\u00e1 sfinga<\/strong><\/h3>\n<ul data-start=\"875\" data-end=\"1142\">\n<li data-start=\"875\" data-end=\"970\">\n<p data-start=\"877\" data-end=\"970\">Sv\u011bdkem ikonick\u00e9ho <strong data-start=\"896\" data-end=\"916\">Pyramidy v G\u00edze<\/strong>, jeden z <strong data-start=\"929\" data-end=\"967\">Sedm div\u016f starov\u011bk\u00e9ho sv\u011bta<\/strong>.<\/p>\n<\/li>\n<li data-start=\"971\" data-end=\"1045\">\n<p data-start=\"973\" data-end=\"1045\">Prozkoumejte <strong data-start=\"985\" data-end=\"1001\">Velk\u00e1 sfinga<\/strong> \ud83e\udd81, b\u00e1jn\u00fd str\u00e1\u017ece n\u00e1horn\u00ed plo\u0161iny.<\/p>\n<\/li>\n<li data-start=\"1046\" data-end=\"1142\">\n<p data-start=\"1048\" data-end=\"1142\">Voliteln\u011b: Vstupte do jedn\u00e9 ze starov\u011bk\u00fdch pyramid a prozkoumejte jej\u00ed komnaty (nutn\u00e1 dodate\u010dn\u00e1 vstupenka).<\/p>\n<\/li>\n<\/ul>\n<hr data-start=\"1144\" data-end=\"1147\" \/>\n<h3 data-start=\"1149\" data-end=\"1192\">\ud83c\udffa <strong data-start=\"1156\" data-end=\"1190\">Egyptsk\u00e9 muzeum staro\u017eitnost\u00ed<\/strong><\/h3>\n<ul data-start=\"1193\" data-end=\"1466\">\n<li data-start=\"1193\" data-end=\"1370\">\n<p data-start=\"1195\" data-end=\"1370\">Projd\u011bte se stalet\u00edmi historie ve sv\u011btozn\u00e1m\u00e9m <strong data-start=\"1249\" data-end=\"1268\">Egyptsk\u00e9 muzeum<\/strong>, kde \u017eije v\u00edce ne\u017e <strong data-start=\"1288\" data-end=\"1309\">120 000 artefakt\u016f<\/strong>, v\u010detn\u011b Tutanchamonov\u00fdch poklad\u016f a kr\u00e1lovsk\u00fdch mumi\u00ed.<\/p>\n<\/li>\n<li data-start=\"1371\" data-end=\"1466\">\n<p data-start=\"1373\" data-end=\"1466\">U\u017eijte si <strong data-start=\"1381\" data-end=\"1411\">soukrom\u00fd egyptologick\u00fd pr\u016fvodce<\/strong> kter\u00fd n\u00e1v\u0161t\u011bvu p\u0159izp\u016fsob\u00ed z\u00e1jm\u016fm va\u0161\u00ed skupiny.<\/p>\n<\/li>\n<\/ul>\n<hr data-start=\"1468\" data-end=\"1471\" \/>\n<h3 data-start=\"1473\" data-end=\"1506\">\ud83c\udf74 <strong data-start=\"1480\" data-end=\"1504\">Z\u00e1\u017eitek z VIP ob\u011bda<\/strong><\/h3>\n<ul data-start=\"1507\" data-end=\"1671\">\n<li data-start=\"1507\" data-end=\"1591\">\n<p data-start=\"1509\" data-end=\"1591\">Vychutnejte si <strong data-start=\"1517\" data-end=\"1534\">gurm\u00e1nsk\u00fd ob\u011bd<\/strong> \ud83c\udf7d\ufe0f .<\/p>\n<\/li>\n<li data-start=\"1592\" data-end=\"1671\">\n<p data-start=\"1594\" data-end=\"1671\">Ochutnejte autentickou egyptskou kuchyni s prvot\u0159\u00eddn\u00edm servisem v uvoln\u011bn\u00e9m prost\u0159ed\u00ed.<\/p>\n<\/li>\n<\/ul>\n<hr data-start=\"1673\" data-end=\"1676\" \/>\n<h3 data-start=\"1678\" data-end=\"1727\">\ud83d\udecd\ufe0f <strong data-start=\"1686\" data-end=\"1725\">Exkluzivn\u00ed n\u00e1kupn\u00ed a kulturn\u00ed zast\u00e1vky<\/strong><\/h3>\n<ul data-start=\"1728\" data-end=\"1887\">\n<li data-start=\"1728\" data-end=\"1822\">\n<p data-start=\"1730\" data-end=\"1822\">Nav\u0161tivte vybran\u00e9 <strong data-start=\"1745\" data-end=\"1798\">bazary, papyrusov\u00e9 instituty nebo parf\u00e9mov\u00e9 galerie.<\/strong> \ud83d\udecd\ufe0f sv\u00fdm vlastn\u00edm tempem.<\/p>\n<\/li>\n<li data-start=\"1823\" data-end=\"1887\">\n<p data-start=\"1825\" data-end=\"1887\">U\u017eijte si personalizovan\u00e1 doporu\u010den\u00ed a bezprobl\u00e9mov\u00e9 nakupov\u00e1n\u00ed.<\/p>\n<\/li>\n<\/ul>\n<hr data-start=\"2076\" data-end=\"2079\" \/>\n<h3 data-start=\"2081\" data-end=\"2127\"><strong data-start=\"2085\" data-end=\"2125\">Pro\u010d si vybrat prohl\u00eddku K\u00e1hiry VIP pro 8 osob?<\/strong><\/h3>\n<ul data-start=\"2128\" data-end=\"2396\">\n<li data-start=\"2191\" data-end=\"2240\">\n<p data-start=\"2193\" data-end=\"2240\">\ud83c\udfdb\ufe0f N\u00e1v\u0161t\u011bvy ikonick\u00fdch k\u00e1hirsk\u00fdch pam\u00e1tek s pr\u016fvodcem<\/p>\n<\/li>\n<li data-start=\"2241\" data-end=\"2282\">\n<p data-start=\"2243\" data-end=\"2282\">\ud83c\udf74 v cen\u011b Gurm\u00e1nsk\u00e9 stravov\u00e1n\u00ed<\/p>\n<\/li>\n<li data-start=\"2283\" data-end=\"2346\">\n<p data-start=\"2285\" data-end=\"2346\">\ud83e\uddd1\u200d\ud83e\udd1d\u200d\ud83e\uddd1 Ide\u00e1ln\u00ed pro rodiny, p\u0159\u00e1tele nebo firemn\u00ed skupiny.<\/p>\n<\/li>\n<li data-start=\"2347\" data-end=\"2396\">\n<p data-start=\"2349\" data-end=\"2396\">\ud83d\udecd\ufe0f Individu\u00e1ln\u00ed nakupov\u00e1n\u00ed a flexibiln\u00ed rozvrh<\/p>\n<\/li>\n<li data-start=\"2347\" data-end=\"2396\">\ud83d\udea4 A to nejlep\u0161\u00ed nakonec - sou\u010d\u00e1st\u00ed v\u00fdletu je nezapomenuteln\u00e1 plavba po Nilu!<\/li>\n<\/ul>\n<hr data-start=\"2076\" data-end=\"2079\" \/>\n<h3 data-start=\"2198\" data-end=\"2225\"><strong data-start=\"2205\" data-end=\"2223\">\ud83e\udd11 Cena exkurze<\/strong><\/h3>\n<ul data-start=\"2226\" data-end=\"2413\">\n<li data-start=\"2226\" data-end=\"2260\">\n<p data-start=\"2228\" data-end=\"2260\"><strong data-start=\"2233\" data-end=\"2258\"><img decoding=\"async\" class=\"emoji\" role=\"img\" draggable=\"false\" src=\"https:\/\/s.w.org\/images\/core\/emoji\/16.0.1\/svg\/1f64e-1f3fb-200d-2642-fe0f.svg\" alt=\"\ud83d\ude4e\ud83c\udffb\u200d\u2642\ufe0f\" \/> 12 let a v\u00edce 80 \u20ac<\/strong><\/p>\n<\/li>\n<li data-start=\"2261\" data-end=\"2309\">\n<p data-start=\"2263\" data-end=\"2309\"><strong data-start=\"2263\" data-end=\"2280\"><img decoding=\"async\" class=\"emoji\" role=\"img\" draggable=\"false\" src=\"https:\/\/s.w.org\/images\/core\/emoji\/16.0.1\/svg\/1f9cd-1f3fb-200d-2640-fe0f.svg\" alt=\"\ud83e\uddcd\ud83c\udffb\u200d\u2640\ufe0f\" \/> 6\/11 let 40 \u20ac<\/strong><\/p>\n<\/li>\n<li data-start=\"2310\" data-end=\"2357\">\n<p data-start=\"2312\" data-end=\"2357\"><strong data-start=\"2327\" data-end=\"2355\"><img decoding=\"async\" class=\"emoji\" role=\"img\" draggable=\"false\" src=\"https:\/\/s.w.org\/images\/core\/emoji\/16.0.1\/svg\/1f47c-1f3fc.svg\" alt=\"\ud83d\udc7c\ud83c\udffc\" \/> - 6 let 20 \u20ac<\/strong><\/p>\n<\/li>\n<\/ul>\n<h3 data-start=\"2198\" data-end=\"2225\"><strong data-start=\"2205\" data-end=\"2223\">Platba v USD ($ \ud83c\uddfa\ud83c\uddf8) m\u00edsto v EUR (\u20ac \ud83c\uddea\ud83c\uddfa) je mo\u017en\u00e1 podle denn\u00edho kurzu banky.<\/strong><\/h3>\n<p><strong>Book Through WhatsApp:<\/strong><\/p>\n<p><a href=\"https:\/\/api.whatsapp.com\/send\/?phone=01021058859\" target=\"_blank\" rel=\"noopener\">\u00a0<img decoding=\"async\" class=\"alignnone wp-image-2058\" src=\"https:\/\/poehalisnamiegypt.com\/wp-content\/uploads\/2024\/02\/pngwing.com_-300x300.png\" sizes=\"auto, (max-width: 35px) 100vw, 35px\" srcset=\"https:\/\/poehalisnamiegypt.com\/wp-content\/uploads\/2024\/02\/pngwing.com_-300x300.png 300w, https:\/\/poehalisnamiegypt.com\/wp-content\/uploads\/2024\/02\/pngwing.com_-150x150.png 150w, https:\/\/poehalisnamiegypt.com\/wp-content\/uploads\/2024\/02\/pngwing.com_.png 584w\" alt=\"\" width=\"53\" height=\"53\" \/><\/a><\/p>\n<div id=\"gtx-trans\" style=\"position: absolute; left: 232px; top: 3.375px;\">\n<div class=\"gtx-trans-icon\"><\/div>\n<\/div>\n<div id=\"gtx-trans\" style=\"position: absolute; left: 232px; top: 3.375px;\">\n<div class=\"gtx-trans-icon\"><\/div>\n<\/div>","protected":false},"excerpt":{"rendered":"<p>\u00a0Cairo VIP Tour \u2013 Trip for Up to 8 Guests Step into the heart of history with our exclusive Cairo VIP Tour, designed for private groups of up to 8 passengers. luxurious journey , private guidance, and a personalized itinerary to explore the legendary treasures of Cairo in unmatched comfort. \ud83d\udde3\ufe0f We Speak Your Language [&hellip;]<\/p>","protected":false},"featured_media":9904,"comment_status":"open","ping_status":"closed","template":"","meta":{"_monsterinsights_skip_tracking":false,"_monsterinsights_sitenote_active":false,"_monsterinsights_sitenote_note":"","_monsterinsights_sitenote_category":0},"product_brand":[],"product_cat":[63],"product_tag":[],"class_list":{"0":"post-9899","1":"product","2":"type-product","3":"status-publish","4":"has-post-thumbnail","6":"product_cat-cairo","8":"first","9":"instock","10":"shipping-taxable","11":"purchasable","12":"product-type-ovabrw_car_rental"},"aioseo_notices":[],"_links":{"self":[{"href":"https:\/\/safe-taxi-eg.com\/cs\/wp-json\/wp\/v2\/product\/9899","targetHints":{"allow":["GET"]}}],"collection":[{"href":"https:\/\/safe-taxi-eg.com\/cs\/wp-json\/wp\/v2\/product"}],"about":[{"href":"https:\/\/safe-taxi-eg.com\/cs\/wp-json\/wp\/v2\/types\/product"}],"replies":[{"embeddable":true,"href":"https:\/\/safe-taxi-eg.com\/cs\/wp-json\/wp\/v2\/comments?post=9899"}],"wp:featuredmedia":[{"embeddable":true,"href":"https:\/\/safe-taxi-eg.com\/cs\/wp-json\/wp\/v2\/media\/9904"}],"wp:attachment":[{"href":"https:\/\/safe-taxi-eg.com\/cs\/wp-json\/wp\/v2\/media?parent=9899"}],"wp:term":[{"taxonomy":"product_brand","embeddable":true,"href":"https:\/\/safe-taxi-eg.com\/cs\/wp-json\/wp\/v2\/product_brand?post=9899"},{"taxonomy":"product_cat","embeddable":true,"href":"https:\/\/safe-taxi-eg.com\/cs\/wp-json\/wp\/v2\/product_cat?post=9899"},{"taxonomy":"product_tag","embeddable":true,"href":"https:\/\/safe-taxi-eg.com\/cs\/wp-json\/wp\/v2\/product_tag?post=9899"}],"curies":[{"name":"wp","href":"https:\/\/api.w.org\/{rel}","templated":true}]}}