{"id":11079,"date":"2025-10-30T22:57:45","date_gmt":"2025-10-30T22:57:45","guid":{"rendered":"https:\/\/safe-taxi-eg.com\/?post_type=product&#038;p=11079"},"modified":"2025-11-28T14:18:39","modified_gmt":"2025-11-28T14:18:39","slug":"quad-safari-moto-marine","status":"publish","type":"product","link":"https:\/\/safe-taxi-eg.com\/de\/produkt\/quad-safari-moto-marine\/","title":{"rendered":"Quad-Safari &amp; Schildkr\u00f6ten-Schnorchel-Abenteuer"},"content":{"rendered":"<article class=\"text-token-text-primary w-full focus:outline-none [--shadow-height:45px] has-data-writing-block:pointer-events-none has-data-writing-block:-mt-(--shadow-height) has-data-writing-block:pt-(--shadow-height) [&amp;:has([data-writing-block])&gt;*]:pointer-events-auto [content-visibility:auto] supports-[content-visibility:auto]:[contain-intrinsic-size:auto_100lvh] scroll-mt-[calc(var(--header-height)+min(200px,max(70px,20svh)))]\" dir=\"auto\" tabindex=\"-1\" data-turn-id=\"request-6903ce85-4168-8327-bdb0-c493d5e00242-6\" data-testid=\"conversation-turn-44\" data-scroll-anchor=\"true\" data-turn=\"assistant\">\n<div class=\"text-base my-auto mx-auto pb-10 [--thread-content-margin:--spacing(4)] thread-sm:[--thread-content-margin:--spacing(6)] thread-lg:[--thread-content-margin:--spacing(16)] px-(--thread-content-margin)\">\n<div class=\"[--thread-content-max-width:40rem] thread-lg:[--thread-content-max-width:48rem] mx-auto max-w-(--thread-content-max-width) flex-1 group\/turn-messages focus-visible:outline-hidden relative flex w-full min-w-0 flex-col agent-turn\" tabindex=\"-1\">\n<div class=\"flex max-w-full flex-col grow\">\n<div class=\"min-h-8 text-message relative flex w-full flex-col items-end gap-2 text-start break-words whitespace-normal [.text-message+&amp;]:mt-1\" dir=\"auto\" data-message-author-role=\"assistant\" data-message-id=\"ea981f74-34a5-49e5-a874-b0f0da8c4b92\" data-message-model-slug=\"gpt-5\">\n<div class=\"flex w-full flex-col gap-1 empty:hidden first:pt-[1px]\">\n<div class=\"markdown prose dark:prose-invert w-full break-words light markdown-new-styling\">\n<p data-start=\"0\" data-end=\"86\">\ud83c\udfcd\ufe0f\ud83d\udc22 <strong data-start=\"6\" data-end=\"79\">Quad-Safari und Schildkr\u00f6tenbegegnung - ein Abenteuer zwischen W\u00fcste und Meer!<\/strong> \ud83c\udf34\ud83c\udf0a<\/p>\n<p data-start=\"88\" data-end=\"439\">\ud83d\udca6 Machen Sie sich bereit f\u00fcr einen Tag voller <strong data-start=\"125\" data-end=\"171\">Abenteuer, Aufregung und Entspannung pur<\/strong> - wo die goldene W\u00fcste auf das kristallklare Wasser des Roten Meeres trifft!<br data-start=\"238\" data-end=\"241\" \/>Sp\u00fcren Sie den Nervenkitzel, wenn Sie mit dem Quad \u00fcber die schimmernden D\u00fcnen fahren, und tauchen Sie dann in das tiefe Blau ein, um die majest\u00e4tischen Meeresschildkr\u00f6ten von <strong data-start=\"374\" data-end=\"391\">Marsa Mubarak<\/strong> - einer der kultigsten Orte in Marsa Alam! \ud83d\udc22\u2600\ufe0f<\/p>\n<hr data-start=\"441\" data-end=\"444\" \/>\n<p data-start=\"446\" data-end=\"961\">\ud83d\udcdc <strong data-start=\"449\" data-end=\"470\">Das Programm umfasst:<\/strong><br data-start=\"470\" data-end=\"473\" \/>\ud83c\udfce\ufe0f Quadfahren (ATV-Fahrt) f\u00fcr <strong data-start=\"504\" data-end=\"513\">30 km<\/strong> durch die W\u00fcste und entlang der malerischen K\u00fcstenlinie des Roten Meeres.<br data-start=\"572\" data-end=\"575\" \/>\ud83d\udc2a <strong data-start=\"578\" data-end=\"594\" data-is-only-node=\"\">Kamelreiten<\/strong> in einer authentischen Beduinen-Atmosph\u00e4re.<br data-start=\"630\" data-end=\"633\" \/>\ud83e\udd3f <strong data-start=\"636\" data-end=\"676\">Schnorcheln und Schwimmen mit Schildkr\u00f6ten<\/strong> in der sch\u00f6nen <strong data-start=\"694\" data-end=\"715\">Marsa Mubarak Bucht<\/strong>.<br data-start=\"716\" data-end=\"719\" \/>\ud83c\udf55\ud83e\udd57 <strong data-start=\"724\" data-end=\"751\">Leckeres Mittagessen am Meer<\/strong> mit Pizza, frischen Salaten und erfrischenden Getr\u00e4nken.<br data-start=\"805\" data-end=\"808\" \/>\ud83e\ude71 <strong data-start=\"811\" data-end=\"835\">Schnorchelausr\u00fcstung<\/strong> f\u00fcr die gesamte Reise zur Verf\u00fcgung gestellt.<br data-start=\"865\" data-end=\"868\" \/>\ud83d\ude90 R\u00fccktransfer zu Ihrem Hotel - der perfekte Abschluss f\u00fcr einen Tag voller Abenteuer und Gelassenheit.<\/p>\n<hr data-start=\"963\" data-end=\"966\" \/>\n<p data-start=\"968\" data-end=\"1149\" data-is-last-node=\"\" data-is-only-node=\"\">\ud83d\udca7 <strong data-start=\"971\" data-end=\"984\">Enth\u00e4lt:<\/strong> Schnorchelausr\u00fcstung + Mittagessen + Mineralwasser<br data-start=\"1029\" data-end=\"1032\" \/>\ud83d\udcc5 <strong data-start=\"1035\" data-end=\"1054\">T\u00e4glich verf\u00fcgbar<\/strong> - Keine Mindestteilnehmerzahl erforderlich<br data-start=\"1099\" data-end=\"1102\" \/>\ud83d\udccd <strong data-start=\"1105\" data-end=\"1118\">Standort:<\/strong> Marsa Mubarak-Bucht - Marsa Alam<\/p>\n<\/div>\n<\/div>\n<\/div>\n<\/div>\n<div class=\"z-0 flex min-h-[46px] justify-start\">\ud83e\udd11 <strong data-start=\"55\" data-end=\"74\">Exkursion Preis<\/strong><br data-start=\"74\" data-end=\"77\" \/>\ud83d\ude4e\ud83c\udffb\u200d\u2642\ufe0f <strong data-start=\"85\" data-end=\"106\">16 Jahre und \u00e4lter:<\/strong> \u20ac 35<br data-start=\"110\" data-end=\"113\" \/>\ud83e\uddcd\ud83c\udffb\u200d\u2640\ufe0f <strong data-start=\"121\" data-end=\"153\">6-15 Jahre (nur Beifahrer):<\/strong> \u20ac 20<br data-start=\"157\" data-end=\"160\" \/>\ud83d\udc7c\ud83c\udffc <strong data-start=\"165\" data-end=\"183\">Unter 6 Jahren:<\/strong> \ud83d\udeab Nicht erlaubt<\/div>\n<\/div>\n<\/div>\n<\/article>\n<div class=\"pointer-events-none h-px w-px\" aria-hidden=\"true\" data-edge=\"true\">\n<h3 data-start=\"2198\" data-end=\"2225\"><strong data-start=\"2205\" data-end=\"2223\">Die Zahlung in USD ($ \ud83c\uddfa\ud83c\uddf8) anstelle von EUR (\ud83c\uddea\ud83c\uddfa) ist je nach Tageskurs der Bank m\u00f6glich.<\/strong><\/h3>\n<\/div>","protected":false},"excerpt":{"rendered":"<p>\ud83c\udfcd\ufe0f\ud83d\udc22 Quad Safari &amp; Turtle Encounter \u2013 An Adventure Between Desert and Sea! \ud83c\udf34\ud83c\udf0a \ud83d\udca6 Get ready for a day bursting with adventure, excitement, and pure relaxation \u2014 where the golden desert meets the crystal waters of the Red Sea!Feel the thrill as you ride your quad bike across shimmering dunes, then dive into the [&hellip;]<\/p>","protected":false},"featured_media":11082,"comment_status":"open","ping_status":"closed","template":"","meta":{"_monsterinsights_skip_tracking":false,"_monsterinsights_sitenote_active":false,"_monsterinsights_sitenote_note":"","_monsterinsights_sitenote_category":0},"product_brand":[],"product_cat":[66],"product_tag":[],"class_list":{"0":"post-11079","1":"product","2":"type-product","3":"status-publish","4":"has-post-thumbnail","6":"product_cat-marsa-alam","8":"first","9":"instock","10":"shipping-taxable","11":"purchasable","12":"product-type-ovabrw_car_rental"},"aioseo_notices":[],"_links":{"self":[{"href":"https:\/\/safe-taxi-eg.com\/de\/wp-json\/wp\/v2\/product\/11079","targetHints":{"allow":["GET"]}}],"collection":[{"href":"https:\/\/safe-taxi-eg.com\/de\/wp-json\/wp\/v2\/product"}],"about":[{"href":"https:\/\/safe-taxi-eg.com\/de\/wp-json\/wp\/v2\/types\/product"}],"replies":[{"embeddable":true,"href":"https:\/\/safe-taxi-eg.com\/de\/wp-json\/wp\/v2\/comments?post=11079"}],"wp:featuredmedia":[{"embeddable":true,"href":"https:\/\/safe-taxi-eg.com\/de\/wp-json\/wp\/v2\/media\/11082"}],"wp:attachment":[{"href":"https:\/\/safe-taxi-eg.com\/de\/wp-json\/wp\/v2\/media?parent=11079"}],"wp:term":[{"taxonomy":"product_brand","embeddable":true,"href":"https:\/\/safe-taxi-eg.com\/de\/wp-json\/wp\/v2\/product_brand?post=11079"},{"taxonomy":"product_cat","embeddable":true,"href":"https:\/\/safe-taxi-eg.com\/de\/wp-json\/wp\/v2\/product_cat?post=11079"},{"taxonomy":"product_tag","embeddable":true,"href":"https:\/\/safe-taxi-eg.com\/de\/wp-json\/wp\/v2\/product_tag?post=11079"}],"curies":[{"name":"wp","href":"https:\/\/api.w.org\/{rel}","templated":true}]}}