{"id":10422,"date":"2025-09-09T20:53:54","date_gmt":"2025-09-09T20:53:54","guid":{"rendered":"https:\/\/safe-taxi-eg.com\/?page_id=10422"},"modified":"2025-11-05T23:05:36","modified_gmt":"2025-11-05T23:05:36","slug":"safari","status":"publish","type":"page","link":"https:\/\/safe-taxi-eg.com\/fr\/safari\/","title":{"rendered":"Safari"},"content":{"rendered":"<div data-elementor-type=\"wp-page\" data-elementor-id=\"10422\" class=\"elementor elementor-10422\" data-elementor-post-type=\"page\">\n\t\t\t\t\t\t<section class=\"elementor-section elementor-top-section elementor-element elementor-element-75b4523 elementor-section-boxed elementor-section-height-default elementor-section-height-default\" data-id=\"75b4523\" data-element_type=\"section\" data-settings=\"{&quot;background_background&quot;:&quot;classic&quot;,&quot;ekit_has_onepagescroll_dot&quot;:&quot;yes&quot;}\">\n\t\t\t\t\t\t<div class=\"elementor-container elementor-column-gap-default\">\n\t\t\t\t\t<div class=\"elementor-column elementor-col-100 elementor-top-column elementor-element elementor-element-b453f89\" data-id=\"b453f89\" data-element_type=\"column\" data-settings=\"{&quot;background_background&quot;:&quot;gradient&quot;}\">\n\t\t\t<div class=\"elementor-widget-wrap elementor-element-populated\">\n\t\t\t\t\t\t<div class=\"elementor-element elementor-element-ef40385 elementor-widget elementor-widget-elementskit-motion-text\" data-id=\"ef40385\" data-element_type=\"widget\" data-settings=\"{&quot;ekit_we_effect_on&quot;:&quot;none&quot;}\" data-widget_type=\"elementskit-motion-text.default\">\n\t\t\t\t<div class=\"elementor-widget-container\">\n\t\t\t\t\t<div class=\"ekit-wid-con\" >\t\t<div class=\"elementskit_motion_text_wraper\">\n\t\t\t\t\t\t<div class=\"ekit_motion_text_inner_wraper\" >\n\t\t\t<h2 class=\"ekit_motion_text_title ekit_animation ekit_char_based ekit_char_based\" data-ekit-animation-delay-s=\"10\" data-animate-class=\"ekit-oaoRotateXIn\"><span class=\"ekit_motion_text\" data-ekit-animation-delay=\"10\">Safari Tours<\/span>\t\t\t\t<\/h2>\t\t\t\t\t\t\t\t\t<\/div>\n\t\t<\/div>\n\n\t\t<\/div>\t\t\t\t<\/div>\n\t\t\t\t<\/div>\n\t\t\t\t<div class=\"elementor-element elementor-element-3aa0c6c elementor-widget elementor-widget-ovabrw_product_list\" data-id=\"3aa0c6c\" data-element_type=\"widget\" data-settings=\"{&quot;ekit_we_effect_on&quot;:&quot;none&quot;}\" data-widget_type=\"ovabrw_product_list.default\">\n\t\t\t\t<div class=\"elementor-widget-container\">\n\t\t\t\t\t\n\t\t\t\t\t<div class=\"ova-product-list ova-product-list-template1 column3\">\n\t\t\t\t\t\t\t\t\t\n<div class=\"ova-product product type-product post-10131 status-publish first instock product_cat-safari has-post-thumbnail shipping-taxable purchasable product-type-ovabrw_car_rental\">\n\t\n<div class=\"ova_head_product\">\n\t\t\t\t\t<a href=\"https:\/\/safe-taxi-eg.com\/fr\/produit\/super-safari-trip\/\" class=\"ova-product-thumbnail\">\n\t\t\t<img fetchpriority=\"high\" decoding=\"async\" width=\"636\" height=\"426\" src=\"https:\/\/safe-taxi-eg.com\/wp-content\/uploads\/2025\/09\/c7-636x426.jpg\" class=\"attachment-tripgo_product_slider size-tripgo_product_slider\" alt=\"Super Safari: Quads, Bedouin Life &amp; Sunset\" srcset=\"https:\/\/safe-taxi-eg.com\/wp-content\/uploads\/2025\/09\/c7-636x426.jpg 636w, https:\/\/safe-taxi-eg.com\/wp-content\/uploads\/2025\/09\/c7-300x200.jpg 300w, https:\/\/safe-taxi-eg.com\/wp-content\/uploads\/2025\/09\/c7-416x280.jpg 416w\" sizes=\"(max-width: 636px) 100vw, 636px\" \/>\t\t<\/a>\n\t<\/div>\n<div class=\"ova_foot_product\">\n\t<div class=\"ova-product-day-title-location\">\n\t\t\t\t<h2 class=\"ova-product-title\">\n\t\t\t<a href=\"https:\/\/safe-taxi-eg.com\/fr\/produit\/super-safari-trip\/\">\n\t\t        Super Safari : Quads, vie b\u00e9douine et coucher de soleil\t\t    <\/a>\n\t\t<\/h2>\n\t\t\t<\/div>\n    <div class=\"ova-product-review-and-price\">\n    \t\t\t<div class=\"ova-product-wrapper-price\">\n\t\t\t<div class=\"ova-product-price\">\n\t\t\t\t\t\t\t\t\t<span class=\"new-product-price\"><span class=\"woocommerce-Price-amount amount\"><bdi><span class=\"woocommerce-Price-currencySymbol\">\u20ac<\/span>30.00<\/bdi><\/span><\/span>\n\t\t\t    \t\t\t<\/div>\n\t\t\t<a href=\"https:\/\/safe-taxi-eg.com\/fr\/produit\/super-safari-trip\/\" class=\"btn product-btn-book-now\">\n\t\t\t\t<span>Explorer<\/span>\n\t\t\t<\/a>\n\t\t<\/div>\n    <\/div>\n<\/div><\/div>\t\t\t\t\t\t\t\t\t\n<div class=\"ova-product product type-product post-10139 status-publish instock product_cat-safari has-post-thumbnail shipping-taxable purchasable product-type-ovabrw_car_rental\">\n\t\n<div class=\"ova_head_product\">\n\t\t\t\t\t<a href=\"https:\/\/safe-taxi-eg.com\/fr\/produit\/mini-safari-trip\/\" class=\"ova-product-thumbnail\">\n\t\t\t<img decoding=\"async\" width=\"636\" height=\"426\" src=\"https:\/\/safe-taxi-eg.com\/wp-content\/uploads\/2025\/09\/Mini-Safari-Hurghada-Dream-1-870x555-1-636x426.jpg\" class=\"attachment-tripgo_product_slider size-tripgo_product_slider\" alt=\"Mini Super Safari: Quads, Camels &amp; Desert Magic\" srcset=\"https:\/\/safe-taxi-eg.com\/wp-content\/uploads\/2025\/09\/Mini-Safari-Hurghada-Dream-1-870x555-1-636x426.jpg 636w, https:\/\/safe-taxi-eg.com\/wp-content\/uploads\/2025\/09\/Mini-Safari-Hurghada-Dream-1-870x555-1-416x280.jpg 416w\" sizes=\"(max-width: 636px) 100vw, 636px\" \/>\t\t<\/a>\n\t<\/div>\n<div class=\"ova_foot_product\">\n\t<div class=\"ova-product-day-title-location\">\n\t\t\t\t<h2 class=\"ova-product-title\">\n\t\t\t<a href=\"https:\/\/safe-taxi-eg.com\/fr\/produit\/mini-safari-trip\/\">\n\t\t        Mini Super Safari : Quads, chameaux et magie du d\u00e9sert\t\t    <\/a>\n\t\t<\/h2>\n\t\t\t<\/div>\n    <div class=\"ova-product-review-and-price\">\n    \t\t\t<div class=\"ova-product-wrapper-price\">\n\t\t\t<div class=\"ova-product-price\">\n\t\t\t\t\t\t\t\t\t<span class=\"new-product-price\"><span class=\"woocommerce-Price-amount amount\"><bdi><span class=\"woocommerce-Price-currencySymbol\">\u20ac<\/span>25.00<\/bdi><\/span><\/span>\n\t\t\t    \t\t\t<\/div>\n\t\t\t<a href=\"https:\/\/safe-taxi-eg.com\/fr\/produit\/mini-safari-trip\/\" class=\"btn product-btn-book-now\">\n\t\t\t\t<span>Explorer<\/span>\n\t\t\t<\/a>\n\t\t<\/div>\n    <\/div>\n<\/div><\/div>\t\t\t\t\t\t\t\t\t\n<div class=\"ova-product product type-product post-10146 status-publish instock product_cat-safari has-post-thumbnail shipping-taxable purchasable product-type-ovabrw_car_rental\">\n\t\n<div class=\"ova_head_product\">\n\t\t\t\t\t<a href=\"https:\/\/safe-taxi-eg.com\/fr\/produit\/mini-safari-sunset-trip\/\" class=\"ova-product-thumbnail\">\n\t\t\t<img decoding=\"async\" width=\"636\" height=\"426\" src=\"https:\/\/safe-taxi-eg.com\/wp-content\/uploads\/2025\/09\/2-7-636x426.jpg\" class=\"attachment-tripgo_product_slider size-tripgo_product_slider\" alt=\"Sunset Quad Safari: Desert Ride &amp; Bedouin Night\" srcset=\"https:\/\/safe-taxi-eg.com\/wp-content\/uploads\/2025\/09\/2-7-636x426.jpg 636w, https:\/\/safe-taxi-eg.com\/wp-content\/uploads\/2025\/09\/2-7-416x280.jpg 416w\" sizes=\"(max-width: 636px) 100vw, 636px\" \/>\t\t<\/a>\n\t<\/div>\n<div class=\"ova_foot_product\">\n\t<div class=\"ova-product-day-title-location\">\n\t\t\t\t<h2 class=\"ova-product-title\">\n\t\t\t<a href=\"https:\/\/safe-taxi-eg.com\/fr\/produit\/mini-safari-sunset-trip\/\">\n\t\t        Safari en quad au coucher du soleil : Randonn\u00e9e dans le d\u00e9sert et nuit b\u00e9douine\t\t    <\/a>\n\t\t<\/h2>\n\t\t\t<\/div>\n    <div class=\"ova-product-review-and-price\">\n    \t\t\t<div class=\"ova-product-wrapper-price\">\n\t\t\t<div class=\"ova-product-price\">\n\t\t\t\t\t\t\t\t\t<span class=\"new-product-price\"><span class=\"woocommerce-Price-amount amount\"><bdi><span class=\"woocommerce-Price-currencySymbol\">\u20ac<\/span>27.00<\/bdi><\/span><\/span>\n\t\t\t    \t\t\t<\/div>\n\t\t\t<a href=\"https:\/\/safe-taxi-eg.com\/fr\/produit\/mini-safari-sunset-trip\/\" class=\"btn product-btn-book-now\">\n\t\t\t\t<span>Explorer<\/span>\n\t\t\t<\/a>\n\t\t<\/div>\n    <\/div>\n<\/div><\/div>\t\t\t\t\t\t\t\t\t\n<div class=\"ova-product product type-product post-10152 status-publish last instock product_cat-safari has-post-thumbnail shipping-taxable purchasable product-type-ovabrw_car_rental\">\n\t\n<div class=\"ova_head_product\">\n\t\t\t\t\t<a href=\"https:\/\/safe-taxi-eg.com\/fr\/produit\/moto-cross-trip\/\" class=\"ova-product-thumbnail\">\n\t\t\t<img loading=\"lazy\" decoding=\"async\" width=\"636\" height=\"426\" src=\"https:\/\/safe-taxi-eg.com\/wp-content\/uploads\/2025\/09\/3-7-636x426.jpg\" class=\"attachment-tripgo_product_slider size-tripgo_product_slider\" alt=\"Motocross Desert Ride: Speed, Sand &amp; Adrenaline\" srcset=\"https:\/\/safe-taxi-eg.com\/wp-content\/uploads\/2025\/09\/3-7-636x426.jpg 636w, https:\/\/safe-taxi-eg.com\/wp-content\/uploads\/2025\/09\/3-7-416x280.jpg 416w\" sizes=\"(max-width: 636px) 100vw, 636px\" \/>\t\t<\/a>\n\t<\/div>\n<div class=\"ova_foot_product\">\n\t<div class=\"ova-product-day-title-location\">\n\t\t\t\t<h2 class=\"ova-product-title\">\n\t\t\t<a href=\"https:\/\/safe-taxi-eg.com\/fr\/produit\/moto-cross-trip\/\">\n\t\t        Motocross Desert Ride : Vitesse, sable et adr\u00e9naline\t\t    <\/a>\n\t\t<\/h2>\n\t\t\t<\/div>\n    <div class=\"ova-product-review-and-price\">\n    \t\t\t<div class=\"ova-product-wrapper-price\">\n\t\t\t<div class=\"ova-product-price\">\n\t\t\t\t\t\t\t\t\t<span class=\"new-product-price\"><span class=\"woocommerce-Price-amount amount\"><bdi><span class=\"woocommerce-Price-currencySymbol\">\u20ac<\/span>90.00<\/bdi><\/span><\/span>\n\t\t\t    \t\t\t<\/div>\n\t\t\t<a href=\"https:\/\/safe-taxi-eg.com\/fr\/produit\/moto-cross-trip\/\" class=\"btn product-btn-book-now\">\n\t\t\t\t<span>Explorer<\/span>\n\t\t\t<\/a>\n\t\t<\/div>\n    <\/div>\n<\/div><\/div>\t\t\t\t\t\t\t\t\t\n<div class=\"ova-product product type-product post-10161 status-publish first instock product_cat-safari has-post-thumbnail shipping-taxable purchasable product-type-ovabrw_car_rental\">\n\t\n<div class=\"ova_head_product\">\n\t\t\t\t\t<a href=\"https:\/\/safe-taxi-eg.com\/fr\/produit\/horse-sunrise-trip\/\" class=\"ova-product-thumbnail\">\n\t\t\t<img loading=\"lazy\" decoding=\"async\" width=\"612\" height=\"408\" src=\"https:\/\/safe-taxi-eg.com\/wp-content\/uploads\/2025\/09\/istockphoto-1170237388-612x612-1.jpg\" class=\"attachment-tripgo_product_slider size-tripgo_product_slider\" alt=\"Sunrise Horse Ride: Desert &amp; Beach Magic\" srcset=\"https:\/\/safe-taxi-eg.com\/wp-content\/uploads\/2025\/09\/istockphoto-1170237388-612x612-1.jpg 612w, https:\/\/safe-taxi-eg.com\/wp-content\/uploads\/2025\/09\/istockphoto-1170237388-612x612-1-300x200.jpg 300w, https:\/\/safe-taxi-eg.com\/wp-content\/uploads\/2025\/09\/istockphoto-1170237388-612x612-1-600x400.jpg 600w\" sizes=\"(max-width: 612px) 100vw, 612px\" \/>\t\t<\/a>\n\t<\/div>\n<div class=\"ova_foot_product\">\n\t<div class=\"ova-product-day-title-location\">\n\t\t\t\t<h2 class=\"ova-product-title\">\n\t\t\t<a href=\"https:\/\/safe-taxi-eg.com\/fr\/produit\/horse-sunrise-trip\/\">\n\t\t        Promenade \u00e0 cheval au lever du soleil : magie du d\u00e9sert et de la plage\t\t    <\/a>\n\t\t<\/h2>\n\t\t\t<\/div>\n    <div class=\"ova-product-review-and-price\">\n    \t\t\t<div class=\"ova-product-wrapper-price\">\n\t\t\t<div class=\"ova-product-price\">\n\t\t\t\t\t\t\t\t\t<span class=\"new-product-price\"><span class=\"woocommerce-Price-amount amount\"><bdi><span class=\"woocommerce-Price-currencySymbol\">\u20ac<\/span>32.00<\/bdi><\/span><\/span>\n\t\t\t    \t\t\t<\/div>\n\t\t\t<a href=\"https:\/\/safe-taxi-eg.com\/fr\/produit\/horse-sunrise-trip\/\" class=\"btn product-btn-book-now\">\n\t\t\t\t<span>Explorer<\/span>\n\t\t\t<\/a>\n\t\t<\/div>\n    <\/div>\n<\/div><\/div>\t\t\t\t\t\t\t\t\t\n<div class=\"ova-product product type-product post-10169 status-publish instock product_cat-safari has-post-thumbnail shipping-taxable purchasable product-type-ovabrw_car_rental\">\n\t\n<div class=\"ova_head_product\">\n\t\t\t\t\t<a href=\"https:\/\/safe-taxi-eg.com\/fr\/produit\/horse-show-trip\/\" class=\"ova-product-thumbnail\">\n\t\t\t<img loading=\"lazy\" decoding=\"async\" width=\"636\" height=\"426\" src=\"https:\/\/safe-taxi-eg.com\/wp-content\/uploads\/2025\/09\/lazar1-636x426.jpg\" class=\"attachment-tripgo_product_slider size-tripgo_product_slider\" alt=\"Horse Show Night: Culture, Art &amp; Live Performance\" srcset=\"https:\/\/safe-taxi-eg.com\/wp-content\/uploads\/2025\/09\/lazar1-636x426.jpg 636w, https:\/\/safe-taxi-eg.com\/wp-content\/uploads\/2025\/09\/lazar1-416x280.jpg 416w\" sizes=\"(max-width: 636px) 100vw, 636px\" \/>\t\t<\/a>\n\t<\/div>\n<div class=\"ova_foot_product\">\n\t<div class=\"ova-product-day-title-location\">\n\t\t\t\t<h2 class=\"ova-product-title\">\n\t\t\t<a href=\"https:\/\/safe-taxi-eg.com\/fr\/produit\/horse-show-trip\/\">\n\t\t        Nuit du concours hippique : Culture, art et spectacle vivant\t\t    <\/a>\n\t\t<\/h2>\n\t\t\t<\/div>\n    <div class=\"ova-product-review-and-price\">\n    \t\t\t<div class=\"ova-product-wrapper-price\">\n\t\t\t<div class=\"ova-product-price\">\n\t\t\t\t\t\t\t\t\t<span class=\"new-product-price\"><span class=\"woocommerce-Price-amount amount\"><bdi><span class=\"woocommerce-Price-currencySymbol\">\u20ac<\/span>20.00<\/bdi><\/span><\/span>\n\t\t\t    \t\t\t<\/div>\n\t\t\t<a href=\"https:\/\/safe-taxi-eg.com\/fr\/produit\/horse-show-trip\/\" class=\"btn product-btn-book-now\">\n\t\t\t\t<span>Explorer<\/span>\n\t\t\t<\/a>\n\t\t<\/div>\n    <\/div>\n<\/div><\/div>\t\t\t\t\t\t\t\t\t\n<div class=\"ova-product product type-product post-10175 status-publish instock product_cat-safari has-post-thumbnail shipping-taxable purchasable product-type-ovabrw_car_rental\">\n\t\n<div class=\"ova_head_product\">\n\t\t\t\t\t<a href=\"https:\/\/safe-taxi-eg.com\/fr\/produit\/carriage-ride-trip\/\" class=\"ova-product-thumbnail\">\n\t\t\t<img loading=\"lazy\" decoding=\"async\" width=\"636\" height=\"426\" src=\"https:\/\/safe-taxi-eg.com\/wp-content\/uploads\/2025\/09\/8c-636x426.jpg\" class=\"attachment-tripgo_product_slider size-tripgo_product_slider\" alt=\"Carriage Ride Night: Romance, Dinner &amp; Live Shows\" srcset=\"https:\/\/safe-taxi-eg.com\/wp-content\/uploads\/2025\/09\/8c-636x426.jpg 636w, https:\/\/safe-taxi-eg.com\/wp-content\/uploads\/2025\/09\/8c-300x200.jpg 300w, https:\/\/safe-taxi-eg.com\/wp-content\/uploads\/2025\/09\/8c-416x280.jpg 416w\" sizes=\"(max-width: 636px) 100vw, 636px\" \/>\t\t<\/a>\n\t<\/div>\n<div class=\"ova_foot_product\">\n\t<div class=\"ova-product-day-title-location\">\n\t\t\t\t<h2 class=\"ova-product-title\">\n\t\t\t<a href=\"https:\/\/safe-taxi-eg.com\/fr\/produit\/carriage-ride-trip\/\">\n\t\t        Nuit en cal\u00e8che : Romance, d\u00eener et spectacles\t\t    <\/a>\n\t\t<\/h2>\n\t\t\t<\/div>\n    <div class=\"ova-product-review-and-price\">\n    \t\t\t<div class=\"ova-product-wrapper-price\">\n\t\t\t<div class=\"ova-product-price\">\n\t\t\t\t\t\t\t\t\t<span class=\"new-product-price\"><span class=\"woocommerce-Price-amount amount\"><bdi><span class=\"woocommerce-Price-currencySymbol\">\u20ac<\/span>40.00<\/bdi><\/span><\/span>\n\t\t\t    \t\t\t<\/div>\n\t\t\t<a href=\"https:\/\/safe-taxi-eg.com\/fr\/produit\/carriage-ride-trip\/\" class=\"btn product-btn-book-now\">\n\t\t\t\t<span>Explorer<\/span>\n\t\t\t<\/a>\n\t\t<\/div>\n    <\/div>\n<\/div><\/div>\t\t\t\t\t\t\t\t\t\n<div class=\"ova-product product type-product post-10182 status-publish last instock product_cat-safari has-post-thumbnail shipping-taxable purchasable product-type-ovabrw_car_rental\">\n\t\n<div class=\"ova_head_product\">\n\t\t\t\t\t<a href=\"https:\/\/safe-taxi-eg.com\/fr\/produit\/buggy-2-h-trip\/\" class=\"ova-product-thumbnail\">\n\t\t\t<img loading=\"lazy\" decoding=\"async\" width=\"636\" height=\"426\" src=\"https:\/\/safe-taxi-eg.com\/wp-content\/uploads\/2025\/09\/c9-636x426.jpg\" class=\"attachment-tripgo_product_slider size-tripgo_product_slider\" alt=\"Buggy Double Adventure: Desert Fun &amp; Bedouins\" srcset=\"https:\/\/safe-taxi-eg.com\/wp-content\/uploads\/2025\/09\/c9-636x426.jpg 636w, https:\/\/safe-taxi-eg.com\/wp-content\/uploads\/2025\/09\/c9-300x200.jpg 300w, https:\/\/safe-taxi-eg.com\/wp-content\/uploads\/2025\/09\/c9-416x280.jpg 416w\" sizes=\"(max-width: 636px) 100vw, 636px\" \/>\t\t<\/a>\n\t<\/div>\n<div class=\"ova_foot_product\">\n\t<div class=\"ova-product-day-title-location\">\n\t\t\t\t<h2 class=\"ova-product-title\">\n\t\t\t<a href=\"https:\/\/safe-taxi-eg.com\/fr\/produit\/buggy-2-h-trip\/\">\n\t\t        Buggy Double Adventure : Plaisirs du d\u00e9sert et B\u00e9douins\t\t    <\/a>\n\t\t<\/h2>\n\t\t\t<\/div>\n    <div class=\"ova-product-review-and-price\">\n    \t\t\t<div class=\"ova-product-wrapper-price\">\n\t\t\t<div class=\"ova-product-price\">\n\t\t\t\t\t\t\t\t\t<span class=\"new-product-price\"><span class=\"woocommerce-Price-amount amount\"><bdi><span class=\"woocommerce-Price-currencySymbol\">\u20ac<\/span>95.00<\/bdi><\/span><\/span>\n\t\t\t    \t\t\t<\/div>\n\t\t\t<a href=\"https:\/\/safe-taxi-eg.com\/fr\/produit\/buggy-2-h-trip\/\" class=\"btn product-btn-book-now\">\n\t\t\t\t<span>Explorer<\/span>\n\t\t\t<\/a>\n\t\t<\/div>\n    <\/div>\n<\/div><\/div>\t\t\t\t\t\t\t\t\t\n<div class=\"ova-product product type-product post-10189 status-publish first instock product_cat-safari has-post-thumbnail shipping-taxable purchasable product-type-ovabrw_car_rental\">\n\t\n<div class=\"ova_head_product\">\n\t\t\t\t\t<a href=\"https:\/\/safe-taxi-eg.com\/fr\/produit\/buggy-family-trip\/\" class=\"ova-product-thumbnail\">\n\t\t\t<img loading=\"lazy\" decoding=\"async\" width=\"636\" height=\"426\" src=\"https:\/\/safe-taxi-eg.com\/wp-content\/uploads\/2025\/09\/c0-1-636x426.jpg\" class=\"attachment-tripgo_product_slider size-tripgo_product_slider\" alt=\"Family Buggy Desert Adventure \u2013 Fun, Culture &amp; Memories\" srcset=\"https:\/\/safe-taxi-eg.com\/wp-content\/uploads\/2025\/09\/c0-1-636x426.jpg 636w, https:\/\/safe-taxi-eg.com\/wp-content\/uploads\/2025\/09\/c0-1-300x200.jpg 300w, https:\/\/safe-taxi-eg.com\/wp-content\/uploads\/2025\/09\/c0-1-416x280.jpg 416w\" sizes=\"(max-width: 636px) 100vw, 636px\" \/>\t\t<\/a>\n\t<\/div>\n<div class=\"ova_foot_product\">\n\t<div class=\"ova-product-day-title-location\">\n\t\t\t\t<h2 class=\"ova-product-title\">\n\t\t\t<a href=\"https:\/\/safe-taxi-eg.com\/fr\/produit\/buggy-family-trip\/\">\n\t\t        Aventure familiale en buggy dans le d\u00e9sert - Plaisir, culture et souvenirs\t\t    <\/a>\n\t\t<\/h2>\n\t\t\t<\/div>\n    <div class=\"ova-product-review-and-price\">\n    \t\t\t<div class=\"ova-product-wrapper-price\">\n\t\t\t<div class=\"ova-product-price\">\n\t\t\t\t\t\t\t\t\t<span class=\"new-product-price\"><span class=\"woocommerce-Price-amount amount\"><bdi><span class=\"woocommerce-Price-currencySymbol\">\u20ac<\/span>140.00<\/bdi><\/span><\/span>\n\t\t\t    \t\t\t<\/div>\n\t\t\t<a href=\"https:\/\/safe-taxi-eg.com\/fr\/produit\/buggy-family-trip\/\" class=\"btn product-btn-book-now\">\n\t\t\t\t<span>Explorer<\/span>\n\t\t\t<\/a>\n\t\t<\/div>\n    <\/div>\n<\/div><\/div>\t\t\t\t\t\t\t\t\t\n<div class=\"ova-product product type-product post-10196 status-publish instock product_cat-safari has-post-thumbnail shipping-taxable purchasable product-type-ovabrw_car_rental\">\n\t\n<div class=\"ova_head_product\">\n\t\t\t\t\t<a href=\"https:\/\/safe-taxi-eg.com\/fr\/produit\/desert-sky-trip\/\" class=\"ova-product-thumbnail\">\n\t\t\t<img loading=\"lazy\" decoding=\"async\" width=\"636\" height=\"300\" src=\"https:\/\/safe-taxi-eg.com\/wp-content\/uploads\/2025\/09\/stargazing-in-the-dubai-desert-01-636x300.webp\" class=\"attachment-tripgo_product_slider size-tripgo_product_slider\" alt=\"Desert &amp; Sky: Sunset, Stars &amp; Bedouin Night\" \/>\t\t<\/a>\n\t<\/div>\n<div class=\"ova_foot_product\">\n\t<div class=\"ova-product-day-title-location\">\n\t\t\t\t<h2 class=\"ova-product-title\">\n\t\t\t<a href=\"https:\/\/safe-taxi-eg.com\/fr\/produit\/desert-sky-trip\/\">\n\t\t        D\u00e9sert et ciel : coucher de soleil, \u00e9toiles et nuit b\u00e9douine\t\t    <\/a>\n\t\t<\/h2>\n\t\t\t<\/div>\n    <div class=\"ova-product-review-and-price\">\n    \t\t\t<div class=\"ova-product-wrapper-price\">\n\t\t\t<div class=\"ova-product-price\">\n\t\t\t\t\t\t\t\t\t<span class=\"new-product-price\"><span class=\"woocommerce-Price-amount amount\"><bdi><span class=\"woocommerce-Price-currencySymbol\">\u20ac<\/span>45.00<\/bdi><\/span><\/span>\n\t\t\t    \t\t\t<\/div>\n\t\t\t<a href=\"https:\/\/safe-taxi-eg.com\/fr\/produit\/desert-sky-trip\/\" class=\"btn product-btn-book-now\">\n\t\t\t\t<span>Explorer<\/span>\n\t\t\t<\/a>\n\t\t<\/div>\n    <\/div>\n<\/div><\/div>\t\t\t\t\t\t\t\t\t\n<div class=\"ova-product product type-product post-10204 status-publish instock product_cat-safari has-post-thumbnail shipping-taxable purchasable product-type-ovabrw_car_rental\">\n\t\n<div class=\"ova_head_product\">\n\t\t\t\t\t<a href=\"https:\/\/safe-taxi-eg.com\/fr\/produit\/10204\/\" class=\"ova-product-thumbnail\">\n\t\t\t<img loading=\"lazy\" decoding=\"async\" width=\"636\" height=\"426\" src=\"https:\/\/safe-taxi-eg.com\/wp-content\/uploads\/2025\/09\/671e6c7ed87de-636x426.jpg\" class=\"attachment-tripgo_product_slider size-tripgo_product_slider\" alt=\"Sunrise Quad Tour: Desert Ride &amp; Golden Views\" srcset=\"https:\/\/safe-taxi-eg.com\/wp-content\/uploads\/2025\/09\/671e6c7ed87de-636x426.jpg 636w, https:\/\/safe-taxi-eg.com\/wp-content\/uploads\/2025\/09\/671e6c7ed87de-300x200.jpg 300w, https:\/\/safe-taxi-eg.com\/wp-content\/uploads\/2025\/09\/671e6c7ed87de-416x280.jpg 416w\" sizes=\"(max-width: 636px) 100vw, 636px\" \/>\t\t<\/a>\n\t<\/div>\n<div class=\"ova_foot_product\">\n\t<div class=\"ova-product-day-title-location\">\n\t\t\t\t<h2 class=\"ova-product-title\">\n\t\t\t<a href=\"https:\/\/safe-taxi-eg.com\/fr\/produit\/10204\/\">\n\t\t        Excursion en quad au lever du soleil : Randonn\u00e9e dans le d\u00e9sert et vue sur l'or\t\t    <\/a>\n\t\t<\/h2>\n\t\t\t<\/div>\n    <div class=\"ova-product-review-and-price\">\n    \t\t\t<div class=\"ova-product-wrapper-price\">\n\t\t\t<div class=\"ova-product-price\">\n\t\t\t\t\t\t\t\t\t<span class=\"new-product-price\"><span class=\"woocommerce-Price-amount amount\"><bdi><span class=\"woocommerce-Price-currencySymbol\">\u20ac<\/span>32.00<\/bdi><\/span><\/span>\n\t\t\t    \t\t\t<\/div>\n\t\t\t<a href=\"https:\/\/safe-taxi-eg.com\/fr\/produit\/10204\/\" class=\"btn product-btn-book-now\">\n\t\t\t\t<span>Explorer<\/span>\n\t\t\t<\/a>\n\t\t<\/div>\n    <\/div>\n<\/div><\/div>\t\t\t\t\t\t\t<\/div>\n\n\t\t\n\t\t\t\t\t\t<\/div>\n\t\t\t\t<\/div>\n\t\t\t\t\t<\/div>\n\t\t<\/div>\n\t\t\t\t\t<\/div>\n\t\t<\/section>\n\t\t\t\t<\/div>","protected":false},"excerpt":{"rendered":"<p>Safari Tours Super Safari trip &euro;30.00 Explore Mini Safari trip &euro;25.00 Explore Mini Safari Sunset trip &euro;27.00 Explore Moto Cross trip &euro;90.00 Explore Horse Sunrise trip &euro;32.00 Explore Horse Show trip &euro;20.00 Explore carriage ride trip &euro;40.00 Explore Buggy Double trip &euro;95.00 Explore Buggy family trip &euro;140.00 Explore desert &#038; sky trip &euro;45.00 Explore Sunrise [&hellip;]<\/p>","protected":false},"author":1,"featured_media":0,"parent":0,"menu_order":0,"comment_status":"closed","ping_status":"closed","template":"elementor_header_footer","meta":{"_monsterinsights_skip_tracking":false,"_monsterinsights_sitenote_active":false,"_monsterinsights_sitenote_note":"","_monsterinsights_sitenote_category":0,"footnotes":""},"class_list":["post-10422","page","type-page","status-publish","hentry"],"aioseo_notices":[],"_links":{"self":[{"href":"https:\/\/safe-taxi-eg.com\/fr\/wp-json\/wp\/v2\/pages\/10422","targetHints":{"allow":["GET"]}}],"collection":[{"href":"https:\/\/safe-taxi-eg.com\/fr\/wp-json\/wp\/v2\/pages"}],"about":[{"href":"https:\/\/safe-taxi-eg.com\/fr\/wp-json\/wp\/v2\/types\/page"}],"author":[{"embeddable":true,"href":"https:\/\/safe-taxi-eg.com\/fr\/wp-json\/wp\/v2\/users\/1"}],"replies":[{"embeddable":true,"href":"https:\/\/safe-taxi-eg.com\/fr\/wp-json\/wp\/v2\/comments?post=10422"}],"version-history":[{"count":7,"href":"https:\/\/safe-taxi-eg.com\/fr\/wp-json\/wp\/v2\/pages\/10422\/revisions"}],"predecessor-version":[{"id":11202,"href":"https:\/\/safe-taxi-eg.com\/fr\/wp-json\/wp\/v2\/pages\/10422\/revisions\/11202"}],"wp:attachment":[{"href":"https:\/\/safe-taxi-eg.com\/fr\/wp-json\/wp\/v2\/media?parent=10422"}],"curies":[{"name":"wp","href":"https:\/\/api.w.org\/{rel}","templated":true}]}}