{"id":10131,"date":"2025-09-09T08:08:06","date_gmt":"2025-09-09T08:08:06","guid":{"rendered":"https:\/\/safe-taxi-eg.com\/?post_type=product&#038;p=10131"},"modified":"2025-11-28T14:38:03","modified_gmt":"2025-11-28T14:38:03","slug":"super-safari-trip","status":"publish","type":"product","link":"https:\/\/safe-taxi-eg.com\/fr\/produit\/super-safari-trip\/","title":{"rendered":"Super Safari : Quads, vie b\u00e9douine et coucher de soleil"},"content":{"rendered":"<blockquote data-start=\"1175\" data-end=\"1285\"><p>\ud83c\udfdc\ufe0f Super Safari Hurghada<\/p>\n<p>Embarquez pour une aventure inoubliable \u00e0 travers les sables dor\u00e9s du d\u00e9sert oriental et d\u00e9couvrez le v\u00e9ritable esprit de la vie b\u00e9douine, combin\u00e9e \u00e0 l'excitation, \u00e0 la culture et \u00e0 des vues \u00e0 couper le souffle \ud83c\udf05.<\/p>\n<p>\ud83d\ude99 D\u00e9tails du programme :<\/p>\n<p>Prise en charge apr\u00e8s midi \u00e0 votre h\u00f4tel par des v\u00e9hicules modernes Toyota Land Cruiser 4\u00d74.<\/p>\n<p>Arriv\u00e9e au Camel Yard, point de d\u00e9part d'une aventure passionnante dans le d\u00e9sert.<\/p>\n<p>Commencez votre journ\u00e9e par un tour de 30 minutes en quad \u00e0 travers les dunes de sable et les vall\u00e9es d\u00e9sertiques.<\/p>\n<p>Profitez d'un Spider Car \ud83d\udd77\ufe0f\ud83d\ude97 unique et ressentez le frisson de la conduite dans le d\u00e9sert.<\/p>\n<p>Continuez votre voyage \u00e0 travers le d\u00e9sert pendant environ 22 km jusqu'\u00e0 ce que vous atteigniez le village b\u00e9douin, avec un arr\u00eat panoramique pour profiter d'une vue imprenable sur le d\u00e9sert depuis le sommet d'une colline.<\/p>\n<p>Accueil chaleureux des B\u00e9douins avec une tisane et une introduction aux traditions et au mode de vie b\u00e9douins.<\/p>\n<p>Visite guid\u00e9e du village b\u00e9douin :<br \/>\n\ud83c\udfe1 Les huttes traditionnelles - La fabrication du pain - L'artisanat - Un aper\u00e7u de la vie quotidienne des B\u00e9douins.<\/p>\n<p>Profitez d'une balade \u00e0 dos de chameau \ud83d\udc2a autour du village pour explorer la r\u00e9gion et prendre des photos inoubliables.<\/p>\n<p>Assistez \u00e0 un magnifique coucher de soleil sur les montagnes et sentez le silence paisible du d\u00e9sert.<\/p>\n<p>Retour au camp pour un d\u00e9licieux d\u00eener sous forme de buffet ouvert proposant une vari\u00e9t\u00e9 de plats orientaux.<\/p>\n<p>Profitez de spectacles divertissants, notamment d'une danseuse du ventre \ud83d\udc83 et d'un spectacle de Tanoura \ud83c\udf00.<\/p>\n<p>Terminez votre soir\u00e9e par un moment magique d'observation des \u00e9toiles \u2728 sous le ciel clair du d\u00e9sert.<\/p>\n<p>Retour \u00e0 l'h\u00f4tel vers 19h30 avec des souvenirs inoubliables.<\/p>\n<p>\ud83d\udca7 Comprend :<\/p>\n<p>2 bouteilles d'eau min\u00e9rale + jus d'hibiscus \u00e0 volont\u00e9<\/p>\n<p>\ud83d\udcc5 Disponible tous les jours - Aucun nombre minimum de participants n'est requis<\/p>\n<article class=\"text-token-text-primary w-full focus:outline-none scroll-mt-[calc(var(--header-height)+min(200px,max(70px,20svh)))]\" dir=\"auto\" tabindex=\"-1\" data-turn-id=\"request-WEB:03ee36ad-4c16-45a2-a255-2a64e427af84-40\" data-testid=\"conversation-turn-82\" data-scroll-anchor=\"false\" data-turn=\"assistant\">\n<div class=\"text-base my-auto mx-auto [--thread-content-margin:--spacing(4)] thread-sm:[--thread-content-margin:--spacing(6)] thread-lg:[--thread-content-margin:--spacing(16)] px-(--thread-content-margin)\">\n<div class=\"[--thread-content-max-width:40rem] thread-lg:[--thread-content-max-width:48rem] mx-auto max-w-(--thread-content-max-width) flex-1 group\/turn-messages focus-visible:outline-hidden relative flex w-full min-w-0 flex-col agent-turn\" tabindex=\"-1\">\n<div class=\"flex max-w-full flex-col grow\">\n<div class=\"min-h-8 text-message relative flex w-full flex-col items-end gap-2 text-start break-words whitespace-normal [.text-message+&amp;]:mt-5\" dir=\"auto\" data-message-author-role=\"assistant\" data-message-id=\"394ef291-a29c-4b50-aed9-f0ade82908c0\" data-message-model-slug=\"gpt-5-mini\">\n<div class=\"flex w-full flex-col gap-1 empty:hidden first:pt-[3px]\">\n<div class=\"markdown prose dark:prose-invert w-full break-words light markdown-new-styling\">\n<h3 data-start=\"157\" data-end=\"176\">\ud83e\udd11 Prix du voyage<\/h3>\n<p data-start=\"177\" data-end=\"281\" data-is-last-node=\"\" data-is-only-node=\"\">\ud83d\ude4e\ud83c\udffb\u200d\u2642\ufe0f <strong data-start=\"185\" data-end=\"206\">16 ans et plus :<\/strong> \u20ac 30<br data-start=\"210\" data-end=\"213\" \/>\ud83e\uddcd\ud83c\udffb\u200d\u2640\ufe0f <strong data-start=\"221\" data-end=\"236\">6-15 ans :<\/strong> \u20ac 15<br data-start=\"240\" data-end=\"243\" \/>\ud83d\udc7c\ud83c\udffc <strong data-start=\"248\" data-end=\"266\">Moins de 6 ans :<\/strong> \ud83d\udeab Non autoris\u00e9<\/p>\n<\/div>\n<\/div>\n<\/div>\n<\/div>\n<h3 data-start=\"2198\" data-end=\"2225\"><strong data-start=\"2205\" data-end=\"2223\">Le paiement en USD ($ \ud83c\uddfa\ud83c\uddf8) au lieu de l'EUR (\u20ac \ud83c\uddea\ud83c\uddfa) est possible en fonction du taux de change bancaire quotidien.<\/strong><\/h3>\n<\/div>\n<\/div>\n<\/article>\n<p><strong>R\u00e9server par WhatsApp :<\/strong><\/p>\n<p><a href=\"https:\/\/wa.me\/201021058859\" target=\"_blank\" rel=\"noopener\">\u00a0<img decoding=\"async\" class=\"alignnone wp-image-2058\" src=\"https:\/\/poehalisnamiegypt.com\/wp-content\/uploads\/2024\/02\/pngwing.com_-300x300.png\" sizes=\"auto, (max-width: 35px) 100vw, 35px\" srcset=\"https:\/\/poehalisnamiegypt.com\/wp-content\/uploads\/2024\/02\/pngwing.com_-300x300.png 300w, https:\/\/poehalisnamiegypt.com\/wp-content\/uploads\/2024\/02\/pngwing.com_-150x150.png 150w, https:\/\/poehalisnamiegypt.com\/wp-content\/uploads\/2024\/02\/pngwing.com_.png 584w\" alt=\"\" width=\"53\" height=\"53\" \/><\/a><\/p><\/blockquote>\n<div id=\"gtx-trans\" style=\"position: absolute; left: 183px; top: 47.8px;\">\n<div class=\"gtx-trans-icon\"><\/div>\n<\/div>\n<div id=\"gtx-trans\" style=\"position: absolute; left: 183px; top: 47.8px;\">\n<div class=\"gtx-trans-icon\"><\/div>\n<\/div>","protected":false},"excerpt":{"rendered":"<p>\ud83c\udfdc\ufe0f Super Safari Hurghada Embark on an unforgettable adventure through the golden sands of the Eastern Desert and experience the true spirit of Bedouin life combined with excitement, culture, and breathtaking views \ud83c\udf05 \ud83d\ude99 Program Details: Pick up after noon from your hotel by modern Toyota Land Cruiser 4\u00d74 vehicles. Arrival at the Camel Yard [&hellip;]<\/p>","protected":false},"featured_media":10134,"comment_status":"open","ping_status":"closed","template":"","meta":{"_monsterinsights_skip_tracking":false,"_monsterinsights_sitenote_active":false,"_monsterinsights_sitenote_note":"","_monsterinsights_sitenote_category":0},"product_brand":[],"product_cat":[67],"product_tag":[],"class_list":{"0":"post-10131","1":"product","2":"type-product","3":"status-publish","4":"has-post-thumbnail","6":"product_cat-safari","8":"first","9":"instock","10":"shipping-taxable","11":"purchasable","12":"product-type-ovabrw_car_rental"},"aioseo_notices":[],"_links":{"self":[{"href":"https:\/\/safe-taxi-eg.com\/fr\/wp-json\/wp\/v2\/product\/10131","targetHints":{"allow":["GET"]}}],"collection":[{"href":"https:\/\/safe-taxi-eg.com\/fr\/wp-json\/wp\/v2\/product"}],"about":[{"href":"https:\/\/safe-taxi-eg.com\/fr\/wp-json\/wp\/v2\/types\/product"}],"replies":[{"embeddable":true,"href":"https:\/\/safe-taxi-eg.com\/fr\/wp-json\/wp\/v2\/comments?post=10131"}],"wp:featuredmedia":[{"embeddable":true,"href":"https:\/\/safe-taxi-eg.com\/fr\/wp-json\/wp\/v2\/media\/10134"}],"wp:attachment":[{"href":"https:\/\/safe-taxi-eg.com\/fr\/wp-json\/wp\/v2\/media?parent=10131"}],"wp:term":[{"taxonomy":"product_brand","embeddable":true,"href":"https:\/\/safe-taxi-eg.com\/fr\/wp-json\/wp\/v2\/product_brand?post=10131"},{"taxonomy":"product_cat","embeddable":true,"href":"https:\/\/safe-taxi-eg.com\/fr\/wp-json\/wp\/v2\/product_cat?post=10131"},{"taxonomy":"product_tag","embeddable":true,"href":"https:\/\/safe-taxi-eg.com\/fr\/wp-json\/wp\/v2\/product_tag?post=10131"}],"curies":[{"name":"wp","href":"https:\/\/api.w.org\/{rel}","templated":true}]}}