{"id":10139,"date":"2025-09-09T08:17:18","date_gmt":"2025-09-09T08:17:18","guid":{"rendered":"https:\/\/safe-taxi-eg.com\/?post_type=product&#038;p=10139"},"modified":"2025-11-28T14:37:41","modified_gmt":"2025-11-28T14:37:41","slug":"mini-safari-trip","status":"publish","type":"product","link":"https:\/\/safe-taxi-eg.com\/fr\/produit\/mini-safari-trip\/","title":{"rendered":"Mini Super Safari : Quads, chameaux et magie du d\u00e9sert"},"content":{"rendered":"<h3 data-start=\"103\" data-end=\"173\">\ud83c\udfdc\ufe0f Mini Super Safari Adventure - Frissons, culture et magie du d\u00e9sert<\/h3>\n<p data-start=\"175\" data-end=\"409\">Pr\u00e9parez-vous \u00e0 une <strong data-start=\"192\" data-end=\"227\">une exp\u00e9rience du d\u00e9sert pleine d'action<\/strong> qui allie adr\u00e9naline, culture et moments inoubliables ! Cette <strong data-start=\"295\" data-end=\"316\">Mini Super Safari<\/strong> est con\u00e7u pour les voyageurs qui veulent go\u00fbter au meilleur du d\u00e9sert en un seul voyage incroyable.<\/p>\n<h4 data-start=\"411\" data-end=\"444\">\ud83c\udfcd\ufe0f Excitation en quad<\/h4>\n<p data-start=\"445\" data-end=\"612\">Sentez l'excitation vous envahir <strong data-start=\"466\" data-end=\"501\">faire du quad pendant 45 minutes<\/strong>Vous pourrez ainsi glisser sur des dunes dor\u00e9es, conqu\u00e9rir des sentiers accident\u00e9s et laisser le vent du d\u00e9sert balayer vos cheveux.<\/p>\n<h4 data-start=\"930\" data-end=\"964\">\ud83c\udfd5\ufe0f Camp b\u00e9douin<\/h4>\n<p data-start=\"965\" data-end=\"1054\">Arriv\u00e9e dans un <strong data-start=\"989\" data-end=\"1005\">Camp b\u00e9douin<\/strong> et s'immerger dans la vie authentique du d\u00e9sert :<\/p>\n<ul data-start=\"1055\" data-end=\"1210\">\n<li data-start=\"1055\" data-end=\"1097\">\n<p data-start=\"1057\" data-end=\"1097\">\ud83c\udf75 Savourer une tasse de <strong data-start=\"1075\" data-end=\"1095\">v\u00e9ritable th\u00e9 b\u00e9douin<\/strong><\/p>\n<\/li>\n<li data-start=\"1098\" data-end=\"1152\">\n<p data-start=\"1100\" data-end=\"1152\">\ud83d\udc2a Enjoy a peaceful <strong data-start=\"1120\" data-end=\"1134\">promenade \u00e0 dos de chameau<\/strong> \u00e0 l'int\u00e9rieur du camp<\/p>\n<\/li>\n<li data-start=\"1153\" data-end=\"1210\">\n<p data-start=\"1155\" data-end=\"1210\">\ud83c\udf04 Capturer le paysage d\u00e9sertique envo\u00fbtant<\/p>\n<\/li>\n<\/ul>\n<h4 data-start=\"1212\" data-end=\"1243\">\ud83c\udf1f Moments inoubliables<\/h4>\n<p data-start=\"1244\" data-end=\"1388\">Ce voyage m\u00eale le frisson des aventures tout-terrain au charme des traditions b\u00e9douines, cr\u00e9ant ainsi des souvenirs qui resteront \u00e0 jamais grav\u00e9s dans votre m\u00e9moire.<\/p>\n<article class=\"text-token-text-primary w-full focus:outline-none scroll-mt-[calc(var(--header-height)+min(200px,max(70px,20svh)))]\" dir=\"auto\" tabindex=\"-1\" data-turn-id=\"request-WEB:03ee36ad-4c16-45a2-a255-2a64e427af84-40\" data-testid=\"conversation-turn-82\" data-scroll-anchor=\"false\" data-turn=\"assistant\">\n<div class=\"text-base my-auto mx-auto [--thread-content-margin:--spacing(4)] thread-sm:[--thread-content-margin:--spacing(6)] thread-lg:[--thread-content-margin:--spacing(16)] px-(--thread-content-margin)\">\n<div class=\"[--thread-content-max-width:40rem] thread-lg:[--thread-content-max-width:48rem] mx-auto max-w-(--thread-content-max-width) flex-1 group\/turn-messages focus-visible:outline-hidden relative flex w-full min-w-0 flex-col agent-turn\" tabindex=\"-1\">\n<div class=\"flex max-w-full flex-col grow\">\n<div class=\"min-h-8 text-message relative flex w-full flex-col items-end gap-2 text-start break-words whitespace-normal [.text-message+&amp;]:mt-5\" dir=\"auto\" data-message-author-role=\"assistant\" data-message-id=\"394ef291-a29c-4b50-aed9-f0ade82908c0\" data-message-model-slug=\"gpt-5-mini\">\n<div class=\"flex w-full flex-col gap-1 empty:hidden first:pt-[3px]\">\n<div class=\"markdown prose dark:prose-invert w-full break-words light markdown-new-styling\">\n<h3 data-start=\"157\" data-end=\"176\">\ud83e\udd11 Prix du voyage<\/h3>\n<p data-start=\"177\" data-end=\"281\" data-is-last-node=\"\" data-is-only-node=\"\">\ud83d\ude4e\ud83c\udffb\u200d\u2642\ufe0f <strong data-start=\"185\" data-end=\"206\">16 ans et plus :<\/strong> \u20ac 25<br data-start=\"210\" data-end=\"213\" \/>\ud83e\uddcd\ud83c\udffb\u200d\u2640\ufe0f <strong data-start=\"221\" data-end=\"236\">6-15 ans :<\/strong> \u20ac 15<br data-start=\"240\" data-end=\"243\" \/>\ud83d\udc7c\ud83c\udffc <strong data-start=\"248\" data-end=\"266\">Moins de 6 ans :<\/strong> \ud83d\udeab Non autoris\u00e9<\/p>\n<\/div>\n<\/div>\n<\/div>\n<\/div>\n<div class=\"flex min-h-[46px] justify-start\">\n<h3 data-start=\"2198\" data-end=\"2225\"><strong data-start=\"2205\" data-end=\"2223\">Le paiement en USD ($ \ud83c\uddfa\ud83c\uddf8) au lieu de l'EUR (\u20ac \ud83c\uddea\ud83c\uddfa) est possible en fonction du taux de change bancaire quotidien.<\/strong><\/h3>\n<\/div>\n<\/div>\n<\/div>\n<\/article>\n<p><strong>R\u00e9server par WhatsApp :<\/strong><\/p>\n<p><a href=\"https:\/\/wa.me\/201021058859\" target=\"_blank\" rel=\"noopener\">\u00a0<img decoding=\"async\" class=\"alignnone wp-image-2058\" src=\"https:\/\/poehalisnamiegypt.com\/wp-content\/uploads\/2024\/02\/pngwing.com_-300x300.png\" sizes=\"auto, (max-width: 35px) 100vw, 35px\" srcset=\"https:\/\/poehalisnamiegypt.com\/wp-content\/uploads\/2024\/02\/pngwing.com_-300x300.png 300w, https:\/\/poehalisnamiegypt.com\/wp-content\/uploads\/2024\/02\/pngwing.com_-150x150.png 150w, https:\/\/poehalisnamiegypt.com\/wp-content\/uploads\/2024\/02\/pngwing.com_.png 584w\" alt=\"\" width=\"53\" height=\"53\" \/><\/a><\/p>","protected":false},"excerpt":{"rendered":"<p>\ud83c\udfdc\ufe0f Mini Super Safari Adventure \u2013 Thrill, Culture &amp; Desert Magic Get ready for an action-packed desert experience that combines adrenaline, culture, and unforgettable moments! This Mini Super Safari is designed for travelers who want to taste the best of the desert in one incredible trip. \ud83c\udfcd\ufe0f Quad Biking Excitement Feel the rush as you [&hellip;]<\/p>","protected":false},"featured_media":10143,"comment_status":"open","ping_status":"closed","template":"","meta":{"_monsterinsights_skip_tracking":false,"_monsterinsights_sitenote_active":false,"_monsterinsights_sitenote_note":"","_monsterinsights_sitenote_category":0},"product_brand":[],"product_cat":[67],"product_tag":[],"class_list":{"0":"post-10139","1":"product","2":"type-product","3":"status-publish","4":"has-post-thumbnail","6":"product_cat-safari","8":"first","9":"instock","10":"shipping-taxable","11":"purchasable","12":"product-type-ovabrw_car_rental"},"aioseo_notices":[],"_links":{"self":[{"href":"https:\/\/safe-taxi-eg.com\/fr\/wp-json\/wp\/v2\/product\/10139","targetHints":{"allow":["GET"]}}],"collection":[{"href":"https:\/\/safe-taxi-eg.com\/fr\/wp-json\/wp\/v2\/product"}],"about":[{"href":"https:\/\/safe-taxi-eg.com\/fr\/wp-json\/wp\/v2\/types\/product"}],"replies":[{"embeddable":true,"href":"https:\/\/safe-taxi-eg.com\/fr\/wp-json\/wp\/v2\/comments?post=10139"}],"wp:featuredmedia":[{"embeddable":true,"href":"https:\/\/safe-taxi-eg.com\/fr\/wp-json\/wp\/v2\/media\/10143"}],"wp:attachment":[{"href":"https:\/\/safe-taxi-eg.com\/fr\/wp-json\/wp\/v2\/media?parent=10139"}],"wp:term":[{"taxonomy":"product_brand","embeddable":true,"href":"https:\/\/safe-taxi-eg.com\/fr\/wp-json\/wp\/v2\/product_brand?post=10139"},{"taxonomy":"product_cat","embeddable":true,"href":"https:\/\/safe-taxi-eg.com\/fr\/wp-json\/wp\/v2\/product_cat?post=10139"},{"taxonomy":"product_tag","embeddable":true,"href":"https:\/\/safe-taxi-eg.com\/fr\/wp-json\/wp\/v2\/product_tag?post=10139"}],"curies":[{"name":"wp","href":"https:\/\/api.w.org\/{rel}","templated":true}]}}