{"id":10169,"date":"2025-09-09T08:54:19","date_gmt":"2025-09-09T08:54:19","guid":{"rendered":"https:\/\/safe-taxi-eg.com\/?post_type=product&#038;p=10169"},"modified":"2025-11-28T14:35:57","modified_gmt":"2025-11-28T14:35:57","slug":"horse-show-trip","status":"publish","type":"product","link":"https:\/\/safe-taxi-eg.com\/fr\/produit\/horse-show-trip\/","title":{"rendered":"Nuit du concours hippique : Culture, art et spectacle vivant"},"content":{"rendered":"<h3 data-start=\"128\" data-end=\"201\">\ud83d\udc0e Spectaculaire spectacle \u00e9questre - Art, culture et divertissement<\/h3>\n<p data-start=\"203\" data-end=\"502\">Soyez t\u00e9moin de la gr\u00e2ce, de la puissance et de l'\u00e9l\u00e9gance de magnifiques chevaux lors d'un \u00e9v\u00e9nement inoubliable. <strong data-start=\"284\" data-end=\"298\">Concours hippique<\/strong> qui combine <strong data-start=\"313\" data-end=\"361\">comp\u00e9tences traditionnelles et divertissement moderne<\/strong>. Ce voyage offre un aper\u00e7u unique du monde de l'art \u00e9questre, ce qui le rend id\u00e9al pour les familles, les couples et les amateurs de culture.<\/p>\n<h4 data-start=\"504\" data-end=\"543\">\ud83d\ude90 Prise en charge et accueil sans souci<\/h4>\n<p data-start=\"544\" data-end=\"675\">Votre voyage commence par <strong data-start=\"569\" data-end=\"600\">transferts confortables vers l'h\u00f4tel<\/strong>Le spectacle se d\u00e9roule dans une ar\u00e8ne sp\u00e9cialement con\u00e7ue \u00e0 cet effet, o\u00f9 la magie op\u00e8re.<\/p>\n<ul data-start=\"676\" data-end=\"754\">\n<li data-start=\"676\" data-end=\"714\">\n<p data-start=\"678\" data-end=\"714\">\ud83e\uddd1\u200d\ud83e\udd1d\u200d\ud83e\uddd1 Accueil chaleureux des h\u00f4tes<\/p>\n<\/li>\n<li data-start=\"715\" data-end=\"754\">\n<p data-start=\"717\" data-end=\"754\">\ud83c\udf79 Savourer une boisson de bienvenue rafra\u00eechissante<\/p>\n<\/li>\n<\/ul>\n<h4 data-start=\"756\" data-end=\"790\">\ud83c\udfc7 Le spectacle du concours hippique<\/h4>\n<p data-start=\"791\" data-end=\"903\">Pr\u00e9parez-vous \u00e0 \u00eatre \u00e9merveill\u00e9s par les cavaliers professionnels et leurs magnifiques chevaux qui ex\u00e9cutent des num\u00e9ros \u00e0 couper le souffle, notamment :<\/p>\n<ul data-start=\"904\" data-end=\"1129\">\n<li data-start=\"904\" data-end=\"992\">\n<p data-start=\"906\" data-end=\"992\">\ud83c\udf2a\ufe0f <strong data-start=\"910\" data-end=\"940\">Des tours et des cascades \u00e9blouissants<\/strong> la d\u00e9monstration de la puissance et de l'agilit\u00e9 des chevaux<\/p>\n<\/li>\n<li data-start=\"993\" data-end=\"1071\">\n<p data-start=\"995\" data-end=\"1071\">\ud83c\udfdc\ufe0f Traditionnel <strong data-start=\"1011\" data-end=\"1069\">Styles d'\u00e9quitation arabe et spectacles inspir\u00e9s du d\u00e9sert<\/strong><\/p>\n<\/li>\n<li data-start=\"1072\" data-end=\"1129\">\n<p data-start=\"1074\" data-end=\"1129\">\ud83c\udfb6 Spectacles rythmiques r\u00e9gl\u00e9s sur <strong data-start=\"1099\" data-end=\"1127\">musique \u00e9gyptienne authentique<\/strong><\/p>\n<\/li>\n<\/ul>\n<h4 data-start=\"1131\" data-end=\"1159\">\ud83d\udc34 Rencontre culturelle<\/h4>\n<p data-start=\"1160\" data-end=\"1222\">Plus qu'un spectacle, c'est un voyage dans la tradition :<\/p>\n<ul data-start=\"1223\" data-end=\"1346\">\n<li data-start=\"1223\" data-end=\"1281\">\n<p data-start=\"1225\" data-end=\"1281\">\ud83d\udcd6 En savoir plus sur la <strong data-start=\"1244\" data-end=\"1279\">Le riche h\u00e9ritage des chevaux arabes<\/strong><\/p>\n<\/li>\n<li data-start=\"1282\" data-end=\"1346\">\n<p data-start=\"1284\" data-end=\"1346\">\ud83e\udd1d Rencontrer les cavaliers et prendre des photos m\u00e9morables avec les chevaux<\/p>\n<\/li>\n<\/ul>\n<h4 data-start=\"1348\" data-end=\"1372\">\ud83c\udf7d\ufe0f D\u00e9tendez-vous et profitez<\/h4>\n<p data-start=\"1373\" data-end=\"1410\">Apr\u00e8s le spectacle, d\u00e9tendez-vous avec :<\/p>\n<ul data-start=\"1411\" data-end=\"1481\">\n<li data-start=\"1411\" data-end=\"1436\">\n<p data-start=\"1413\" data-end=\"1436\">\ud83e\udd64 Boissons rafra\u00eechissantes ou th\u00e9<\/p>\n<\/li>\n<li data-start=\"1437\" data-end=\"1481\">\n<p data-start=\"1439\" data-end=\"1481\">\ud83c\udf70 En-cas l\u00e9gers ou friandises locales en option<\/p>\n<\/li>\n<\/ul>\n<h4 data-start=\"1483\" data-end=\"1504\">\ud83c\udfc1 Retour facile<\/h4>\n<p data-start=\"1505\" data-end=\"1637\">Terminez votre soir\u00e9e par un <strong data-start=\"1534\" data-end=\"1577\">transfert confortable vers votre h\u00f4tel<\/strong>Vous pourrez ainsi emporter avec vous le charme de cette exp\u00e9rience culturelle.<\/p>\n<article class=\"text-token-text-primary w-full focus:outline-none scroll-mt-[calc(var(--header-height)+min(200px,max(70px,20svh)))]\" dir=\"auto\" tabindex=\"-1\" data-turn-id=\"request-WEB:03ee36ad-4c16-45a2-a255-2a64e427af84-40\" data-testid=\"conversation-turn-82\" data-scroll-anchor=\"false\" data-turn=\"assistant\">\n<div class=\"text-base my-auto mx-auto [--thread-content-margin:--spacing(4)] thread-sm:[--thread-content-margin:--spacing(6)] thread-lg:[--thread-content-margin:--spacing(16)] px-(--thread-content-margin)\">\n<div class=\"[--thread-content-max-width:40rem] thread-lg:[--thread-content-max-width:48rem] mx-auto max-w-(--thread-content-max-width) flex-1 group\/turn-messages focus-visible:outline-hidden relative flex w-full min-w-0 flex-col agent-turn\" tabindex=\"-1\">\n<div class=\"flex max-w-full flex-col grow\">\n<div class=\"min-h-8 text-message relative flex w-full flex-col items-end gap-2 text-start break-words whitespace-normal [.text-message+&amp;]:mt-5\" dir=\"auto\" data-message-author-role=\"assistant\" data-message-id=\"394ef291-a29c-4b50-aed9-f0ade82908c0\" data-message-model-slug=\"gpt-5-mini\">\n<div class=\"flex w-full flex-col gap-1 empty:hidden first:pt-[3px]\">\n<div class=\"markdown prose dark:prose-invert w-full break-words light markdown-new-styling\">\n<h3 data-start=\"43\" data-end=\"57\">\ud83d\udcdd Notes<\/h3>\n<ul data-start=\"58\" data-end=\"150\">\n<li data-start=\"105\" data-end=\"150\">\n<p data-start=\"107\" data-end=\"150\">Poids maximum autoris\u00e9 par personne : 90 kg.<\/p>\n<\/li>\n<\/ul>\n<hr data-start=\"152\" data-end=\"155\" \/>\n<h3 data-start=\"157\" data-end=\"176\">\ud83e\udd11 Prix du voyage<\/h3>\n<h3 data-start=\"157\" data-end=\"176\">Heures de spectacle \u00e0 sahl hasheesh<\/h3>\n<p data-start=\"177\" data-end=\"281\" data-is-last-node=\"\" data-is-only-node=\"\">\ud83d\ude4e\ud83c\udffb\u200d\u2642\ufe0f <strong data-start=\"185\" data-end=\"206\">16 ans et plus :<\/strong> \u20ac 35<br data-start=\"210\" data-end=\"213\" \/>\ud83e\uddcd\ud83c\udffb\u200d\u2640\ufe0f <strong data-start=\"221\" data-end=\"236\">6-15 ans :<\/strong> \u20ac 35<br data-start=\"240\" data-end=\"243\" \/>\ud83d\udc7c\ud83c\udffc <strong data-start=\"248\" data-end=\"266\">Moins de 6 ans :<\/strong> \ud83d\udeab Non autoris\u00e9<\/p>\n<h3 data-start=\"157\" data-end=\"176\">Heures sans spectacle en hurgada<\/h3>\n<p><strong data-start=\"185\" data-end=\"206\">2 heures : \u20ac 25\u00a0 \u00a0 \u00a0<\/strong><\/p>\n<p><strong data-start=\"185\" data-end=\"206\">2 heures avec baignade : \u20ac 30<\/strong><\/p>\n<p><strong data-start=\"185\" data-end=\"206\">1 heure : \u20ac 20 \u00a0 \u00a0<\/strong><\/p>\n<p><strong data-start=\"185\" data-end=\"206\">1 heure avec baignade : \u20ac 25<\/strong><\/p>\n<h3 data-start=\"2198\" data-end=\"2225\"><strong data-start=\"2205\" data-end=\"2223\">Le paiement en USD ($ \ud83c\uddfa\ud83c\uddf8) au lieu de l'EUR (\u20ac \ud83c\uddea\ud83c\uddfa) est possible en fonction du taux de change bancaire quotidien.<\/strong><\/h3>\n<\/div>\n<\/div>\n<\/div>\n<\/div>\n<\/div>\n<\/div>\n<\/article>\n<p><strong>R\u00e9server par WhatsApp :<\/strong><\/p>\n<p><a href=\"https:\/\/wa.me\/201021058859\" target=\"_blank\" rel=\"noopener\">\u00a0<img decoding=\"async\" class=\"alignnone wp-image-2058\" src=\"https:\/\/poehalisnamiegypt.com\/wp-content\/uploads\/2024\/02\/pngwing.com_-300x300.png\" sizes=\"auto, (max-width: 35px) 100vw, 35px\" srcset=\"https:\/\/poehalisnamiegypt.com\/wp-content\/uploads\/2024\/02\/pngwing.com_-300x300.png 300w, https:\/\/poehalisnamiegypt.com\/wp-content\/uploads\/2024\/02\/pngwing.com_-150x150.png 150w, https:\/\/poehalisnamiegypt.com\/wp-content\/uploads\/2024\/02\/pngwing.com_.png 584w\" alt=\"\" width=\"53\" height=\"53\" \/><\/a><\/p>\n<div id=\"gtx-trans\" style=\"position: absolute; left: 203px; top: 3.9125px;\">\n<div class=\"gtx-trans-icon\"><\/div>\n<\/div>","protected":false},"excerpt":{"rendered":"<p>\ud83d\udc0e Spectacular Horse Show Experience \u2013 Art, Culture &amp; Entertainment Witness the grace, power, and elegance of magnificent horses in an unforgettable Horse Show that combines traditional skills with modern entertainment. This trip offers a unique glimpse into the world of horseback artistry, making it perfect for families, couples, and culture enthusiasts. \ud83d\ude90 Hassle-Free Pick-Up [&hellip;]<\/p>","protected":false},"featured_media":10172,"comment_status":"open","ping_status":"closed","template":"","meta":{"_monsterinsights_skip_tracking":false,"_monsterinsights_sitenote_active":false,"_monsterinsights_sitenote_note":"","_monsterinsights_sitenote_category":0},"product_brand":[],"product_cat":[67],"product_tag":[],"class_list":{"0":"post-10169","1":"product","2":"type-product","3":"status-publish","4":"has-post-thumbnail","6":"product_cat-safari","8":"first","9":"instock","10":"shipping-taxable","11":"purchasable","12":"product-type-ovabrw_car_rental"},"aioseo_notices":[],"_links":{"self":[{"href":"https:\/\/safe-taxi-eg.com\/fr\/wp-json\/wp\/v2\/product\/10169","targetHints":{"allow":["GET"]}}],"collection":[{"href":"https:\/\/safe-taxi-eg.com\/fr\/wp-json\/wp\/v2\/product"}],"about":[{"href":"https:\/\/safe-taxi-eg.com\/fr\/wp-json\/wp\/v2\/types\/product"}],"replies":[{"embeddable":true,"href":"https:\/\/safe-taxi-eg.com\/fr\/wp-json\/wp\/v2\/comments?post=10169"}],"wp:featuredmedia":[{"embeddable":true,"href":"https:\/\/safe-taxi-eg.com\/fr\/wp-json\/wp\/v2\/media\/10172"}],"wp:attachment":[{"href":"https:\/\/safe-taxi-eg.com\/fr\/wp-json\/wp\/v2\/media?parent=10169"}],"wp:term":[{"taxonomy":"product_brand","embeddable":true,"href":"https:\/\/safe-taxi-eg.com\/fr\/wp-json\/wp\/v2\/product_brand?post=10169"},{"taxonomy":"product_cat","embeddable":true,"href":"https:\/\/safe-taxi-eg.com\/fr\/wp-json\/wp\/v2\/product_cat?post=10169"},{"taxonomy":"product_tag","embeddable":true,"href":"https:\/\/safe-taxi-eg.com\/fr\/wp-json\/wp\/v2\/product_tag?post=10169"}],"curies":[{"name":"wp","href":"https:\/\/api.w.org\/{rel}","templated":true}]}}