{"id":10175,"date":"2025-09-09T09:09:36","date_gmt":"2025-09-09T09:09:36","guid":{"rendered":"https:\/\/safe-taxi-eg.com\/?post_type=product&#038;p=10175"},"modified":"2025-11-28T14:35:33","modified_gmt":"2025-11-28T14:35:33","slug":"carriage-ride-trip","status":"publish","type":"product","link":"https:\/\/safe-taxi-eg.com\/fr\/produit\/carriage-ride-trip\/","title":{"rendered":"Nuit en cal\u00e8che : Romance, d\u00eener et spectacles"},"content":{"rendered":"<h3 data-start=\"132\" data-end=\"199\">\ud83d\udc34 Promenade en cal\u00e8che romantique et pittoresque - Explorer dans un style classique<\/h3>\n<p data-start=\"201\" data-end=\"522\">Remontez dans le temps et d\u00e9couvrez le charme d'une maison de campagne. <strong data-start=\"249\" data-end=\"278\">Promenade en cal\u00e8che<\/strong>, Ce voyage combine <strong data-start=\"394\" data-end=\"443\">romance, d\u00e9tente et un brin de nostalgie<\/strong>, Il est donc id\u00e9al pour les couples, les familles et tous ceux qui souhaitent s'\u00e9vader en toute tranquillit\u00e9.<\/p>\n<h4 data-start=\"524\" data-end=\"561\">\ud83d\ude90 Prise en charge facile et accueil chaleureux<\/h4>\n<p data-start=\"562\" data-end=\"723\">Votre exp\u00e9rience commence par un <strong data-start=\"592\" data-end=\"622\">transfert confortable \u00e0 l'h\u00f4tel<\/strong> au point de d\u00e9part, o\u00f9 votre <strong data-start=\"657\" data-end=\"691\">cal\u00e8che magnifiquement d\u00e9cor\u00e9e<\/strong> et un guide sympathique vous attendent.<\/p>\n<ul data-start=\"724\" data-end=\"832\">\n<li data-start=\"724\" data-end=\"773\">\n<p data-start=\"726\" data-end=\"773\">\ud83e\uddd1\u200d\ud83e\udd1d\u200d\ud83e\uddd1 Rencontre avec le cocher et les chevaux<\/p>\n<\/li>\n<li data-start=\"774\" data-end=\"832\">\n<p data-start=\"776\" data-end=\"832\">\ud83d\udcf8 Prendre de charmantes photos avant le d\u00e9but du voyage<\/p>\n<\/li>\n<\/ul>\n<h4 data-start=\"834\" data-end=\"866\">\ud83c\udf06 Randonn\u00e9e pittoresque et relaxante<\/h4>\n<h4 data-start=\"1181\" data-end=\"1216\">\ud83d\udcab Touche romantique et culturelle<\/h4>\n<h4 data-start=\"1181\" data-end=\"1216\">\ud83c\udf7d\ufe0f <strong data-start=\"71\" data-end=\"93\">D\u00eener buffet ouvert<\/strong> - riche en d\u00e9licieux plats orientaux \ud83d\ude0b<br data-start=\"134\" data-end=\"137\" \/>\u2728 <strong data-start=\"139\" data-end=\"162\">Spectacles sp\u00e9ciaux en direct :<\/strong> Danseuse orientale du ventre \ud83d\udc83 et spectacle traditionnel de Tanoura \ud83c\udf00<\/h4>\n<p data-start=\"1217\" data-end=\"1296\">Ce voyage est plus qu'une simple balade - c'est une <strong data-start=\"1261\" data-end=\"1293\">un moment pour se connecter et se d\u00e9tendre<\/strong>:<\/p>\n<ul data-start=\"1297\" data-end=\"1498\">\n<li data-start=\"1297\" data-end=\"1354\">\n<p data-start=\"1299\" data-end=\"1354\">\ud83c\udf39 Parfait pour <strong data-start=\"1314\" data-end=\"1352\">les couples \u00e0 la recherche d'une soir\u00e9e romantique<\/strong><\/p>\n<\/li>\n<li data-start=\"1355\" data-end=\"1425\">\n<p data-start=\"1357\" data-end=\"1425\">\ud83d\udc68\u200d\ud83d\udc69\u200d\ud83d\udc67 Id\u00e9al pour les familles \u00e0 la recherche d'une sortie calme et culturelle<\/p>\n<\/li>\n<li data-start=\"1426\" data-end=\"1498\">\n<p data-start=\"1428\" data-end=\"1498\">\ud83d\udc0e Apprendre des faits int\u00e9ressants sur le <strong data-start=\"1465\" data-end=\"1496\">chevaux et traditions locales<\/strong><\/p>\n<\/li>\n<\/ul>\n<h4 data-start=\"1500\" data-end=\"1525\">\ud83c\udf79 Friandises facultatives<\/h4>\n<p data-start=\"1526\" data-end=\"1557\">Am\u00e9liorez votre exp\u00e9rience avec :<\/p>\n<ul data-start=\"1558\" data-end=\"1640\">\n<li data-start=\"1558\" data-end=\"1598\">\n<p data-start=\"1560\" data-end=\"1598\">\ud83e\udd64 Boissons rafra\u00eechissantes pendant le trajet<\/p>\n<\/li>\n<li data-start=\"1599\" data-end=\"1640\">\n<p data-start=\"1601\" data-end=\"1640\">\ud83c\udf68 En-cas locaux<\/p>\n<\/li>\n<\/ul>\n<h4 data-start=\"1642\" data-end=\"1670\">\ud83c\udfc1 Retour sans probl\u00e8me<\/h4>\n<p data-start=\"1671\" data-end=\"1792\">Apr\u00e8s cette d\u00e9licieuse promenade, vous serez <strong data-start=\"1710\" data-end=\"1744\">transfert \u00e0 l'h\u00f4tel<\/strong> avec de merveilleux souvenirs et de belles photos.<\/p>\n<article class=\"text-token-text-primary w-full focus:outline-none scroll-mt-[calc(var(--header-height)+min(200px,max(70px,20svh)))]\" dir=\"auto\" tabindex=\"-1\" data-turn-id=\"request-WEB:03ee36ad-4c16-45a2-a255-2a64e427af84-40\" data-testid=\"conversation-turn-82\" data-scroll-anchor=\"true\" data-turn=\"assistant\">\n<div class=\"text-base my-auto mx-auto pb-10 [--thread-content-margin:--spacing(4)] thread-sm:[--thread-content-margin:--spacing(6)] thread-lg:[--thread-content-margin:--spacing(16)] px-(--thread-content-margin)\">\n<div class=\"[--thread-content-max-width:40rem] thread-lg:[--thread-content-max-width:48rem] mx-auto max-w-(--thread-content-max-width) flex-1 group\/turn-messages focus-visible:outline-hidden relative flex w-full min-w-0 flex-col agent-turn\" tabindex=\"-1\">\n<div class=\"flex max-w-full flex-col grow\">\n<div class=\"min-h-8 text-message relative flex w-full flex-col items-end gap-2 text-start break-words whitespace-normal [.text-message+&amp;]:mt-5\" dir=\"auto\" data-message-author-role=\"assistant\" data-message-id=\"394ef291-a29c-4b50-aed9-f0ade82908c0\" data-message-model-slug=\"gpt-5-mini\">\n<div class=\"flex w-full flex-col gap-1 empty:hidden first:pt-[3px]\">\n<div class=\"markdown prose dark:prose-invert w-full break-words light markdown-new-styling\">\n<h3 data-start=\"43\" data-end=\"57\">\ud83d\udcdd Notes<\/h3>\n<ul data-start=\"58\" data-end=\"150\">\n<li data-start=\"58\" data-end=\"104\">\n<p data-start=\"60\" data-end=\"104\">Maximum 1 adulte + 2 enfants par voiture.<\/p>\n<\/li>\n<li data-start=\"105\" data-end=\"150\">\n<p data-start=\"107\" data-end=\"150\">Poids maximum autoris\u00e9 par personne : 90 kg.<\/p>\n<\/li>\n<\/ul>\n<hr data-start=\"152\" data-end=\"155\" \/>\n<h3 data-start=\"157\" data-end=\"176\">\ud83e\udd11 Prix du voyage<\/h3>\n<p data-start=\"177\" data-end=\"281\" data-is-last-node=\"\" data-is-only-node=\"\">\ud83d\ude4e\ud83c\udffb\u200d\u2642\ufe0f <strong data-start=\"185\" data-end=\"206\">16 ans et plus :<\/strong> \u20ac 40<br data-start=\"210\" data-end=\"213\" \/>\ud83e\uddcd\ud83c\udffb\u200d\u2640\ufe0f <strong data-start=\"221\" data-end=\"236\">6-15 ans :<\/strong> \u20ac 40<br data-start=\"240\" data-end=\"243\" \/>\ud83d\udc7c\ud83c\udffc <strong data-start=\"248\" data-end=\"266\">Moins de 6 ans :<\/strong> \ud83d\udeab Non autoris\u00e9<\/p>\n<h3 data-start=\"2198\" data-end=\"2225\"><strong data-start=\"2205\" data-end=\"2223\">Le paiement en USD ($ \ud83c\uddfa\ud83c\uddf8) au lieu de l'EUR (\u20ac \ud83c\uddea\ud83c\uddfa) est possible en fonction du taux de change bancaire quotidien.<\/strong><\/h3>\n<\/div>\n<\/div>\n<\/div>\n<\/div>\n<\/div>\n<\/div>\n<\/article>\n<p><strong>R\u00e9server par WhatsApp :<\/strong><\/p>\n<p><a href=\"https:\/\/wa.me\/201021058859\" target=\"_blank\" rel=\"noopener\">\u00a0<img decoding=\"async\" class=\"alignnone wp-image-2058\" src=\"https:\/\/poehalisnamiegypt.com\/wp-content\/uploads\/2024\/02\/pngwing.com_-300x300.png\" sizes=\"auto, (max-width: 35px) 100vw, 35px\" srcset=\"https:\/\/poehalisnamiegypt.com\/wp-content\/uploads\/2024\/02\/pngwing.com_-300x300.png 300w, https:\/\/poehalisnamiegypt.com\/wp-content\/uploads\/2024\/02\/pngwing.com_-150x150.png 150w, https:\/\/poehalisnamiegypt.com\/wp-content\/uploads\/2024\/02\/pngwing.com_.png 584w\" alt=\"\" width=\"53\" height=\"53\" \/><\/a><\/p>","protected":false},"excerpt":{"rendered":"<p>\ud83d\udc34 Romantic &amp; Scenic Carriage Ride \u2013 Explore in Classic Style Step back in time and experience the charm of a horse-drawn carriage ride, This trip combines romance, relaxation, and a touch of nostalgia, making it ideal for couples, families, or anyone seeking a peaceful escape. \ud83d\ude90 Easy Pick-Up &amp; Warm Welcome Your experience begins [&hellip;]<\/p>","protected":false},"featured_media":10176,"comment_status":"open","ping_status":"closed","template":"","meta":{"_monsterinsights_skip_tracking":false,"_monsterinsights_sitenote_active":false,"_monsterinsights_sitenote_note":"","_monsterinsights_sitenote_category":0},"product_brand":[],"product_cat":[67],"product_tag":[],"class_list":{"0":"post-10175","1":"product","2":"type-product","3":"status-publish","4":"has-post-thumbnail","6":"product_cat-safari","8":"first","9":"instock","10":"shipping-taxable","11":"purchasable","12":"product-type-ovabrw_car_rental"},"aioseo_notices":[],"_links":{"self":[{"href":"https:\/\/safe-taxi-eg.com\/fr\/wp-json\/wp\/v2\/product\/10175","targetHints":{"allow":["GET"]}}],"collection":[{"href":"https:\/\/safe-taxi-eg.com\/fr\/wp-json\/wp\/v2\/product"}],"about":[{"href":"https:\/\/safe-taxi-eg.com\/fr\/wp-json\/wp\/v2\/types\/product"}],"replies":[{"embeddable":true,"href":"https:\/\/safe-taxi-eg.com\/fr\/wp-json\/wp\/v2\/comments?post=10175"}],"wp:featuredmedia":[{"embeddable":true,"href":"https:\/\/safe-taxi-eg.com\/fr\/wp-json\/wp\/v2\/media\/10176"}],"wp:attachment":[{"href":"https:\/\/safe-taxi-eg.com\/fr\/wp-json\/wp\/v2\/media?parent=10175"}],"wp:term":[{"taxonomy":"product_brand","embeddable":true,"href":"https:\/\/safe-taxi-eg.com\/fr\/wp-json\/wp\/v2\/product_brand?post=10175"},{"taxonomy":"product_cat","embeddable":true,"href":"https:\/\/safe-taxi-eg.com\/fr\/wp-json\/wp\/v2\/product_cat?post=10175"},{"taxonomy":"product_tag","embeddable":true,"href":"https:\/\/safe-taxi-eg.com\/fr\/wp-json\/wp\/v2\/product_tag?post=10175"}],"curies":[{"name":"wp","href":"https:\/\/api.w.org\/{rel}","templated":true}]}}