{"id":10196,"date":"2025-09-09T09:40:41","date_gmt":"2025-09-09T09:40:41","guid":{"rendered":"https:\/\/safe-taxi-eg.com\/?post_type=product&#038;p=10196"},"modified":"2025-11-28T14:33:50","modified_gmt":"2025-11-28T14:33:50","slug":"desert-sky-trip","status":"publish","type":"product","link":"https:\/\/safe-taxi-eg.com\/fr\/produit\/desert-sky-trip\/","title":{"rendered":"D\u00e9sert et ciel : coucher de soleil, \u00e9toiles et nuit b\u00e9douine"},"content":{"rendered":"<h3 data-start=\"117\" data-end=\"183\">\ud83c\udf0c Aventure dans le d\u00e9sert et le ciel - Magie des sables et des \u00e9toiles<\/h3>\n<p data-start=\"185\" data-end=\"470\">Entrez dans un monde d'\u00e9merveillement avec notre <strong data-start=\"222\" data-end=\"243\">Excursion dans le d\u00e9sert et le ciel<\/strong>, Le voyage de l'homme dans le d\u00e9sert, un voyage qui combine la beaut\u00e9 brute du d\u00e9sert avec le charme envo\u00fbtant du ciel nocturne. Cette exp\u00e9rience inoubliable est parfaite pour ceux qui recherchent <strong data-start=\"403\" data-end=\"451\">l'aventure, la tranquillit\u00e9 et une touche de magie<\/strong> sous les \u00e9toiles.<\/p>\n<h4 data-start=\"472\" data-end=\"509\">\ud83d\ude90 Prise en charge facile et accueil chaleureux<\/h4>\n<p data-start=\"510\" data-end=\"609\">Votre voyage commence par un <strong data-start=\"537\" data-end=\"567\">transfert confortable \u00e0 l'h\u00f4tel<\/strong>, Le site de l'h\u00f4tel est situ\u00e9 \u00e0 l'entr\u00e9e de la ville et vous emm\u00e8ne au c\u0153ur des sables dor\u00e9s.<\/p>\n<ul data-start=\"610\" data-end=\"703\">\n<li data-start=\"610\" data-end=\"662\">\n<p data-start=\"612\" data-end=\"662\">\ud83e\uddd1\u200d\ud83e\udd1d\u200d\ud83e\uddd1 Accueil par des guides sympathiques \u00e0 l'arriv\u00e9e<\/p>\n<\/li>\n<li data-start=\"663\" data-end=\"703\">\n<p data-start=\"665\" data-end=\"703\">\ud83e\udd64 Offrir des boissons de bienvenue rafra\u00eechissantes<\/p>\n<\/li>\n<\/ul>\n<h4 data-start=\"705\" data-end=\"732\">\ud83c\udfdc\ufe0f D\u00e9couverte du d\u00e9sert<\/h4>\n<p data-start=\"733\" data-end=\"811\">Explorez les paysages d\u00e9sertiques enchanteurs gr\u00e2ce \u00e0 une s\u00e9rie d'activit\u00e9s passionnantes :<\/p>\n<ul data-start=\"812\" data-end=\"984\">\n<li data-start=\"812\" data-end=\"868\">\n<p data-start=\"814\" data-end=\"868\">\ud83c\udfcd\ufe0f En option <strong data-start=\"827\" data-end=\"849\">promenade en quad ou en buggy<\/strong> \u00e0 travers les dunes<\/p>\n<\/li>\n<li data-start=\"869\" data-end=\"921\">\n<p data-start=\"871\" data-end=\"921\">\ud83d\udc2a Douceur <strong data-start=\"881\" data-end=\"895\">promenade \u00e0 dos de chameau<\/strong> pour une touche traditionnelle<\/p>\n<\/li>\n<li data-start=\"922\" data-end=\"984\">\n<p data-start=\"924\" data-end=\"984\">\ud83c\udfde\ufe0f Pause pour reprendre son souffle <strong data-start=\"951\" data-end=\"982\">Vue sur les dunes au coucher du soleil<\/strong><\/p>\n<\/li>\n<\/ul>\n<h4 data-start=\"986\" data-end=\"1020\">\ud83c\udf0c Observation des \u00e9toiles et merveilles du ciel<\/h4>\n<p data-start=\"1021\" data-end=\"1087\">\u00c0 la tomb\u00e9e de la nuit, le d\u00e9sert r\u00e9v\u00e8le ses <strong data-start=\"1063\" data-end=\"1084\">le c\u00f4t\u00e9 le plus magique<\/strong>:<\/p>\n<ul data-start=\"1088\" data-end=\"1274\">\n<li data-start=\"1088\" data-end=\"1141\">\n<p data-start=\"1090\" data-end=\"1141\">\ud83d\udd2d Utiliser des t\u00e9lescopes professionnels pour <strong data-start=\"1125\" data-end=\"1139\">observation des \u00e9toiles<\/strong><\/p>\n<\/li>\n<li data-start=\"1142\" data-end=\"1216\">\n<p data-start=\"1144\" data-end=\"1216\">\ud83c\udf20 En savoir plus <strong data-start=\"1159\" data-end=\"1214\">constellations, plan\u00e8tes et mythes du ciel nocturne<\/strong><\/p>\n<\/li>\n<li data-start=\"1217\" data-end=\"1274\">\n<p data-start=\"1219\" data-end=\"1274\">\u2728 D\u00e9couvrez le silence paisible de la nuit dans le d\u00e9sert<\/p>\n<\/li>\n<\/ul>\n<h4 data-start=\"1276\" data-end=\"1309\">\ud83c\udf7d\ufe0f D\u00eener et divertissement<\/h4>\n<p data-start=\"1310\" data-end=\"1373\">Savourez un d\u00e9licieux <strong data-start=\"1328\" data-end=\"1352\">D\u00eener b\u00e9douin<\/strong> sous les \u00e9toiles :<\/p>\n<ul data-start=\"1374\" data-end=\"1466\">\n<li data-start=\"1374\" data-end=\"1420\">\n<p data-start=\"1376\" data-end=\"1420\">\ud83c\udf62 Plats au barbecue et saveurs traditionnelles<\/p>\n<\/li>\n<li data-start=\"1421\" data-end=\"1466\">\n<p data-start=\"1423\" data-end=\"1466\">\ud83c\udfb6 Musique orientale et spectacles de danse folklorique<\/p>\n<\/li>\n<\/ul>\n<h4 data-start=\"1468\" data-end=\"1492\">\ud83c\udfc1 Retour d\u00e9tendu<\/h4>\n<p data-start=\"1493\" data-end=\"1624\">Terminez votre soir\u00e9e par un <strong data-start=\"1517\" data-end=\"1556\">retour confortable \u00e0 l'h\u00f4tel<\/strong>, qui porte les souvenirs de l'histoire de la <strong data-start=\"1583\" data-end=\"1621\">le d\u00e9sert le jour et le ciel la nuit<\/strong>.<\/p>\n<p data-start=\"52\" data-end=\"200\">\ud83e\udd11 <strong data-start=\"55\" data-end=\"74\">Prix de l'excursion<\/strong><br data-start=\"74\" data-end=\"77\" \/>\ud83d\ude4e\ud83c\udffb\u200d\u2642\ufe0f <strong data-start=\"85\" data-end=\"106\">16 ans et plus :<\/strong> \u20ac 45<br data-start=\"110\" data-end=\"113\" \/>\ud83e\uddcd\ud83c\udffb\u200d\u2640\ufe0f <strong data-start=\"121\" data-end=\"153\">6-15 ans (passager uniquement) :<\/strong> \u20ac 40<br data-start=\"157\" data-end=\"160\" \/>\ud83d\udc7c\ud83c\udffc <strong data-start=\"165\" data-end=\"183\">Moins de 6 ans :<\/strong> \ud83d\udeab Non autoris\u00e9<\/p>\n<h3 data-start=\"2198\" data-end=\"2225\"><strong data-start=\"2205\" data-end=\"2223\">Le paiement en USD ($ \ud83c\uddfa\ud83c\uddf8) au lieu de l'EUR (\u20ac \ud83c\uddea\ud83c\uddfa) est possible en fonction du taux de change bancaire quotidien.<\/strong><\/h3>\n<p><strong>R\u00e9server par WhatsApp :<\/strong><\/p>\n<p><a href=\"https:\/\/wa.me\/201021058859\" target=\"_blank\" rel=\"noopener\">\u00a0<img decoding=\"async\" class=\"alignnone wp-image-2058\" src=\"https:\/\/poehalisnamiegypt.com\/wp-content\/uploads\/2024\/02\/pngwing.com_-300x300.png\" sizes=\"auto, (max-width: 35px) 100vw, 35px\" srcset=\"https:\/\/poehalisnamiegypt.com\/wp-content\/uploads\/2024\/02\/pngwing.com_-300x300.png 300w, https:\/\/poehalisnamiegypt.com\/wp-content\/uploads\/2024\/02\/pngwing.com_-150x150.png 150w, https:\/\/poehalisnamiegypt.com\/wp-content\/uploads\/2024\/02\/pngwing.com_.png 584w\" alt=\"\" width=\"53\" height=\"53\" \/><\/a><\/p>\n<div id=\"gtx-trans\" style=\"position: absolute; left: 123px; top: 3.9125px;\">\n<div class=\"gtx-trans-icon\"><\/div>\n<\/div>\n<div id=\"gtx-trans\" style=\"position: absolute; left: 123px; top: 3.9125px;\">\n<div class=\"gtx-trans-icon\"><\/div>\n<\/div>","protected":false},"excerpt":{"rendered":"<p>\ud83c\udf0c Desert &amp; Sky Adventure \u2013 Magic of the Sands and the Stars Step into a world of wonder with our Desert &amp; Sky Trip, a journey that combines the raw beauty of the desert with the mesmerizing charm of the night sky. This unforgettable experience is perfect for those who seek adventure, tranquility, and [&hellip;]<\/p>","protected":false},"featured_media":10201,"comment_status":"open","ping_status":"closed","template":"","meta":{"_monsterinsights_skip_tracking":false,"_monsterinsights_sitenote_active":false,"_monsterinsights_sitenote_note":"","_monsterinsights_sitenote_category":0},"product_brand":[],"product_cat":[67],"product_tag":[],"class_list":{"0":"post-10196","1":"product","2":"type-product","3":"status-publish","4":"has-post-thumbnail","6":"product_cat-safari","8":"first","9":"instock","10":"shipping-taxable","11":"purchasable","12":"product-type-ovabrw_car_rental"},"aioseo_notices":[],"_links":{"self":[{"href":"https:\/\/safe-taxi-eg.com\/fr\/wp-json\/wp\/v2\/product\/10196","targetHints":{"allow":["GET"]}}],"collection":[{"href":"https:\/\/safe-taxi-eg.com\/fr\/wp-json\/wp\/v2\/product"}],"about":[{"href":"https:\/\/safe-taxi-eg.com\/fr\/wp-json\/wp\/v2\/types\/product"}],"replies":[{"embeddable":true,"href":"https:\/\/safe-taxi-eg.com\/fr\/wp-json\/wp\/v2\/comments?post=10196"}],"wp:featuredmedia":[{"embeddable":true,"href":"https:\/\/safe-taxi-eg.com\/fr\/wp-json\/wp\/v2\/media\/10201"}],"wp:attachment":[{"href":"https:\/\/safe-taxi-eg.com\/fr\/wp-json\/wp\/v2\/media?parent=10196"}],"wp:term":[{"taxonomy":"product_brand","embeddable":true,"href":"https:\/\/safe-taxi-eg.com\/fr\/wp-json\/wp\/v2\/product_brand?post=10196"},{"taxonomy":"product_cat","embeddable":true,"href":"https:\/\/safe-taxi-eg.com\/fr\/wp-json\/wp\/v2\/product_cat?post=10196"},{"taxonomy":"product_tag","embeddable":true,"href":"https:\/\/safe-taxi-eg.com\/fr\/wp-json\/wp\/v2\/product_tag?post=10196"}],"curies":[{"name":"wp","href":"https:\/\/api.w.org\/{rel}","templated":true}]}}