{"id":10204,"date":"2025-09-09T09:48:34","date_gmt":"2025-09-09T09:48:34","guid":{"rendered":"https:\/\/safe-taxi-eg.com\/?post_type=product&#038;p=10204"},"modified":"2025-11-28T14:33:26","modified_gmt":"2025-11-28T14:33:26","slug":"10204","status":"publish","type":"product","link":"https:\/\/safe-taxi-eg.com\/fr\/produit\/10204\/","title":{"rendered":"Excursion en quad au lever du soleil : Randonn\u00e9e dans le d\u00e9sert et vue sur l'or"},"content":{"rendered":"<h3 data-start=\"98\" data-end=\"155\">Aventure en quad au lever du soleil - Le d\u00e9sert d'Hurghada s'\u00e9veille<\/h3>\n<p data-start=\"157\" data-end=\"430\">Commencez votre journ\u00e9e par un <strong data-start=\"180\" data-end=\"214\">Excursion inoubliable au lever du soleil en quad<\/strong> et regarder le <strong data-start=\"229\" data-end=\"261\">premiers rayons dor\u00e9s du soleil<\/strong> illuminent les montagnes et les falaises spectaculaires du d\u00e9sert d'Hurghada. Cette escapade matinale offre un m\u00e9lange parfait de <strong data-start=\"381\" data-end=\"427\">l'aventure, la tranquillit\u00e9 et la beaut\u00e9 naturelle<\/strong>.<\/p>\n<h4 data-start=\"432\" data-end=\"463\">\ud83d\ude90 Transferts sans probl\u00e8me<\/h4>\n<p data-start=\"464\" data-end=\"593\">Commencez votre voyage avec un <strong data-start=\"490\" data-end=\"532\">prise en charge et retour \u00e0 l'h\u00f4tel dans de bonnes conditions<\/strong>, Le syst\u00e8me de gestion de l'information de la Commission europ\u00e9enne (CEI) permet de d\u00e9marrer l'aventure en douceur et sans souci.<\/p>\n<h4 data-start=\"595\" data-end=\"633\">\ud83c\udfcd\ufe0f Randonn\u00e9e en VTT dans le d\u00e9sert<\/h4>\n<p data-start=\"634\" data-end=\"739\">Que vous soyez un <strong data-start=\"651\" data-end=\"700\">le cavalier d\u00e9butant ou l'aventurier exp\u00e9riment\u00e9<\/strong>, Cette visite est con\u00e7ue pour tout le monde :<\/p>\n<ul data-start=\"740\" data-end=\"938\">\n<li data-start=\"740\" data-end=\"815\">\n<p data-start=\"742\" data-end=\"815\">\ud83e\uddd1\u200d\ud83c\udfeb Recevoir un <strong data-start=\"758\" data-end=\"794\">briefing et instructions de conduite<\/strong> par des guides experts<\/p>\n<\/li>\n<li data-start=\"816\" data-end=\"856\">\n<p data-start=\"818\" data-end=\"856\">\ud83e\uddba S'\u00e9quiper de <strong data-start=\"839\" data-end=\"854\">\u00e9quipement de s\u00e9curit\u00e9<\/strong><\/p>\n<\/li>\n<li data-start=\"857\" data-end=\"938\">\n<p data-start=\"859\" data-end=\"938\">\ud83c\udf04 Suivez votre guide touristique sur une <strong data-start=\"891\" data-end=\"912\">randonn\u00e9e de type safari<\/strong> \u00e0 travers les sables dor\u00e9s<\/p>\n<\/li>\n<\/ul>\n<h4 data-start=\"940\" data-end=\"966\">\ud83c\udf1e Magie du lever de soleil<\/h4>\n<p data-start=\"967\" data-end=\"1169\">Le d\u00e9sert s'anime au rythme de la <strong data-start=\"1004\" data-end=\"1054\">le soleil se l\u00e8ve sur les falaises et les montagnes escarp\u00e9es<\/strong>, L'air frais et paisible du matin cr\u00e9e des paysages \u00e0 couper le souffle, parfaits pour la photographie et la r\u00e9flexion.<\/p>\n<h4 data-start=\"1171\" data-end=\"1208\">\ud83d\udd4a\ufe0f Pourquoi choisir une excursion au lever du soleil ?<\/h4>\n<ul data-start=\"1209\" data-end=\"1385\">\n<li data-start=\"1209\" data-end=\"1284\">\n<p data-start=\"1211\" data-end=\"1284\">\u2744\ufe0f <strong data-start=\"1214\" data-end=\"1258\">Des temp\u00e9ratures plus fra\u00eeches et plus confortables<\/strong> avant que la journ\u00e9e ne se r\u00e9chauffe<\/p>\n<\/li>\n<li data-start=\"1285\" data-end=\"1328\">\n<p data-start=\"1287\" data-end=\"1328\">\ud83d\udeab \u00c9viter les <strong data-start=\"1300\" data-end=\"1326\">chaleur de midi et foule<\/strong><\/p>\n<\/li>\n<li data-start=\"1329\" data-end=\"1385\">\n<p data-start=\"1331\" data-end=\"1385\">\u26a1 Confirmation instantan\u00e9e de la r\u00e9servation pour <strong data-start=\"1366\" data-end=\"1383\">tranquillit\u00e9 d'esprit<\/strong><\/p>\n<\/li>\n<\/ul>\n<p data-start=\"52\" data-end=\"200\">\ud83e\udd11 <strong data-start=\"55\" data-end=\"74\">Prix de l'excursion<\/strong><br data-start=\"74\" data-end=\"77\" \/>\ud83d\ude4e\ud83c\udffb\u200d\u2642\ufe0f <strong data-start=\"85\" data-end=\"106\">16 ans et plus :<\/strong> \u20ac 32<br data-start=\"110\" data-end=\"113\" \/>\ud83e\uddcd\ud83c\udffb\u200d\u2640\ufe0f <strong data-start=\"121\" data-end=\"153\">6-15 ans (passager uniquement) :<\/strong> \u20ac 20<br data-start=\"157\" data-end=\"160\" \/>\ud83d\udc7c\ud83c\udffc <strong data-start=\"165\" data-end=\"183\">Moins de 6 ans :<\/strong> \ud83d\udeab Non autoris\u00e9<\/p>\n<h3 data-start=\"2198\" data-end=\"2225\"><strong data-start=\"2205\" data-end=\"2223\">Le paiement en USD ($ \ud83c\uddfa\ud83c\uddf8) au lieu de l'EUR (\u20ac \ud83c\uddea\ud83c\uddfa) est possible en fonction du taux de change bancaire quotidien.<\/strong><\/h3>\n<p><strong>R\u00e9server par WhatsApp :<\/strong><\/p>\n<p><a href=\"https:\/\/wa.me\/201021058859\" target=\"_blank\" rel=\"noopener\">\u00a0<img decoding=\"async\" class=\"alignnone wp-image-2058\" src=\"https:\/\/poehalisnamiegypt.com\/wp-content\/uploads\/2024\/02\/pngwing.com_-300x300.png\" sizes=\"auto, (max-width: 35px) 100vw, 35px\" srcset=\"https:\/\/poehalisnamiegypt.com\/wp-content\/uploads\/2024\/02\/pngwing.com_-300x300.png 300w, https:\/\/poehalisnamiegypt.com\/wp-content\/uploads\/2024\/02\/pngwing.com_-150x150.png 150w, https:\/\/poehalisnamiegypt.com\/wp-content\/uploads\/2024\/02\/pngwing.com_.png 584w\" alt=\"\" width=\"53\" height=\"53\" \/><\/a><\/p>\n<div id=\"gtx-trans\" style=\"position: absolute; left: 118px; top: 3.9125px;\">\n<div class=\"gtx-trans-icon\"><\/div>\n<\/div>","protected":false},"excerpt":{"rendered":"<p>\ud83c\udf05 Sunrise Quad Adventure \u2013 Hurghada Desert Awakened Start your day with an unforgettable sunrise Quad tour and watch the first golden rays of the sun illuminate the dramatic mountains and cliffs of Hurghada\u2019s desert. This early morning escape offers the perfect mix of adventure, tranquility, and natural beauty. \ud83d\ude90 Hassle-Free Transfers Begin your journey [&hellip;]<\/p>","protected":false},"featured_media":10205,"comment_status":"open","ping_status":"closed","template":"","meta":{"_monsterinsights_skip_tracking":false,"_monsterinsights_sitenote_active":false,"_monsterinsights_sitenote_note":"","_monsterinsights_sitenote_category":0},"product_brand":[],"product_cat":[67],"product_tag":[],"class_list":{"0":"post-10204","1":"product","2":"type-product","3":"status-publish","4":"has-post-thumbnail","6":"product_cat-safari","8":"first","9":"instock","10":"shipping-taxable","11":"purchasable","12":"product-type-ovabrw_car_rental"},"aioseo_notices":[],"_links":{"self":[{"href":"https:\/\/safe-taxi-eg.com\/fr\/wp-json\/wp\/v2\/product\/10204","targetHints":{"allow":["GET"]}}],"collection":[{"href":"https:\/\/safe-taxi-eg.com\/fr\/wp-json\/wp\/v2\/product"}],"about":[{"href":"https:\/\/safe-taxi-eg.com\/fr\/wp-json\/wp\/v2\/types\/product"}],"replies":[{"embeddable":true,"href":"https:\/\/safe-taxi-eg.com\/fr\/wp-json\/wp\/v2\/comments?post=10204"}],"wp:featuredmedia":[{"embeddable":true,"href":"https:\/\/safe-taxi-eg.com\/fr\/wp-json\/wp\/v2\/media\/10205"}],"wp:attachment":[{"href":"https:\/\/safe-taxi-eg.com\/fr\/wp-json\/wp\/v2\/media?parent=10204"}],"wp:term":[{"taxonomy":"product_brand","embeddable":true,"href":"https:\/\/safe-taxi-eg.com\/fr\/wp-json\/wp\/v2\/product_brand?post=10204"},{"taxonomy":"product_cat","embeddable":true,"href":"https:\/\/safe-taxi-eg.com\/fr\/wp-json\/wp\/v2\/product_cat?post=10204"},{"taxonomy":"product_tag","embeddable":true,"href":"https:\/\/safe-taxi-eg.com\/fr\/wp-json\/wp\/v2\/product_tag?post=10204"}],"curies":[{"name":"wp","href":"https:\/\/api.w.org\/{rel}","templated":true}]}}