{"id":10774,"date":"2025-09-13T16:56:57","date_gmt":"2025-09-13T16:56:57","guid":{"rendered":"https:\/\/safe-taxi-eg.com\/?post_type=product&#038;p=10774"},"modified":"2025-12-17T17:17:45","modified_gmt":"2025-12-17T17:17:45","slug":"hamata-islands","status":"publish","type":"product","link":"https:\/\/safe-taxi-eg.com\/fr\/produit\/hamata-islands\/","title":{"rendered":"\u00celes Hamata : Plong\u00e9e en apn\u00e9e, nature et paradis"},"content":{"rendered":"<h3 data-start=\"83\" data-end=\"141\">\ud83c\udfdd\ufe0f <strong data-start=\"91\" data-end=\"139\">Excursion inoubliable d'une journ\u00e9e aux \u00eeles Hamata<\/strong><\/h3>\n<p data-start=\"55\" data-end=\"430\">Embarquez pour une excursion d'une journ\u00e9e inoubliable vers les \u00eeles vierges de Hamata, situ\u00e9es \u00e0 environ 130 km au sud de Marsa Alam. Ce paradis isol\u00e9, qui fait partie du parc national de Wadi El Gemal, est r\u00e9put\u00e9 pour sa beaut\u00e9 intacte, ses r\u00e9cifs coralliens \u00e9clatants et sa vie marine diversifi\u00e9e. Souvent appel\u00e9es les \u201cMaldives \u00e9gyptiennes\u201d, les \u00eeles offrent une \u00e9chapp\u00e9e sereine dans la nature.<\/p>\n<hr data-start=\"432\" data-end=\"435\" \/>\n<h2 data-start=\"437\" data-end=\"463\">\ud83c\udf0a <strong data-start=\"443\" data-end=\"463\">Points forts du voyage :<\/strong><\/h2>\n<ul data-start=\"465\" data-end=\"1418\">\n<li data-start=\"465\" data-end=\"815\">\n<p data-start=\"467\" data-end=\"815\"><strong data-start=\"467\" data-end=\"506\">Plong\u00e9e en apn\u00e9e aux trois \u00eeles Vierges :<\/strong><br data-start=\"506\" data-end=\"509\" \/>Explorez les eaux cristallines entourant les \u00eeles Siyal, Shawarit et Umm al-Shaykh. Vous y d\u00e9couvrirez des r\u00e9cifs coralliens color\u00e9s et une vari\u00e9t\u00e9 de poissons tropicaux uniques dans cette r\u00e9gion. La biodiversit\u00e9 de la r\u00e9gion comprend plus de 450 esp\u00e8ces de coraux et plus de 1 200 esp\u00e8ces de poissons.<\/p>\n<\/li>\n<li data-start=\"817\" data-end=\"1023\">\n<p data-start=\"819\" data-end=\"1023\"><strong data-start=\"819\" data-end=\"855\">Promenade sur la plage et observation des oiseaux :<\/strong><br data-start=\"855\" data-end=\"858\" \/>Accostez sur l'une des \u00eeles pour vous promener tranquillement le long de ses plages de sable blanc. Observez la richesse de l'avifaune qui habite la r\u00e9gion, ce qui ajoute au charme des \u00eeles.<\/p>\n<\/li>\n<li data-start=\"1025\" data-end=\"1202\">\n<p data-start=\"1027\" data-end=\"1202\"><strong data-start=\"1027\" data-end=\"1045\">D\u00e9jeuner \u00e0 bord :<\/strong><br data-start=\"1045\" data-end=\"1048\" \/>Savourez un d\u00e9licieux d\u00e9jeuner fra\u00eechement pr\u00e9par\u00e9 sur le bateau, accompagn\u00e9 de boissons non alcoolis\u00e9es et de nombreuses bouteilles d'eau, tout en admirant le magnifique paysage.<\/p>\n<\/li>\n<li data-start=\"1204\" data-end=\"1418\">\n<p data-start=\"1206\" data-end=\"1418\"><strong data-start=\"1206\" data-end=\"1233\">Rencontres de la vie marine :<\/strong><br data-start=\"1233\" data-end=\"1236\" \/>Les \u00eeles abritent des dugongs, des dauphins, des raies et des tortues imbriqu\u00e9es, qui broutent souvent dans les prairies d'herbes marines qui bordent les \u00eeles.<\/p>\n<h5><img decoding=\"async\" class=\"emoji\" role=\"img\" draggable=\"false\" src=\"https:\/\/s.w.org\/images\/core\/emoji\/16.0.1\/svg\/1f4dd.svg\" alt=\"\ud83d\udcdd\" \/>\u00a0Evaluation<\/h5>\n<ul>\n<li><img decoding=\"async\" class=\"emoji\" role=\"img\" draggable=\"false\" src=\"https:\/\/s.w.org\/images\/core\/emoji\/16.0.1\/svg\/26a0.svg\" alt=\"\u26a0\ufe0f\" \/>\u00a0Prix \u00e9tabli \u00e0 partir de Marsa Alam. Un suppl\u00e9ment de transfert est applicable au d\u00e9part d'Hurghada<\/li>\n<\/ul>\n<h3 data-start=\"54\" data-end=\"78\">Prix de l'excursion<\/h3>\n<ul data-start=\"79\" data-end=\"219\">\n<li data-start=\"79\" data-end=\"126\">\n<p data-start=\"81\" data-end=\"126\">\ud83d\ude4e\ud83c\udffb\u200d\u2642\ufe0f Adultes (12 ans et plus) : <strong data-start=\"117\" data-end=\"124\">65 \u20ac<\/strong><\/p>\n<\/li>\n<li data-start=\"127\" data-end=\"177\">\n<p data-start=\"129\" data-end=\"177\">\ud83e\uddcd\ud83c\udffb\u200d\u2640\ufe0f Enfants (jusqu'\u00e0 12 ans) : <strong data-start=\"168\" data-end=\"175\">40 \u20ac<\/strong><\/p>\n<\/li>\n<li data-start=\"178\" data-end=\"219\">\n<p data-start=\"180\" data-end=\"219\">\ud83d\udc7c\ud83c\udffc Enfants de moins de 5 ans : <strong data-start=\"209\" data-end=\"217\">Gratuit<\/strong><\/p>\n<\/li>\n<\/ul>\n<\/li>\n<\/ul>\n<h3 data-start=\"2198\" data-end=\"2225\"><strong data-start=\"2205\" data-end=\"2223\">Le paiement en USD ($ \ud83c\uddfa\ud83c\uddf8) au lieu de l'EUR (\u20ac \ud83c\uddea\ud83c\uddfa) est possible en fonction du taux de change bancaire quotidien.<\/strong><\/h3>\n<ul data-start=\"465\" data-end=\"1418\">\n<li data-start=\"1204\" data-end=\"1418\"><strong>R\u00e9server par WhatsApp :<\/strong><a href=\"https:\/\/wa.me\/201021058859\" target=\"_blank\" rel=\"noopener\"><img decoding=\"async\" class=\"alignnone wp-image-2058\" src=\"https:\/\/poehalisnamiegypt.com\/wp-content\/uploads\/2024\/02\/pngwing.com_-300x300.png\" sizes=\"auto, (max-width: 35px) 100vw, 35px\" srcset=\"https:\/\/poehalisnamiegypt.com\/wp-content\/uploads\/2024\/02\/pngwing.com_-300x300.png 300w, https:\/\/poehalisnamiegypt.com\/wp-content\/uploads\/2024\/02\/pngwing.com_-150x150.png 150w, https:\/\/poehalisnamiegypt.com\/wp-content\/uploads\/2024\/02\/pngwing.com_.png 584w\" alt=\"\" width=\"53\" height=\"53\" \/><\/a><\/li>\n<\/ul>\n<div id=\"gtx-trans\" style=\"position: absolute; left: 269px; top: 53.7125px;\">\n<div class=\"gtx-trans-icon\"><\/div>\n<\/div>\n<div id=\"gtx-trans\" style=\"position: absolute; left: 269px; top: 53.7125px;\">\n<div class=\"gtx-trans-icon\"><\/div>\n<\/div>","protected":false},"excerpt":{"rendered":"<p>\ud83c\udfdd\ufe0f Unforgettable Day Trip to the Hamata Islands Embark on an unforgettable day trip to the pristine Hamata Islands, located approximately 130 km south of Marsa Alam. This secluded paradise, part of the Wadi El Gemal National Park, is renowned for its untouched beauty, vibrant coral reefs, and diverse marine life. Often referred to as [&hellip;]<\/p>","protected":false},"featured_media":10779,"comment_status":"open","ping_status":"closed","template":"","meta":{"_monsterinsights_skip_tracking":false,"_monsterinsights_sitenote_active":false,"_monsterinsights_sitenote_note":"","_monsterinsights_sitenote_category":0},"product_brand":[],"product_cat":[66],"product_tag":[],"class_list":{"0":"post-10774","1":"product","2":"type-product","3":"status-publish","4":"has-post-thumbnail","6":"product_cat-marsa-alam","8":"first","9":"instock","10":"shipping-taxable","11":"purchasable","12":"product-type-ovabrw_car_rental"},"aioseo_notices":[],"_links":{"self":[{"href":"https:\/\/safe-taxi-eg.com\/fr\/wp-json\/wp\/v2\/product\/10774","targetHints":{"allow":["GET"]}}],"collection":[{"href":"https:\/\/safe-taxi-eg.com\/fr\/wp-json\/wp\/v2\/product"}],"about":[{"href":"https:\/\/safe-taxi-eg.com\/fr\/wp-json\/wp\/v2\/types\/product"}],"replies":[{"embeddable":true,"href":"https:\/\/safe-taxi-eg.com\/fr\/wp-json\/wp\/v2\/comments?post=10774"}],"wp:featuredmedia":[{"embeddable":true,"href":"https:\/\/safe-taxi-eg.com\/fr\/wp-json\/wp\/v2\/media\/10779"}],"wp:attachment":[{"href":"https:\/\/safe-taxi-eg.com\/fr\/wp-json\/wp\/v2\/media?parent=10774"}],"wp:term":[{"taxonomy":"product_brand","embeddable":true,"href":"https:\/\/safe-taxi-eg.com\/fr\/wp-json\/wp\/v2\/product_brand?post=10774"},{"taxonomy":"product_cat","embeddable":true,"href":"https:\/\/safe-taxi-eg.com\/fr\/wp-json\/wp\/v2\/product_cat?post=10774"},{"taxonomy":"product_tag","embeddable":true,"href":"https:\/\/safe-taxi-eg.com\/fr\/wp-json\/wp\/v2\/product_tag?post=10774"}],"curies":[{"name":"wp","href":"https:\/\/api.w.org\/{rel}","templated":true}]}}