{"id":10994,"date":"2025-09-21T22:23:43","date_gmt":"2025-09-21T22:23:43","guid":{"rendered":"https:\/\/safe-taxi-eg.com\/?post_type=product&#038;p=10994"},"modified":"2025-11-28T14:24:10","modified_gmt":"2025-11-28T14:24:10","slug":"coral-garden-trip","status":"publish","type":"product","link":"https:\/\/safe-taxi-eg.com\/fr\/produit\/coral-garden-trip\/","title":{"rendered":"Coral Garden : Plong\u00e9e en apn\u00e9e, plong\u00e9e et magie de la mer Rouge"},"content":{"rendered":"<hr data-start=\"76\" data-end=\"79\" \/>\n<h1 data-start=\"81\" data-end=\"140\">\ud83d\udc20\u2728 Coral Garden - Marsa Alam's Underwater Paradise \u2728\ud83d\udc20\ud83d\udc20<\/h1>\n<p data-start=\"142\" data-end=\"258\">Plongez dans le monde vibrant de <strong data-start=\"173\" data-end=\"189\">Jardin de corail<\/strong>, L'un des plus beaux sites de plong\u00e9e et de snorkeling de Marsa Alam ! \ud83c\udf0a<\/p>\n<p data-start=\"260\" data-end=\"442\">Avec <strong data-start=\"265\" data-end=\"299\">des eaux turquoises cristallines<\/strong>, <strong data-start=\"301\" data-end=\"325\">r\u00e9cifs coralliens color\u00e9s<\/strong>, Coral Garden est une destination de r\u00eave pour les explorateurs sous-marins de tous niveaux.<\/p>\n<h3 data-start=\"444\" data-end=\"463\">\u2728 Faits marquants :<\/h3>\n<ul data-start=\"464\" data-end=\"947\">\n<li data-start=\"464\" data-end=\"566\">\n<p data-start=\"466\" data-end=\"566\"><strong data-start=\"466\" data-end=\"494\">Aventure de plong\u00e9e en apn\u00e9e \ud83e\udd3f :<\/strong> Nagez parmi les coraux \u00e9clatants et les poissons exotiques \u00e0 quelques m\u00e8tres du rivage.<\/p>\n<\/li>\n<li data-start=\"567\" data-end=\"685\">\n<p data-start=\"569\" data-end=\"685\"><strong data-start=\"569\" data-end=\"591\">Plong\u00e9e sous-marine \ud83e\udd3f\ud83d\udc20 :<\/strong> Explorez les formations coralliennes magiques et d\u00e9couvrez le riche \u00e9cosyst\u00e8me marin de la mer Rouge.<\/p>\n<\/li>\n<li data-start=\"686\" data-end=\"785\">\n<p data-start=\"688\" data-end=\"785\"><strong data-start=\"688\" data-end=\"724\">Amusement familial \ud83d\udc68\u200d\ud83d\udc69\u200d\ud83d\udc67\u200d\ud83d\udc66 :<\/strong> Les zones peu profondes et s\u00fbres sont parfaites pour les d\u00e9butants et les enfants.<\/p>\n<\/li>\n<li data-start=\"786\" data-end=\"862\">\n<p data-start=\"788\" data-end=\"862\"><strong data-start=\"788\" data-end=\"818\">Photographie et souvenirs \ud83d\udcf8 :<\/strong> Capturez des moments inoubliables sous l'eau.<\/p>\n<\/li>\n<li data-start=\"863\" data-end=\"947\">\n<p data-start=\"865\" data-end=\"947\"><strong data-start=\"865\" data-end=\"896\">D\u00e9tente sur la plage \ud83c\udf1e :<\/strong> Du sable doux, des vagues l\u00e9g\u00e8res et des vues \u00e0 couper le souffle.<\/p>\n<\/li>\n<\/ul>\n<h3 data-start=\"949\" data-end=\"975\">\ud83c\udf1f Pourquoi Coral Garden ?<\/h3>\n<p data-start=\"976\" data-end=\"1180\">Que vous soyez un <strong data-start=\"993\" data-end=\"1039\">plongeur, plongeur avec tuba, ou simplement amoureux de la nature<\/strong>, Les promesses de Coral Garden \u00e0 Marsa Alam <strong data-start=\"1077\" data-end=\"1139\">une journ\u00e9e magique pleine d'aventures, de d\u00e9couvertes et de d\u00e9tente<\/strong>. A ne pas manquer <strong data-start=\"1157\" data-end=\"1172\">Joyau de la mer Rouge<\/strong>! \ud83d\udc22\ud83d\udc20<\/p>\n<div class=\"st-highlight\">\n<h2 class=\"st-heading-section\">Programme<\/h2>\n<ul>\n<li>D\u00e9part vers 7h30 (approximatif)<\/li>\n<li>Retour vers 16h00 (approximatif)<\/li>\n<li>2 s\u00e9ances de plong\u00e9e en apn\u00e9e<\/li>\n<\/ul>\n<\/div>\n<div class=\"accordion-item\">\n<h2 class=\"st-heading-section\">Options incluses<\/h2>\n<div id=\"collapseInExClude\" class=\"accordion-collapse collapse show\" aria-labelledby=\"headingInExClude\" data-bs-parent=\"#headingInExClude\">\n<div class=\"accordion-body\">\n<div class=\"row\">\n<div class=\"col-lg-6\">\n<ul class=\"include\">\n<li>Transfert \u00e0 l'h\u00f4tel - activit\u00e9<\/li>\n<li>\u00c9quipement de plong\u00e9e avec tuba<\/li>\n<li>D\u00e9jeuner + boisson non alcoolis\u00e9e<\/li>\n<\/ul>\n<\/div>\n<p data-start=\"1518\" data-end=\"1574\">\ud83e\udd11 <strong data-start=\"44\" data-end=\"63\">Prix des activit\u00e9s\u00a0<\/strong><br data-start=\"63\" data-end=\"66\" \/>\ud83d\udc68\ud83c\udffb\u200d\ud83e\uddb1 Adultes (12 ans et plus) : <strong data-start=\"103\" data-end=\"110\">50 \u20ac<\/strong><br data-start=\"110\" data-end=\"113\" \/>\ud83e\uddcd\ud83c\udffb\u200d\u2640\ufe0f Enfants (jusqu'\u00e0 12 ans) : <strong data-start=\"148\" data-end=\"155\">25 \u20ac<\/strong><br data-start=\"155\" data-end=\"158\" \/>\ud83d\udc7c\ud83c\udffc Enfants (jusqu'\u00e0 5 ans) : <strong data-start=\"189\" data-end=\"197\">Gratuit<\/strong><\/p>\n<p data-start=\"1518\" data-end=\"1574\">\ud83e\udd11 <strong data-start=\"44\" data-end=\"63\">Prix de l'activit\u00e9 ( Plong\u00e9e Intro )<\/strong><br data-start=\"63\" data-end=\"66\" \/>\ud83d\udc68\ud83c\udffb\u200d\ud83e\uddb1 Adultes : <strong data-start=\"103\" data-end=\"110\">70 \u20ac<\/strong><\/p>\n<p data-start=\"1518\" data-end=\"1574\">\ud83e\udd11 <strong data-start=\"44\" data-end=\"63\">Prix des activit\u00e9s ( Plong\u00e9e quotidienne )<\/strong><br data-start=\"63\" data-end=\"66\" \/>\ud83d\udc68\ud83c\udffb\u200d\ud83e\uddb1 Adultes : <strong data-start=\"103\" data-end=\"110\">95 \u20ac<\/strong><\/p>\n<h3 data-start=\"2198\" data-end=\"2225\"><strong data-start=\"2205\" data-end=\"2223\">Le paiement en USD ($ \ud83c\uddfa\ud83c\uddf8) au lieu de l'EUR (\u20ac \ud83c\uddea\ud83c\uddfa) est possible en fonction du taux de change bancaire quotidien.<\/strong><\/h3>\n<\/div>\n<\/div>\n<\/div>\n<\/div>\n<div id=\"gtx-trans\" style=\"position: absolute; left: 202px; top: 18.6375px;\">\n<div class=\"gtx-trans-icon\"><\/div>\n<\/div>\n<div id=\"gtx-trans\" style=\"position: absolute; left: 202px; top: 18.6375px;\">\n<div class=\"gtx-trans-icon\"><\/div>\n<\/div>","protected":false},"excerpt":{"rendered":"<p>\ud83d\udc20\u2728 Coral Garden \u2013 Marsa Alam\u2019s Underwater Paradise \u2728\ud83d\udc20 Dive into the vibrant world of Coral Garden, one of Marsa Alam\u2019s most stunning snorkeling and diving spots! \ud83c\udf0a With crystal-clear turquoise waters, colorful coral reefs, and an abundance of tropical fish \ud83d\udc1f, Coral Garden is a dream destination for underwater explorers of all levels. \u2728 [&hellip;]<\/p>","protected":false},"featured_media":10995,"comment_status":"open","ping_status":"closed","template":"","meta":{"_monsterinsights_skip_tracking":false,"_monsterinsights_sitenote_active":false,"_monsterinsights_sitenote_note":"","_monsterinsights_sitenote_category":0},"product_brand":[],"product_cat":[66],"product_tag":[],"class_list":{"0":"post-10994","1":"product","2":"type-product","3":"status-publish","4":"has-post-thumbnail","6":"product_cat-marsa-alam","8":"first","9":"instock","10":"shipping-taxable","11":"purchasable","12":"product-type-ovabrw_car_rental"},"aioseo_notices":[],"_links":{"self":[{"href":"https:\/\/safe-taxi-eg.com\/fr\/wp-json\/wp\/v2\/product\/10994","targetHints":{"allow":["GET"]}}],"collection":[{"href":"https:\/\/safe-taxi-eg.com\/fr\/wp-json\/wp\/v2\/product"}],"about":[{"href":"https:\/\/safe-taxi-eg.com\/fr\/wp-json\/wp\/v2\/types\/product"}],"replies":[{"embeddable":true,"href":"https:\/\/safe-taxi-eg.com\/fr\/wp-json\/wp\/v2\/comments?post=10994"}],"wp:featuredmedia":[{"embeddable":true,"href":"https:\/\/safe-taxi-eg.com\/fr\/wp-json\/wp\/v2\/media\/10995"}],"wp:attachment":[{"href":"https:\/\/safe-taxi-eg.com\/fr\/wp-json\/wp\/v2\/media?parent=10994"}],"wp:term":[{"taxonomy":"product_brand","embeddable":true,"href":"https:\/\/safe-taxi-eg.com\/fr\/wp-json\/wp\/v2\/product_brand?post=10994"},{"taxonomy":"product_cat","embeddable":true,"href":"https:\/\/safe-taxi-eg.com\/fr\/wp-json\/wp\/v2\/product_cat?post=10994"},{"taxonomy":"product_tag","embeddable":true,"href":"https:\/\/safe-taxi-eg.com\/fr\/wp-json\/wp\/v2\/product_tag?post=10994"}],"curies":[{"name":"wp","href":"https:\/\/api.w.org\/{rel}","templated":true}]}}