{"id":11001,"date":"2025-09-21T22:45:07","date_gmt":"2025-09-21T22:45:07","guid":{"rendered":"https:\/\/safe-taxi-eg.com\/?post_type=product&#038;p=11001"},"modified":"2025-11-28T14:23:49","modified_gmt":"2025-11-28T14:23:49","slug":"super-safari","status":"publish","type":"product","link":"https:\/\/safe-taxi-eg.com\/fr\/produit\/super-safari\/","title":{"rendered":"Super Safari : Quads, vie b\u00e9douine et coucher de soleil"},"content":{"rendered":"<div class=\"st-highlight\">\n<p data-start=\"0\" data-end=\"48\">\ud83c\udfdc\ufe0f <strong data-start=\"4\" data-end=\"43\">SUPER SAFARI Aventure - Marsa Alam<\/strong> \ud83c\udf05<\/p>\n<p data-start=\"50\" data-end=\"165\">Pr\u00e9parez-vous \u00e0 vivre une exp\u00e9rience inoubliable dans le d\u00e9sert, o\u00f9 l'aventure, la culture et la nature se m\u00ealent en une journ\u00e9e magique !<\/p>\n<p data-start=\"167\" data-end=\"357\">\ud83d\ude99 <strong data-start=\"170\" data-end=\"195\">Point d'embarquement et de d\u00e9part<\/strong><br data-start=\"195\" data-end=\"198\" \/>Commencez votre voyage par un transfert en 4\u00d74 Toyota Land Cruiser depuis votre h\u00f4tel jusqu'\u00e0 l'a\u00e9roport. <strong data-start=\"286\" data-end=\"318\">La cour des chameaux - Port Ghalib<\/strong>, C'est l\u00e0 que commence votre aventure dans le d\u00e9sert.<\/p>\n<p data-start=\"359\" data-end=\"521\">\ud83c\udfce\ufe0f <strong data-start=\"363\" data-end=\"398\">Randonn\u00e9e en quad (30 min)<\/strong><br data-start=\"398\" data-end=\"401\" \/>Sentez l'excitation en conduisant votre quad \u00e0 travers les dunes dor\u00e9es - de l'excitation et de la libert\u00e9 \u00e0 l'\u00e9tat pur au c\u0153ur du d\u00e9sert !<\/p>\n<p data-start=\"523\" data-end=\"616\">\ud83d\udc2a <strong data-start=\"526\" data-end=\"540\">Promenade \u00e0 dos de chameau<\/strong><br data-start=\"540\" data-end=\"543\" \/>Profitez d'une courte promenade \u00e0 dos de chameau et d\u00e9couvrez l'ancienne fa\u00e7on de voyager dans le d\u00e9sert.<\/p>\n<p data-start=\"618\" data-end=\"836\">\ud83c\udfdc\ufe0f <strong data-start=\"622\" data-end=\"658\">Voyage dans le d\u00e9sert - 22 km d'aventure<\/strong><br data-start=\"658\" data-end=\"661\" \/>Voyagez au c\u0153ur du d\u00e9sert oriental, avec deux arr\u00eats pittoresques en cours de route :<br data-start=\"735\" data-end=\"738\" \/>1\ufe0f\u20e3 Le c\u00e9l\u00e8bre acacia \ud83c\udf33<br data-start=\"767\" data-end=\"770\" \/>2\ufe0f\u20e3 Point de vue panoramique offrant une vue imprenable sur le d\u00e9sert \ud83c\udfd4\ufe0f<\/p>\n<p data-start=\"838\" data-end=\"1105\">\ud83c\udfd5\ufe0f <strong data-start=\"842\" data-end=\"867\">Visite d'un village b\u00e9douin<\/strong><br data-start=\"867\" data-end=\"870\" \/>\u00c0 l'arriv\u00e9e, vous serez accueilli avec une tisane traditionnelle b\u00e9douine et des histoires sur leur fascinant mode de vie dans le d\u00e9sert.<br data-start=\"992\" data-end=\"995\" \/>Profitez d'une visite guid\u00e9e comprenant<br data-start=\"1025\" data-end=\"1028\" \/>\u2728 Huttes b\u00e9douines<br data-start=\"1042\" data-end=\"1045\" \/>\u2728 Femmes cuisant du pain traditionnel<br data-start=\"1077\" data-end=\"1080\" \/>\u2728 Artisanat local<\/p>\n<p data-start=\"1107\" data-end=\"1229\">\ud83c\udf05 <strong data-start=\"1110\" data-end=\"1128\">Coucher de soleil magique<\/strong><br data-start=\"1128\" data-end=\"1131\" \/>Regardez le soleil dispara\u00eetre lentement derri\u00e8re les montagnes - un moment vraiment paisible et inoubliable.<\/p>\n<p data-start=\"1231\" data-end=\"1432\">\ud83c\udf7d\ufe0f <strong data-start=\"1235\" data-end=\"1261\">D\u00eener et divertissement<\/strong><br data-start=\"1261\" data-end=\"1264\" \/>Retourner \u00e0 <strong data-start=\"1277\" data-end=\"1295\">La cour des chameaux<\/strong> pour un d\u00eener buffet ouvert, suivi d'un spectacle oriental enchanteur avec :<br data-start=\"1368\" data-end=\"1371\" \/>\ud83d\udc83 Belly dancer<br data-start=\"1386\" data-end=\"1389\" \/>\ud83c\udf00 Spectacle de Tanoura (derviche tourneur)<\/p>\n<p data-start=\"1434\" data-end=\"1549\">\ud83c\udf0c <strong data-start=\"1437\" data-end=\"1452\">Observation des \u00e9toiles<\/strong><br data-start=\"1452\" data-end=\"1455\" \/>Terminez la soir\u00e9e en admirant le ciel scintillant du d\u00e9sert - des millions d'\u00e9toiles brillent au-dessus de vous.<\/p>\n<p data-start=\"1551\" data-end=\"1682\">\ud83d\ude90 <strong data-start=\"1554\" data-end=\"1574\">Retourner aux h\u00f4tels<\/strong><br data-start=\"1574\" data-end=\"1577\" \/>Apr\u00e8s une journ\u00e9e pleine d'aventures, de culture et de souvenirs, d\u00e9tendez-vous pendant votre confortable trajet de retour \u00e0 l'h\u00f4tel.<\/p>\n<p data-start=\"1684\" data-end=\"1759\" data-is-last-node=\"\" data-is-only-node=\"\">\ud83d\udca7 <em data-start=\"1687\" data-end=\"1759\" data-is-last-node=\"\">Le voyage comprend deux bouteilles d'eau min\u00e9rale + jus d'hibiscus \u00e0 volont\u00e9.<\/em><\/p>\n<article class=\"text-token-text-primary w-full focus:outline-none scroll-mt-[calc(var(--header-height)+min(200px,max(70px,20svh)))]\" dir=\"auto\" tabindex=\"-1\" data-turn-id=\"request-WEB:5e64c979-49d4-4b32-829a-7378032eeeb2-11\" data-testid=\"conversation-turn-24\" data-scroll-anchor=\"true\" data-turn=\"assistant\">\n<div class=\"text-base my-auto mx-auto pb-10 [--thread-content-margin:--spacing(4)] thread-sm:[--thread-content-margin:--spacing(6)] thread-lg:[--thread-content-margin:--spacing(16)] px-(--thread-content-margin)\">\n<div class=\"[--thread-content-max-width:40rem] thread-lg:[--thread-content-max-width:48rem] mx-auto max-w-(--thread-content-max-width) flex-1 group\/turn-messages focus-visible:outline-hidden relative flex w-full min-w-0 flex-col agent-turn\" tabindex=\"-1\">\n<div class=\"flex max-w-full flex-col grow\">\n<div class=\"min-h-8 text-message relative flex w-full flex-col items-end gap-2 text-start break-words whitespace-normal [.text-message+&amp;]:mt-5\" dir=\"auto\" data-message-author-role=\"assistant\" data-message-id=\"a753eb81-c995-4692-bb09-97f133a6e4b6\" data-message-model-slug=\"gpt-5-mini\">\n<div class=\"flex w-full flex-col gap-1 empty:hidden first:pt-[3px]\">\n<div class=\"markdown prose dark:prose-invert w-full break-words light markdown-new-styling\">\n<p data-start=\"46\" data-end=\"197\" data-is-last-node=\"\" data-is-only-node=\"\">\ud83e\udd11 <strong data-start=\"49\" data-end=\"68\">Prix des activit\u00e9s<\/strong><br data-start=\"68\" data-end=\"71\" \/>\ud83d\ude4e\ud83c\udffb\u200d\u2642\ufe0f A partir de 16 ans : 35 \u20ac<br data-start=\"101\" data-end=\"104\" \/>\ud83e\uddcd\ud83c\udffb\u200d\u2640\ufe0f De 5 \u00e0 15 ans : 20 \u20ac (passager seul)<br data-start=\"156\" data-end=\"159\" \/>\ud83d\udc7c\ud83c\udffc Moins de 5 ans : \ud83d\udeab Interdit<\/p>\n<h3 data-start=\"2198\" data-end=\"2225\"><strong data-start=\"2205\" data-end=\"2223\">Le paiement en USD ($ \ud83c\uddfa\ud83c\uddf8) au lieu de l'EUR (\u20ac \ud83c\uddea\ud83c\uddfa) est possible en fonction du taux de change bancaire quotidien.<\/strong><\/h3>\n<\/div>\n<\/div>\n<\/div>\n<\/div>\n<\/div>\n<\/div>\n<\/article>\n<\/div>\n<div class=\"st-hr large\"><\/div>\n<div class=\"accordion-item\">\n<div id=\"collapseInExClude\" class=\"accordion-collapse collapse show\" aria-labelledby=\"headingInExClude\" data-bs-parent=\"#headingInExClude\">\n<div class=\"accordion-body\">\n<div class=\"row\">\n<div class=\"col-lg-6\"><\/div>\n<\/div>\n<\/div>\n<\/div>\n<\/div>\n<div id=\"gtx-trans\" style=\"position: absolute; left: 168px; top: 1.2px;\">\n<div class=\"gtx-trans-icon\"><\/div>\n<\/div>\n<div id=\"gtx-trans\" style=\"position: absolute; left: 168px; top: 1.2px;\">\n<div class=\"gtx-trans-icon\"><\/div>\n<\/div>\n<div id=\"gtx-trans\" style=\"position: absolute; left: 168px; top: 1.2px;\">\n<div class=\"gtx-trans-icon\"><\/div>\n<\/div>","protected":false},"excerpt":{"rendered":"<p>\ud83c\udfdc\ufe0f SUPER SAFARI Adventure \u2013 Marsa Alam \ud83c\udf05 Get ready for an unforgettable desert experience where adventure, culture, and nature blend into one magical day! \ud83d\ude99 Pick-up &amp; Start PointBegin your journey with a thrilling 4&#215;4 Toyota Land Cruiser transfer from your hotel to The Camel Yard \u2013 Port Ghalib, where your desert adventure begins. [&hellip;]<\/p>","protected":false},"featured_media":11010,"comment_status":"open","ping_status":"closed","template":"","meta":{"_monsterinsights_skip_tracking":false,"_monsterinsights_sitenote_active":false,"_monsterinsights_sitenote_note":"","_monsterinsights_sitenote_category":0},"product_brand":[],"product_cat":[66],"product_tag":[],"class_list":{"0":"post-11001","1":"product","2":"type-product","3":"status-publish","4":"has-post-thumbnail","6":"product_cat-marsa-alam","8":"first","9":"instock","10":"shipping-taxable","11":"purchasable","12":"product-type-ovabrw_car_rental"},"aioseo_notices":[],"_links":{"self":[{"href":"https:\/\/safe-taxi-eg.com\/fr\/wp-json\/wp\/v2\/product\/11001","targetHints":{"allow":["GET"]}}],"collection":[{"href":"https:\/\/safe-taxi-eg.com\/fr\/wp-json\/wp\/v2\/product"}],"about":[{"href":"https:\/\/safe-taxi-eg.com\/fr\/wp-json\/wp\/v2\/types\/product"}],"replies":[{"embeddable":true,"href":"https:\/\/safe-taxi-eg.com\/fr\/wp-json\/wp\/v2\/comments?post=11001"}],"wp:featuredmedia":[{"embeddable":true,"href":"https:\/\/safe-taxi-eg.com\/fr\/wp-json\/wp\/v2\/media\/11010"}],"wp:attachment":[{"href":"https:\/\/safe-taxi-eg.com\/fr\/wp-json\/wp\/v2\/media?parent=11001"}],"wp:term":[{"taxonomy":"product_brand","embeddable":true,"href":"https:\/\/safe-taxi-eg.com\/fr\/wp-json\/wp\/v2\/product_brand?post=11001"},{"taxonomy":"product_cat","embeddable":true,"href":"https:\/\/safe-taxi-eg.com\/fr\/wp-json\/wp\/v2\/product_cat?post=11001"},{"taxonomy":"product_tag","embeddable":true,"href":"https:\/\/safe-taxi-eg.com\/fr\/wp-json\/wp\/v2\/product_tag?post=11001"}],"curies":[{"name":"wp","href":"https:\/\/api.w.org\/{rel}","templated":true}]}}