{"id":11231,"date":"2025-11-17T18:02:50","date_gmt":"2025-11-17T18:02:50","guid":{"rendered":"https:\/\/safe-taxi-eg.com\/?post_type=product&#038;p=11231"},"modified":"2025-11-28T14:15:15","modified_gmt":"2025-11-28T14:15:15","slug":"cairo-gem-marsa-alam","status":"publish","type":"product","link":"https:\/\/safe-taxi-eg.com\/nl\/product\/cairo-gem-marsa-alam\/","title":{"rendered":"Ca\u00efro &amp; GEM Tour: Piramides, Sfinx &amp; Museum"},"content":{"rendered":"<p data-start=\"175\" data-end=\"278\">\ud83c\udfdb\ufe0f\u2728 <strong data-start=\"180\" data-end=\"272\">Ca\u00efro &amp; het Grote Egyptische Museum - Ontdek de magie van het oude Egypte in slechts \u00e9\u00e9n dag!<\/strong> \u2728\ud83c\udf05<\/p>\n<p data-start=\"280\" data-end=\"539\">Bereid je voor op een dag vol wonderen - waar oude glorie en moderne glans elkaar ontmoeten.<br data-start=\"362\" data-end=\"365\" \/>Deze onvergetelijke reis combineert <strong data-start=\"401\" data-end=\"417\">de piramides<\/strong>, <strong data-start=\"419\" data-end=\"439\">de Grote Sfinx<\/strong>en <strong data-start=\"445\" data-end=\"474\">het Grote Egyptische Museum<\/strong>Alles in \u00e9\u00e9n ongelooflijke ervaring in het land van de farao's.<\/p>\n<hr data-start=\"541\" data-end=\"544\" \/>\n<p data-start=\"546\" data-end=\"574\">\ud83d\udd50 <strong data-start=\"549\" data-end=\"572\">Gedetailleerd reisschema:<\/strong><\/p>\n<p data-start=\"47\" data-end=\"135\">\ud83d\ude90 <strong data-start=\"50\" data-end=\"131\">Pick-up van je hotel om 10:00 PM in een moderne bus met airconditioning naar Ca\u00efro.<\/strong> \u2728<\/p>\n<p data-start=\"576\" data-end=\"844\">Ontmoet uw <strong data-start=\"681\" data-end=\"716\">professionele gids Egyptoloog<\/strong> in Ca\u00efro en maak je klaar voor je buitengewone avontuur.<br data-start=\"773\" data-end=\"776\" \/>\ud83c\udf06 Kom vroeg in de ochtend aan in Ca\u00efro en begin je unieke dag!<\/p>\n<p data-start=\"846\" data-end=\"1004\">\ud83d\ude90 <strong data-start=\"849\" data-end=\"885\">Terugkeer naar je hotel tegen 1:00 AM<\/strong>, gevuld met <strong data-start=\"899\" data-end=\"925\">onvergetelijke herinneringen<\/strong>, <strong data-start=\"927\" data-end=\"950\">adembenemende foto's<\/strong>en <strong data-start=\"956\" data-end=\"999\">verhalen die je voor altijd bijblijven\u00a0 <\/strong>\u2764\ufe0f<\/p>\n<hr data-start=\"1006\" data-end=\"1009\" \/>\n<p data-start=\"1011\" data-end=\"1430\">\ud83d\udd39 <strong data-start=\"1014\" data-end=\"1069\">Eerste stop: de piramides van Gizeh &amp; de Grote Sfinx<\/strong> \ud83c\udfdc\ufe0f<br data-start=\"1073\" data-end=\"1076\" \/>Begin je dag op de meest iconische plek ter wereld - de <strong data-start=\"1129\" data-end=\"1178\">Grote piramides van Khufu, Khafre en Menkaure<\/strong>eeuwige symbolen van oude genialiteit en mysterie.<br data-start=\"1226\" data-end=\"1229\" \/>Sta oog in oog met de majestueuze <strong data-start=\"1266\" data-end=\"1282\">Grote Sfinx<\/strong>bewaken de woestijn al meer dan <strong data-start=\"1313\" data-end=\"1328\">4.500 jaar<\/strong>! \ud83e\udd81<br data-start=\"1332\" data-end=\"1335\" \/>Maak prachtige foto's met de piramides als achtergrond - een moment dat je nooit zult vergeten.<\/p>\n<p data-start=\"1432\" data-end=\"1591\">\ud83d\udc2a <strong data-start=\"1435\" data-end=\"1460\">Kameelrit (optioneel)<\/strong> - Niet inbegrepen in de hoofdtour, maar beschikbaar voor gasten die willen genieten van een authentieke oude ervaring rond de piramides.<\/p>\n<hr data-start=\"1593\" data-end=\"1596\" \/>\n<p data-start=\"1598\" data-end=\"2099\">\ud83d\udd39 <strong data-start=\"1601\" data-end=\"1649\">Tweede halte: het Grote Egyptische Museum (GEM)<\/strong> \ud83c\udfdb\ufe0f<br data-start=\"1653\" data-end=\"1656\" \/>Ga naar de <strong data-start=\"1668\" data-end=\"1720\">het nieuwste en grootste archeologische museum ter wereld<\/strong>gelegen op het Plateau van Gizeh.<br data-start=\"1750\" data-end=\"1753\" \/>Bewonder de meer dan <strong data-start=\"1768\" data-end=\"1797\">100.000 oude artefacten<\/strong> weergegeven met <strong data-start=\"1813\" data-end=\"1840\">geavanceerde technologie<\/strong> en verhalen vertellen.<br data-start=\"1858\" data-end=\"1861\" \/>Ontdek de <strong data-start=\"1874\" data-end=\"1911\">complete schatten van Toetanchamon<\/strong>voor het eerst in de geschiedenis samen gepresenteerd!<br data-start=\"1962\" data-end=\"1965\" \/>Mis de <strong data-start=\"1980\" data-end=\"2009\">reusachtig standbeeld van Ramses II<\/strong> dat bezoekers in de grote hal begroet - een adembenemende inleiding tot de glorie van Egypte \ud83d\udc51<\/p>\n<hr data-start=\"2101\" data-end=\"2104\" \/>\n<p data-start=\"2106\" data-end=\"2346\">\ud83c\udf74 <strong data-start=\"2109\" data-end=\"2133\">VIP Lunch ervaring<\/strong><br data-start=\"2133\" data-end=\"2136\" \/>Geniet na je ochtend vol geschiedenis van een <strong data-start=\"2180\" data-end=\"2203\">heerlijke VIP lunch<\/strong> bij een van <strong data-start=\"2214\" data-end=\"2247\">De best beoordeelde restaurants van Ca\u00efro<\/strong>.<br data-start=\"2248\" data-end=\"2251\" \/>Geniet van <strong data-start=\"2257\" data-end=\"2287\">authentieke Egyptische keuken<\/strong> met eersteklas service en een warme, comfortabele sfeer.<\/p>\n<hr data-start=\"2348\" data-end=\"2351\" \/>\n<p data-start=\"2353\" data-end=\"2615\">\ud83d\udecd\ufe0f <strong data-start=\"2357\" data-end=\"2396\">Exclusieve winkels en culturele stops<\/strong><br data-start=\"2396\" data-end=\"2399\" \/>Bezoek geselecteerde <strong data-start=\"2414\" data-end=\"2431\">lokale bazaars<\/strong>, <strong data-start=\"2433\" data-end=\"2455\">papyrus instituten<\/strong>en <strong data-start=\"2461\" data-end=\"2491\">galerijen van oosterse parfums<\/strong> \ud83d\udecd\ufe0f in je eigen tempo.<br data-start=\"2513\" data-end=\"2516\" \/>Geniet van <strong data-start=\"2522\" data-end=\"2554\">gepersonaliseerde aanbevelingen<\/strong> van je gids en een <strong data-start=\"2577\" data-end=\"2612\">stressvrije winkelervaring<\/strong>.<\/p>\n<hr data-start=\"2617\" data-end=\"2620\" \/>\n<p data-start=\"2622\" data-end=\"2906\">\ud83d\udde3\ufe0f <strong data-start=\"2626\" data-end=\"2653\">Wij spreken uw taal!<\/strong><br data-start=\"2653\" data-end=\"2656\" \/>Of je nu spreekt <strong data-start=\"2674\" data-end=\"2689\">Pools \ud83c\uddf5\ud83c\uddf1<\/strong>, <strong data-start=\"2691\" data-end=\"2706\">Frans \ud83c\uddeb\ud83c\uddf7<\/strong>, <strong data-start=\"2708\" data-end=\"2724\">Engels \ud83c\uddec\ud83c\udde7<\/strong>, <strong data-start=\"2726\" data-end=\"2741\">Duits \ud83c\udde9\ud83c\uddea<\/strong>, <strong data-start=\"2743\" data-end=\"2762\">Portugees \ud83c\uddf5\ud83c\uddf9<\/strong>, <strong data-start=\"2764\" data-end=\"2780\">Spaans \ud83c\uddea\ud83c\uddf8<\/strong>of anderen -.<br data-start=\"2793\" data-end=\"2796\" \/>onze <strong data-start=\"2800\" data-end=\"2821\">meertalig team<\/strong> zorgt voor soepele communicatie en een persoonlijke ervaring, waar je ook vandaan komt \ud83c\udf0d<\/p>\n<hr data-start=\"2908\" data-end=\"2911\" \/>\n<p data-start=\"2913\" data-end=\"2938\">\ud83c\udf1f <strong data-start=\"2916\" data-end=\"2936\">Hoogtepunten van de tour:<\/strong><\/p>\n<p data-start=\"2940\" data-end=\"3295\">Vervoer heen en terug in een <strong data-start=\"2968\" data-end=\"3003\">modern voertuig met airconditioning<\/strong><br data-start=\"3003\" data-end=\"3006\" \/>\u2705 <strong data-start=\"3008\" data-end=\"3043\">Professionele Egyptologische gids<\/strong> In Ca\u00efro<br data-start=\"3052\" data-end=\"3055\" \/>\u2705 <strong data-start=\"3057\" data-end=\"3074\">Toegangskaarten<\/strong> naar de piramides en het grote Egyptische museum<br data-start=\"3114\" data-end=\"3117\" \/>\u2705 <strong data-start=\"3119\" data-end=\"3143\">VIP lunch ervaring<\/strong> \ud83c\udf7d\ufe0f<br data-start=\"3147\" data-end=\"3150\" \/>\u2705 <strong data-start=\"3152\" data-end=\"3180\">Exclusieve winkelstops<\/strong> \ud83d\udecd\ufe0f<br data-start=\"3184\" data-end=\"3187\" \/>\u2705 <strong data-start=\"3189\" data-end=\"3212\">Optionele activiteiten<\/strong> beschikbaar op aanvraag<br data-start=\"3235\" data-end=\"3238\" \/>\u2705 <strong data-start=\"3240\" data-end=\"3264\">Flexibele routes<\/strong> afgestemd op jouw voorkeuren<\/p>\n<hr data-start=\"3297\" data-end=\"3300\" \/>\n<p data-start=\"3302\" data-end=\"3506\">\ud83d\udd4a\ufe0f <strong data-start=\"3306\" data-end=\"3348\">De rondleiding door Ca\u00efro en het Grote Egyptische Museum<\/strong> is meer dan een reis -<br data-start=\"3370\" data-end=\"3373\" \/>het is een <strong data-start=\"3380\" data-end=\"3411\">ontmoeting met de geschiedenis zelf<\/strong>het mengen van de <strong data-start=\"3426\" data-end=\"3452\">magie van het oude Egypte<\/strong> met de <strong data-start=\"3462\" data-end=\"3496\">bruisende geest van het moderne Ca\u00efro<\/strong>. \ud83c\uddea\ud83c\uddec\u2764\ufe0f<\/p>\n<hr data-start=\"3297\" data-end=\"3300\" \/>\n<h3 data-start=\"2198\" data-end=\"2225\"><strong data-start=\"2205\" data-end=\"2223\">Prijs Excursie<\/strong><\/h3>\n<p data-start=\"2228\" data-end=\"2260\"><strong data-start=\"2233\" data-end=\"2258\">\u00a0 \u00a0<img decoding=\"async\" class=\"emoji\" role=\"img\" draggable=\"false\" src=\"https:\/\/s.w.org\/images\/core\/emoji\/16.0.1\/svg\/1f64e-1f3fb-200d-2642-fe0f.svg\" alt=\"\ud83d\ude4e\ud83c\udffb\u200d\u2642\ufe0f\" \/> 11 jaar en ouder 125 \u20ac<\/strong><\/p>\n<p data-start=\"2228\" data-end=\"2260\"><strong data-start=\"2263\" data-end=\"2280\">\u00a0 \u00a0<img decoding=\"async\" class=\"emoji\" role=\"img\" draggable=\"false\" src=\"https:\/\/s.w.org\/images\/core\/emoji\/16.0.1\/svg\/1f9cd-1f3fb-200d-2640-fe0f.svg\" alt=\"\ud83e\uddcd\ud83c\udffb\u200d\u2640\ufe0f\" \/> 5\/10 jaar oud 65 \u20ac<\/strong><\/p>\n<p data-start=\"2228\" data-end=\"2260\"><strong data-start=\"2327\" data-end=\"2355\">\u00a0 \u00a0<img decoding=\"async\" class=\"emoji\" role=\"img\" draggable=\"false\" src=\"https:\/\/s.w.org\/images\/core\/emoji\/16.0.1\/svg\/1f47c-1f3fc.svg\" alt=\"\ud83d\udc7c\ud83c\udffc\" \/> - 5 jaar oud 25 \u20ac<\/strong><\/p>\n<h3 data-start=\"2198\" data-end=\"2225\"><strong data-start=\"2205\" data-end=\"2223\">Betaling in USD ($ \ud83c\uddfa\ud83c\uddf8) in plaats van EUR (\u20ac \ud83c\uddea\ud83c\uddfa) is mogelijk volgens de dagelijkse wisselkoers van de bank.<\/strong><\/h3>\n<div id=\"gtx-trans\" style=\"position: absolute; left: 267px; top: 1.2px;\">\n<div class=\"gtx-trans-icon\"><\/div>\n<\/div>\n<div id=\"gtx-trans\" style=\"position: absolute; left: 267px; top: 1.2px;\">\n<div class=\"gtx-trans-icon\"><\/div>\n<\/div>","protected":false},"excerpt":{"rendered":"<p>\ud83c\udfdb\ufe0f\u2728 Cairo &amp; the Grand Egyptian Museum \u2013 Discover the Magic of Ancient Egypt in Just One Day! \u2728\ud83c\udf05 Get ready for a day full of wonders \u2014 where ancient glory meets modern brilliance.This unforgettable journey combines the Pyramids, the Great Sphinx, and the Grand Egyptian Museum, all in one incredible experience on the land [&hellip;]<\/p>","protected":false},"featured_media":11173,"comment_status":"open","ping_status":"closed","template":"","meta":{"_monsterinsights_skip_tracking":false,"_monsterinsights_sitenote_active":false,"_monsterinsights_sitenote_note":"","_monsterinsights_sitenote_category":0},"product_brand":[],"product_cat":[66],"product_tag":[],"class_list":{"0":"post-11231","1":"product","2":"type-product","3":"status-publish","4":"has-post-thumbnail","6":"product_cat-marsa-alam","8":"first","9":"instock","10":"shipping-taxable","11":"purchasable","12":"product-type-ovabrw_car_rental"},"aioseo_notices":[],"_links":{"self":[{"href":"https:\/\/safe-taxi-eg.com\/nl\/wp-json\/wp\/v2\/product\/11231","targetHints":{"allow":["GET"]}}],"collection":[{"href":"https:\/\/safe-taxi-eg.com\/nl\/wp-json\/wp\/v2\/product"}],"about":[{"href":"https:\/\/safe-taxi-eg.com\/nl\/wp-json\/wp\/v2\/types\/product"}],"replies":[{"embeddable":true,"href":"https:\/\/safe-taxi-eg.com\/nl\/wp-json\/wp\/v2\/comments?post=11231"}],"wp:featuredmedia":[{"embeddable":true,"href":"https:\/\/safe-taxi-eg.com\/nl\/wp-json\/wp\/v2\/media\/11173"}],"wp:attachment":[{"href":"https:\/\/safe-taxi-eg.com\/nl\/wp-json\/wp\/v2\/media?parent=11231"}],"wp:term":[{"taxonomy":"product_brand","embeddable":true,"href":"https:\/\/safe-taxi-eg.com\/nl\/wp-json\/wp\/v2\/product_brand?post=11231"},{"taxonomy":"product_cat","embeddable":true,"href":"https:\/\/safe-taxi-eg.com\/nl\/wp-json\/wp\/v2\/product_cat?post=11231"},{"taxonomy":"product_tag","embeddable":true,"href":"https:\/\/safe-taxi-eg.com\/nl\/wp-json\/wp\/v2\/product_tag?post=11231"}],"curies":[{"name":"wp","href":"https:\/\/api.w.org\/{rel}","templated":true}]}}