{"id":11001,"date":"2025-09-21T22:45:07","date_gmt":"2025-09-21T22:45:07","guid":{"rendered":"https:\/\/safe-taxi-eg.com\/?post_type=product&#038;p=11001"},"modified":"2025-11-28T14:23:49","modified_gmt":"2025-11-28T14:23:49","slug":"super-safari","status":"publish","type":"product","link":"https:\/\/safe-taxi-eg.com\/pl\/produkt\/super-safari\/","title":{"rendered":"Super Safari: Quady, \u017cycie Beduin\u00f3w i zach\u00f3d s\u0142o\u0144ca"},"content":{"rendered":"<div class=\"st-highlight\">\n<p data-start=\"0\" data-end=\"48\">\ud83c\udfdc\ufe0f <strong data-start=\"4\" data-end=\"43\">SUPER SAFARI Adventure - Marsa Alam<\/strong> \ud83c\udf05<\/p>\n<p data-start=\"50\" data-end=\"165\">Przygotuj si\u0119 na niezapomniane pustynne do\u015bwiadczenie, w kt\u00f3rym przygoda, kultura i natura \u0142\u0105cz\u0105 si\u0119 w jeden magiczny dzie\u0144!<\/p>\n<p data-start=\"167\" data-end=\"357\">\ud83d\ude99 <strong data-start=\"170\" data-end=\"195\">Punkt odbioru i startu<\/strong><br data-start=\"195\" data-end=\"198\" \/>Rozpocznij swoj\u0105 podr\u00f3\u017c od ekscytuj\u0105cego transferu 4\u00d74 Toyota Land Cruiser z hotelu do <strong data-start=\"286\" data-end=\"318\">The Camel Yard - Port Ghalib<\/strong>gdzie zaczyna si\u0119 Twoja pustynna przygoda.<\/p>\n<p data-start=\"359\" data-end=\"521\">\ud83c\udfce\ufe0f <strong data-start=\"363\" data-end=\"398\">Jazda quadem (30 min)<\/strong><br data-start=\"398\" data-end=\"401\" \/>Poczuj p\u0119d podczas jazdy quadem po z\u0142otych wydmach - czyste emocje i wolno\u015b\u0107 w sercu pustyni!<\/p>\n<p data-start=\"523\" data-end=\"616\">\ud83d\udc2a <strong data-start=\"526\" data-end=\"540\">Przeja\u017cd\u017cka na wielb\u0142\u0105dzie<\/strong><br data-start=\"540\" data-end=\"543\" \/>Ciesz si\u0119 kr\u00f3tk\u0105 przeja\u017cd\u017ck\u0105 na wielb\u0142\u0105dzie i odkryj staro\u017cytny spos\u00f3b podr\u00f3\u017cowania po pustyni.<\/p>\n<p data-start=\"618\" data-end=\"836\">\ud83c\udfdc\ufe0f <strong data-start=\"622\" data-end=\"658\">Pustynna podr\u00f3\u017c - 22-kilometrowa przygoda<\/strong><br data-start=\"658\" data-end=\"661\" \/>Podr\u00f3\u017c w g\u0142\u0105b Pustyni Wschodniej - z dwoma malowniczymi przystankami po drodze:<br data-start=\"735\" data-end=\"738\" \/>1\ufe0f\u20e3 S\u0142ynne drzewo akacji \ud83c\udf33<br data-start=\"767\" data-end=\"770\" \/>2\ufe0f\u20e3 Panoramiczny punkt widokowy oferuj\u0105cy zapieraj\u0105ce dech w piersiach widoki na pustyni\u0119 \ud83c\udfd4\ufe0f<\/p>\n<p data-start=\"838\" data-end=\"1105\">\ud83c\udfd5\ufe0f <strong data-start=\"842\" data-end=\"867\">Wizyta w wiosce bedui\u0144skiej<\/strong><br data-start=\"867\" data-end=\"870\" \/>Po przyje\u017adzie zostaniesz powitany tradycyjn\u0105 bedui\u0144sk\u0105 herbat\u0105 zio\u0142ow\u0105 i opowie\u015bciami o ich fascynuj\u0105cym pustynnym stylu \u017cycia.<br data-start=\"992\" data-end=\"995\" \/>Ciesz si\u0119 wycieczk\u0105 z przewodnikiem obejmuj\u0105c\u0105:<br data-start=\"1025\" data-end=\"1028\" \/>Bedui\u0144skie chaty<br data-start=\"1042\" data-end=\"1045\" \/>Kobiety wypiekaj\u0105ce tradycyjny chleb<br data-start=\"1077\" data-end=\"1080\" \/>Lokalne r\u0119cznie robione r\u0119kodzie\u0142o<\/p>\n<p data-start=\"1107\" data-end=\"1229\">\ud83c\udf05 <strong data-start=\"1110\" data-end=\"1128\">Magiczny zach\u00f3d s\u0142o\u0144ca<\/strong><br data-start=\"1128\" data-end=\"1131\" \/>Obserwuj, jak s\u0142o\u0144ce powoli znika za g\u00f3rami - to naprawd\u0119 spokojny i niezapomniany moment.<\/p>\n<p data-start=\"1231\" data-end=\"1432\">\ud83c\udf7d\ufe0f <strong data-start=\"1235\" data-end=\"1261\">Kolacja i rozrywka<\/strong><br data-start=\"1261\" data-end=\"1264\" \/>Wr\u00f3\u0107 do <strong data-start=\"1277\" data-end=\"1295\">The Camel Yard<\/strong> na otwart\u0105 kolacj\u0119 w formie bufetu, po kt\u00f3rej odb\u0119dzie si\u0119 czaruj\u0105cy pokaz orientalny:<br data-start=\"1368\" data-end=\"1371\" \/>Tancerka brzucha<br data-start=\"1386\" data-end=\"1389\" \/>\ud83c\udf00 Wyst\u0119p Tanoura (wiruj\u0105cy derwisz)<\/p>\n<p data-start=\"1434\" data-end=\"1549\">\ud83c\udf0c <strong data-start=\"1437\" data-end=\"1452\">Obserwacja gwiazd<\/strong><br data-start=\"1452\" data-end=\"1455\" \/>Zako\u0144cz wiecz\u00f3r, podziwiaj\u0105c b\u0142yszcz\u0105ce pustynne niebo - miliony gwiazd \u015bwiec\u0105cych nad tob\u0105.<\/p>\n<p data-start=\"1551\" data-end=\"1682\">\ud83d\ude90 <strong data-start=\"1554\" data-end=\"1574\">Powr\u00f3t do hoteli<\/strong><br data-start=\"1574\" data-end=\"1577\" \/>Po dniu pe\u0142nym przyg\u00f3d, kultury i wspomnie\u0144 zrelaksuj si\u0119 podczas wygodnej podr\u00f3\u017cy powrotnej do hotelu.<\/p>\n<p data-start=\"1684\" data-end=\"1759\" data-is-last-node=\"\" data-is-only-node=\"\">\ud83d\udca7 <em data-start=\"1687\" data-end=\"1759\" data-is-last-node=\"\">Wycieczka obejmuje dwie butelki wody mineralnej + nielimitowany sok z hibiskusa.<\/em><\/p>\n<article class=\"text-token-text-primary w-full focus:outline-none scroll-mt-[calc(var(--header-height)+min(200px,max(70px,20svh)))]\" dir=\"auto\" tabindex=\"-1\" data-turn-id=\"request-WEB:5e64c979-49d4-4b32-829a-7378032eeeb2-11\" data-testid=\"conversation-turn-24\" data-scroll-anchor=\"true\" data-turn=\"assistant\">\n<div class=\"text-base my-auto mx-auto pb-10 [--thread-content-margin:--spacing(4)] thread-sm:[--thread-content-margin:--spacing(6)] thread-lg:[--thread-content-margin:--spacing(16)] px-(--thread-content-margin)\">\n<div class=\"[--thread-content-max-width:40rem] thread-lg:[--thread-content-max-width:48rem] mx-auto max-w-(--thread-content-max-width) flex-1 group\/turn-messages focus-visible:outline-hidden relative flex w-full min-w-0 flex-col agent-turn\" tabindex=\"-1\">\n<div class=\"flex max-w-full flex-col grow\">\n<div class=\"min-h-8 text-message relative flex w-full flex-col items-end gap-2 text-start break-words whitespace-normal [.text-message+&amp;]:mt-5\" dir=\"auto\" data-message-author-role=\"assistant\" data-message-id=\"a753eb81-c995-4692-bb09-97f133a6e4b6\" data-message-model-slug=\"gpt-5-mini\">\n<div class=\"flex w-full flex-col gap-1 empty:hidden first:pt-[3px]\">\n<div class=\"markdown prose dark:prose-invert w-full break-words light markdown-new-styling\">\n<p data-start=\"46\" data-end=\"197\" data-is-last-node=\"\" data-is-only-node=\"\">\ud83e\udd11 <strong data-start=\"49\" data-end=\"68\">Ceny aktywno\u015bci<\/strong><br data-start=\"68\" data-end=\"71\" \/>\ud83d\ude4e\ud83c\udffb\u200d\u2642\ufe0f Od 16 lat: 35 \u20ac<br data-start=\"101\" data-end=\"104\" \/>\ud83e\uddcd\ud83c\udffb\u200d\u2640\ufe0f Od 5 do 15 lat: 20 \u20ac (tylko pasa\u017cer)<br data-start=\"156\" data-end=\"159\" \/>\ud83d\udc7c\ud83c\udffc Poni\u017cej 5 lat: \ud83d\udeab Niedozwolone<\/p>\n<h3 data-start=\"2198\" data-end=\"2225\"><strong data-start=\"2205\" data-end=\"2223\">P\u0142atno\u015b\u0107 w USD ($ \ud83c\uddfa\ud83c\uddf8) zamiast EUR (\u20ac \ud83c\uddea\ud83c\uddfa) jest dost\u0119pna zgodnie z dziennym kursem wymiany banku.<\/strong><\/h3>\n<\/div>\n<\/div>\n<\/div>\n<\/div>\n<\/div>\n<\/div>\n<\/article>\n<\/div>\n<div class=\"st-hr large\"><\/div>\n<div class=\"accordion-item\">\n<div id=\"collapseInExClude\" class=\"accordion-collapse collapse show\" aria-labelledby=\"headingInExClude\" data-bs-parent=\"#headingInExClude\">\n<div class=\"accordion-body\">\n<div class=\"row\">\n<div class=\"col-lg-6\"><\/div>\n<\/div>\n<\/div>\n<\/div>\n<\/div>\n<div id=\"gtx-trans\" style=\"position: absolute; left: 168px; top: 1.2px;\">\n<div class=\"gtx-trans-icon\"><\/div>\n<\/div>\n<div id=\"gtx-trans\" style=\"position: absolute; left: 168px; top: 1.2px;\">\n<div class=\"gtx-trans-icon\"><\/div>\n<\/div>\n<div id=\"gtx-trans\" style=\"position: absolute; left: 168px; top: 1.2px;\">\n<div class=\"gtx-trans-icon\"><\/div>\n<\/div>","protected":false},"excerpt":{"rendered":"<p>\ud83c\udfdc\ufe0f SUPER SAFARI Adventure \u2013 Marsa Alam \ud83c\udf05 Get ready for an unforgettable desert experience where adventure, culture, and nature blend into one magical day! \ud83d\ude99 Pick-up &amp; Start PointBegin your journey with a thrilling 4&#215;4 Toyota Land Cruiser transfer from your hotel to The Camel Yard \u2013 Port Ghalib, where your desert adventure begins. [&hellip;]<\/p>","protected":false},"featured_media":11010,"comment_status":"open","ping_status":"closed","template":"","meta":{"_monsterinsights_skip_tracking":false,"_monsterinsights_sitenote_active":false,"_monsterinsights_sitenote_note":"","_monsterinsights_sitenote_category":0},"product_brand":[],"product_cat":[66],"product_tag":[],"class_list":{"0":"post-11001","1":"product","2":"type-product","3":"status-publish","4":"has-post-thumbnail","6":"product_cat-marsa-alam","8":"first","9":"instock","10":"shipping-taxable","11":"purchasable","12":"product-type-ovabrw_car_rental"},"aioseo_notices":[],"_links":{"self":[{"href":"https:\/\/safe-taxi-eg.com\/pl\/wp-json\/wp\/v2\/product\/11001","targetHints":{"allow":["GET"]}}],"collection":[{"href":"https:\/\/safe-taxi-eg.com\/pl\/wp-json\/wp\/v2\/product"}],"about":[{"href":"https:\/\/safe-taxi-eg.com\/pl\/wp-json\/wp\/v2\/types\/product"}],"replies":[{"embeddable":true,"href":"https:\/\/safe-taxi-eg.com\/pl\/wp-json\/wp\/v2\/comments?post=11001"}],"wp:featuredmedia":[{"embeddable":true,"href":"https:\/\/safe-taxi-eg.com\/pl\/wp-json\/wp\/v2\/media\/11010"}],"wp:attachment":[{"href":"https:\/\/safe-taxi-eg.com\/pl\/wp-json\/wp\/v2\/media?parent=11001"}],"wp:term":[{"taxonomy":"product_brand","embeddable":true,"href":"https:\/\/safe-taxi-eg.com\/pl\/wp-json\/wp\/v2\/product_brand?post=11001"},{"taxonomy":"product_cat","embeddable":true,"href":"https:\/\/safe-taxi-eg.com\/pl\/wp-json\/wp\/v2\/product_cat?post=11001"},{"taxonomy":"product_tag","embeddable":true,"href":"https:\/\/safe-taxi-eg.com\/pl\/wp-json\/wp\/v2\/product_tag?post=11001"}],"curies":[{"name":"wp","href":"https:\/\/api.w.org\/{rel}","templated":true}]}}