{"id":11079,"date":"2025-10-30T22:57:45","date_gmt":"2025-10-30T22:57:45","guid":{"rendered":"https:\/\/safe-taxi-eg.com\/?post_type=product&#038;p=11079"},"modified":"2025-11-28T14:18:39","modified_gmt":"2025-11-28T14:18:39","slug":"quad-safari-moto-marine","status":"publish","type":"product","link":"https:\/\/safe-taxi-eg.com\/pl\/produkt\/quad-safari-moto-marine\/","title":{"rendered":"Safari na quadach i przygoda z nurkowaniem z \u017c\u00f3\u0142wiami"},"content":{"rendered":"<article class=\"text-token-text-primary w-full focus:outline-none [--shadow-height:45px] has-data-writing-block:pointer-events-none has-data-writing-block:-mt-(--shadow-height) has-data-writing-block:pt-(--shadow-height) [&amp;:has([data-writing-block])&gt;*]:pointer-events-auto [content-visibility:auto] supports-[content-visibility:auto]:[contain-intrinsic-size:auto_100lvh] scroll-mt-[calc(var(--header-height)+min(200px,max(70px,20svh)))]\" dir=\"auto\" tabindex=\"-1\" data-turn-id=\"request-6903ce85-4168-8327-bdb0-c493d5e00242-6\" data-testid=\"conversation-turn-44\" data-scroll-anchor=\"true\" data-turn=\"assistant\">\n<div class=\"text-base my-auto mx-auto pb-10 [--thread-content-margin:--spacing(4)] thread-sm:[--thread-content-margin:--spacing(6)] thread-lg:[--thread-content-margin:--spacing(16)] px-(--thread-content-margin)\">\n<div class=\"[--thread-content-max-width:40rem] thread-lg:[--thread-content-max-width:48rem] mx-auto max-w-(--thread-content-max-width) flex-1 group\/turn-messages focus-visible:outline-hidden relative flex w-full min-w-0 flex-col agent-turn\" tabindex=\"-1\">\n<div class=\"flex max-w-full flex-col grow\">\n<div class=\"min-h-8 text-message relative flex w-full flex-col items-end gap-2 text-start break-words whitespace-normal [.text-message+&amp;]:mt-1\" dir=\"auto\" data-message-author-role=\"assistant\" data-message-id=\"ea981f74-34a5-49e5-a874-b0f0da8c4b92\" data-message-model-slug=\"gpt-5\">\n<div class=\"flex w-full flex-col gap-1 empty:hidden first:pt-[1px]\">\n<div class=\"markdown prose dark:prose-invert w-full break-words light markdown-new-styling\">\n<p data-start=\"0\" data-end=\"86\">\ud83c\udfcd\ufe0f\ud83d\udc22 <strong data-start=\"6\" data-end=\"79\">Quad Safari i spotkanie z \u017c\u00f3\u0142wiami - przygoda mi\u0119dzy pustyni\u0105 a morzem!<\/strong> \ud83c\udf34\ud83c\udf0a<\/p>\n<p data-start=\"88\" data-end=\"439\">Przygotuj si\u0119 na dzie\u0144 pe\u0142en wra\u017ce\u0144. <strong data-start=\"125\" data-end=\"171\">Przygoda, ekscytacja i czysty relaks<\/strong> - gdzie z\u0142ota pustynia spotyka si\u0119 z krystalicznymi wodami Morza Czerwonego!<br data-start=\"238\" data-end=\"241\" \/>Poczuj dreszczyk emocji podczas jazdy quadem po l\u015bni\u0105cych wydmach, a nast\u0119pnie zanurz si\u0119 w g\u0142\u0119binach b\u0142\u0119kitu, aby spotka\u0107 majestatyczne \u017c\u00f3\u0142wie morskie. <strong data-start=\"374\" data-end=\"391\">Marsa Mubarak<\/strong> - jedno z najbardziej kultowych miejsc w Marsa Alam! \ud83d\udc22\u2600\ufe0f<\/p>\n<hr data-start=\"441\" data-end=\"444\" \/>\n<p data-start=\"446\" data-end=\"961\">\ud83d\udcdc <strong data-start=\"449\" data-end=\"470\">Program obejmuje:<\/strong><br data-start=\"470\" data-end=\"473\" \/>\ud83c\udfce\ufe0f Jazda quadem (ATV) dla <strong data-start=\"504\" data-end=\"513\">30 km<\/strong> przez pustyni\u0119 i wzd\u0142u\u017c malowniczego wybrze\u017ca Morza Czerwonego.<br data-start=\"572\" data-end=\"575\" \/>\ud83d\udc2a <strong data-start=\"578\" data-end=\"594\" data-is-only-node=\"\">Jazda na wielb\u0142\u0105dzie<\/strong> w autentycznej bedui\u0144skiej atmosferze.<br data-start=\"630\" data-end=\"633\" \/>\ud83e\udd3f <strong data-start=\"636\" data-end=\"676\">Nurkowanie z rurk\u0105 i p\u0142ywanie z \u017c\u00f3\u0142wiami<\/strong> w pi\u0119knym <strong data-start=\"694\" data-end=\"715\">Zatoka Marsa Mubarak<\/strong>.<br data-start=\"716\" data-end=\"719\" \/>\ud83c\udf55\ud83e\udd57 <strong data-start=\"724\" data-end=\"751\">Pyszny lunch nad morzem<\/strong> z pizz\u0105, \u015bwie\u017cymi sa\u0142atkami i orze\u017awiaj\u0105cymi napojami.<br data-start=\"805\" data-end=\"808\" \/>\ud83e\ude71 <strong data-start=\"811\" data-end=\"835\">Sprz\u0119t do snorkelingu<\/strong> zapewnione na ca\u0142\u0105 podr\u00f3\u017c.<br data-start=\"865\" data-end=\"868\" \/>Transfer powrotny do hotelu - idealne zako\u0144czenie dnia pe\u0142nego przyg\u00f3d i spokoju.<\/p>\n<hr data-start=\"963\" data-end=\"966\" \/>\n<p data-start=\"968\" data-end=\"1149\" data-is-last-node=\"\" data-is-only-node=\"\">\ud83d\udca7 <strong data-start=\"971\" data-end=\"984\">Zawiera:<\/strong> Sprz\u0119t do nurkowania z rurk\u0105 + lunch + woda mineralna<br data-start=\"1029\" data-end=\"1032\" \/>\ud83d\udcc5 <strong data-start=\"1035\" data-end=\"1054\">Dost\u0119pne codziennie<\/strong> - Nie jest wymagana minimalna liczba uczestnik\u00f3w<br data-start=\"1099\" data-end=\"1102\" \/>\ud83d\udccd <strong data-start=\"1105\" data-end=\"1118\">Lokalizacja:<\/strong> Zatoka Marsa Mubarak - Marsa Alam<\/p>\n<\/div>\n<\/div>\n<\/div>\n<\/div>\n<div class=\"z-0 flex min-h-[46px] justify-start\">\ud83e\udd11 <strong data-start=\"55\" data-end=\"74\">Cena wycieczki<\/strong><br data-start=\"74\" data-end=\"77\" \/>\ud83d\ude4e\ud83c\udffb\u200d\u2642\ufe0f <strong data-start=\"85\" data-end=\"106\">16 lat i wi\u0119cej:<\/strong> \u20ac 35<br data-start=\"110\" data-end=\"113\" \/>\ud83e\uddcd\ud83c\udffb\u200d\u2640\ufe0f <strong data-start=\"121\" data-end=\"153\">6-15 lat (tylko pasa\u017cer):<\/strong> \u20ac 20<br data-start=\"157\" data-end=\"160\" \/>\ud83d\udc7c\ud83c\udffc <strong data-start=\"165\" data-end=\"183\">Poni\u017cej 6 lat:<\/strong> Niedozwolone<\/div>\n<\/div>\n<\/div>\n<\/article>\n<div class=\"pointer-events-none h-px w-px\" aria-hidden=\"true\" data-edge=\"true\">\n<h3 data-start=\"2198\" data-end=\"2225\"><strong data-start=\"2205\" data-end=\"2223\">P\u0142atno\u015b\u0107 w USD ($ \ud83c\uddfa\ud83c\uddf8) zamiast EUR (\u20ac \ud83c\uddea\ud83c\uddfa) jest dost\u0119pna zgodnie z dziennym kursem wymiany banku.<\/strong><\/h3>\n<\/div>","protected":false},"excerpt":{"rendered":"<p>\ud83c\udfcd\ufe0f\ud83d\udc22 Quad Safari &amp; Turtle Encounter \u2013 An Adventure Between Desert and Sea! \ud83c\udf34\ud83c\udf0a \ud83d\udca6 Get ready for a day bursting with adventure, excitement, and pure relaxation \u2014 where the golden desert meets the crystal waters of the Red Sea!Feel the thrill as you ride your quad bike across shimmering dunes, then dive into the [&hellip;]<\/p>","protected":false},"featured_media":11082,"comment_status":"open","ping_status":"closed","template":"","meta":{"_monsterinsights_skip_tracking":false,"_monsterinsights_sitenote_active":false,"_monsterinsights_sitenote_note":"","_monsterinsights_sitenote_category":0},"product_brand":[],"product_cat":[66],"product_tag":[],"class_list":{"0":"post-11079","1":"product","2":"type-product","3":"status-publish","4":"has-post-thumbnail","6":"product_cat-marsa-alam","8":"first","9":"instock","10":"shipping-taxable","11":"purchasable","12":"product-type-ovabrw_car_rental"},"aioseo_notices":[],"_links":{"self":[{"href":"https:\/\/safe-taxi-eg.com\/pl\/wp-json\/wp\/v2\/product\/11079","targetHints":{"allow":["GET"]}}],"collection":[{"href":"https:\/\/safe-taxi-eg.com\/pl\/wp-json\/wp\/v2\/product"}],"about":[{"href":"https:\/\/safe-taxi-eg.com\/pl\/wp-json\/wp\/v2\/types\/product"}],"replies":[{"embeddable":true,"href":"https:\/\/safe-taxi-eg.com\/pl\/wp-json\/wp\/v2\/comments?post=11079"}],"wp:featuredmedia":[{"embeddable":true,"href":"https:\/\/safe-taxi-eg.com\/pl\/wp-json\/wp\/v2\/media\/11082"}],"wp:attachment":[{"href":"https:\/\/safe-taxi-eg.com\/pl\/wp-json\/wp\/v2\/media?parent=11079"}],"wp:term":[{"taxonomy":"product_brand","embeddable":true,"href":"https:\/\/safe-taxi-eg.com\/pl\/wp-json\/wp\/v2\/product_brand?post=11079"},{"taxonomy":"product_cat","embeddable":true,"href":"https:\/\/safe-taxi-eg.com\/pl\/wp-json\/wp\/v2\/product_cat?post=11079"},{"taxonomy":"product_tag","embeddable":true,"href":"https:\/\/safe-taxi-eg.com\/pl\/wp-json\/wp\/v2\/product_tag?post=11079"}],"curies":[{"name":"wp","href":"https:\/\/api.w.org\/{rel}","templated":true}]}}