{"id":9838,"date":"2025-09-07T08:59:29","date_gmt":"2025-09-07T08:59:29","guid":{"rendered":"https:\/\/safe-taxi-eg.com\/?post_type=product&#038;p=9838"},"modified":"2026-01-02T18:09:04","modified_gmt":"2026-01-02T18:09:04","slug":"diving-trip","status":"publish","type":"product","link":"https:\/\/safe-taxi-eg.com\/pl\/produkt\/diving-trip\/","title":{"rendered":"Przygoda z nurkowaniem w Hurghadzie"},"content":{"rendered":"<h2 data-start=\"105\" data-end=\"172\">\ud83c\udf0a <strong data-start=\"111\" data-end=\"172\">Codzienna przygoda nurkowa w Hurghadzie - odkryj Morze Czerwone!<\/strong><\/h2>\n<p data-start=\"174\" data-end=\"413\">Zanurz si\u0119 w <strong data-start=\"188\" data-end=\"227\">krystalicznie czyste wody Morza Czerwonego<\/strong> w Hurghadzie i poznaj \u015bwiat kolorowych raf i fascynuj\u0105cego \u017cycia morskiego! \ud83d\udc20 Nasz profesjonalny zesp\u00f3\u0142 instruktor\u00f3w jest gotowy, aby da\u0107 ci <strong data-start=\"374\" data-end=\"412\">niezapomniana podwodna przygoda<\/strong>.<\/p>\n<hr data-start=\"415\" data-end=\"418\" \/>\n<h3 data-start=\"420\" data-end=\"444\">\ud83d\udd57 <strong data-start=\"427\" data-end=\"444\">Harmonogram podr\u00f3\u017cy<\/strong><\/h3>\n<ul data-start=\"445\" data-end=\"596\">\n<li data-start=\"445\" data-end=\"472\">\n<p data-start=\"447\" data-end=\"472\"><strong data-start=\"447\" data-end=\"462\">Czas rozpocz\u0119cia:<\/strong> 8:30<\/p>\n<\/li>\n<li data-start=\"473\" data-end=\"498\">\n<p data-start=\"475\" data-end=\"498\"><strong data-start=\"475\" data-end=\"488\">Czas zako\u0144czenia:<\/strong> 4:00 PM<\/p>\n<\/li>\n<li data-start=\"499\" data-end=\"596\">\n<p data-start=\"501\" data-end=\"596\"><strong data-start=\"501\" data-end=\"519\">Miejsce spotkania:<\/strong> Nasze centrum nurkowe w <strong data-start=\"541\" data-end=\"552\">8:00<\/strong> do przygotowania i rejestracji sprz\u0119tu.<\/p>\n<\/li>\n<\/ul>\n<hr data-start=\"598\" data-end=\"601\" \/>\n<h3 data-start=\"603\" data-end=\"638\">\ud83d\uddfa\ufe0f <strong data-start=\"611\" data-end=\"638\">Miejsca nurkowe i do\u015bwiadczenie<\/strong><\/h3>\n<ul data-start=\"639\" data-end=\"890\">\n<li data-start=\"639\" data-end=\"719\">\n<p data-start=\"641\" data-end=\"719\">Ciesz si\u0119 <strong data-start=\"647\" data-end=\"675\">dwa r\u00f3\u017cne miejsca nurkowe<\/strong> na rejs (w zale\u017cno\u015bci od pogody i pr\u0105d\u00f3w).<\/p>\n<\/li>\n<li data-start=\"720\" data-end=\"824\">\n<p data-start=\"722\" data-end=\"824\">Czas \u017ceglugi do pierwszego przystanku: <strong data-start=\"754\" data-end=\"771\">35-45 minut<\/strong> lub do <strong data-start=\"781\" data-end=\"798\">60-90 minut<\/strong>w zale\u017cno\u015bci od lokalizacji.<\/p>\n<\/li>\n<li data-start=\"825\" data-end=\"890\">\n<p data-start=\"827\" data-end=\"890\">Na pok\u0142adzie <strong data-start=\"841\" data-end=\"856\">mistrz nurkowania<\/strong> przedstawi szczeg\u00f3\u0142owe informacje.<\/p>\n<\/li>\n<\/ul>\n<hr data-start=\"892\" data-end=\"895\" \/>\n<h3 data-start=\"897\" data-end=\"936\">\ud83e\udd3f <strong data-start=\"904\" data-end=\"936\">Najwa\u017cniejsze atrakcje nurkowania<\/strong><\/h3>\n<ul data-start=\"937\" data-end=\"1228\">\n<li data-start=\"937\" data-end=\"990\">\n<p data-start=\"939\" data-end=\"990\"><strong data-start=\"939\" data-end=\"960\">Dwa nurkowania dziennie<\/strong> z profesjonalnymi wskaz\u00f3wkami.<\/p>\n<\/li>\n<li data-start=\"991\" data-end=\"1073\">\n<p data-start=\"993\" data-end=\"1073\">Opcjonalnie <strong data-start=\"1002\" data-end=\"1045\">Podsumowanie i identyfikacja \u017cycia morskiego<\/strong> sesje po ka\u017cdym nurkowaniu.<\/p>\n<\/li>\n<li data-start=\"1074\" data-end=\"1148\">\n<p data-start=\"1076\" data-end=\"1148\">Czas trwania nurkowania zale\u017cy od <strong data-start=\"1101\" data-end=\"1145\">zu\u017cycie powietrza, pr\u0105dy i wielko\u015b\u0107 terenu<\/strong>.<\/p>\n<\/li>\n<li data-start=\"1149\" data-end=\"1228\">\n<p data-start=\"1151\" data-end=\"1228\">Naszym celem jest odwiedzenie jak najwi\u0119kszej liczby <strong data-start=\"1175\" data-end=\"1191\">unikalne witryny<\/strong> jak to mo\u017cliwe, aby zapewni\u0107 r\u00f3\u017cnorodne wra\u017cenia!<\/p>\n<\/li>\n<\/ul>\n<hr data-start=\"1230\" data-end=\"1233\" \/>\n<h3 data-start=\"1235\" data-end=\"1261\">\ud83c\udf7d\ufe0f <strong data-start=\"1243\" data-end=\"1261\">Lunch na pok\u0142adzie<\/strong><\/h3>\n<ul data-start=\"1262\" data-end=\"1478\">\n<li data-start=\"1262\" data-end=\"1397\">\n<p data-start=\"1264\" data-end=\"1305\">\u015awie\u017co przygotowane <strong data-start=\"1281\" data-end=\"1297\">lunch w formie bufetu<\/strong> z:<\/p>\n<ul data-start=\"1308\" data-end=\"1397\">\n<li data-start=\"1308\" data-end=\"1325\">\n<p data-start=\"1310\" data-end=\"1325\">Lokalne ryby \ud83d\udc1f<\/p>\n<\/li>\n<li data-start=\"1328\" data-end=\"1349\">\n<p data-start=\"1330\" data-end=\"1349\">Makaron i ry\u017c \ud83c\udf5d\ud83c\udf5a<\/p>\n<\/li>\n<li data-start=\"1352\" data-end=\"1375\">\n<p data-start=\"1354\" data-end=\"1375\">Kurczak i mi\u0119so \ud83c\udf57\ud83e\udd69<\/p>\n<\/li>\n<li data-start=\"1378\" data-end=\"1397\">\n<p data-start=\"1380\" data-end=\"1397\">\u015awie\u017ce sa\u0142atki \ud83e\udd57<\/p>\n<\/li>\n<\/ul>\n<\/li>\n<li data-start=\"1398\" data-end=\"1478\">\n<p data-start=\"1400\" data-end=\"1478\">Zawiera <strong data-start=\"1409\" data-end=\"1452\">napoje bezalkoholowe (woda, sok, herbata, kawa)<\/strong> - ograniczone, ale od\u015bwie\u017caj\u0105ce!<\/p>\n<\/li>\n<\/ul>\n<hr data-start=\"1480\" data-end=\"1483\" \/>\n<h3 data-start=\"1485\" data-end=\"1516\">\ud83d\udee5\ufe0f <strong data-start=\"1493\" data-end=\"1516\">Nasze udogodnienia dla \u0142odzi<\/strong><\/h3>\n<ul data-start=\"1517\" data-end=\"1636\">\n<li data-start=\"1517\" data-end=\"1560\">\n<p data-start=\"1519\" data-end=\"1560\">Przestronny <strong data-start=\"1528\" data-end=\"1540\">pok\u0142ad s\u0142oneczny<\/strong> dla relaksu \u2600\ufe0f<\/p>\n<\/li>\n<li data-start=\"1561\" data-end=\"1586\">\n<p data-start=\"1563\" data-end=\"1586\">Na pok\u0142adzie <strong data-start=\"1571\" data-end=\"1581\">prysznic<\/strong> \ud83d\udebf<\/p>\n<\/li>\n<li data-start=\"1587\" data-end=\"1636\">\n<p data-start=\"1589\" data-end=\"1636\">Wygodny <strong data-start=\"1601\" data-end=\"1631\">salon na posi\u0142ki i napoje<\/strong> \ud83c\udf79<\/p>\n<\/li>\n<\/ul>\n<hr data-start=\"1638\" data-end=\"1641\" \/>\n<h3 data-start=\"1643\" data-end=\"1679\">\ud83c\udf0d <strong data-start=\"1650\" data-end=\"1679\">Zaanga\u017cowanie w ochron\u0119 \u015brodowiska<\/strong><\/h3>\n<p data-start=\"1680\" data-end=\"1876\">Z dum\u0105 wspieramy <strong data-start=\"1699\" data-end=\"1771\">HEPCA (Stowarzyszenie Ochrony i Konserwacji \u015arodowiska w Hurghadzie)<\/strong> i <strong data-start=\"1780\" data-end=\"1821\">Egipska agencja ds. ochrony \u015brodowiska<\/strong> w celu ochrony <strong data-start=\"1837\" data-end=\"1872\">Rafy i \u017cycie morskie Morza Czerwonego<\/strong>. \ud83d\udc22<\/p>\n<p data-start=\"1878\" data-end=\"2011\">Ka\u017cdy nurek i p\u0142etwonurek - pocz\u0105tkuj\u0105cy lub zaawansowany - ma obowi\u0105zek <strong data-start=\"1953\" data-end=\"1987\">chroni\u0107 ten delikatny ekosystem<\/strong> dla przysz\u0142ych pokole\u0144.<\/p>\n<hr data-start=\"2013\" data-end=\"2016\" \/>\n<h3 data-start=\"2018\" data-end=\"2044\"><strong data-start=\"2022\" data-end=\"2042\">Program obejmuje<\/strong><\/h3>\n<ul data-start=\"2045\" data-end=\"2167\">\n<li data-start=\"2045\" data-end=\"2069\">\n<p data-start=\"2047\" data-end=\"2069\">\ud83d\udc68\u200d\ud83c\udfeb <strong data-start=\"2053\" data-end=\"2067\">Przewodnik nurkowania<\/strong><\/p>\n<\/li>\n<li data-start=\"2070\" data-end=\"2090\">\n<p data-start=\"2072\" data-end=\"2090\">\ud83d\udee2\ufe0f <strong data-start=\"2076\" data-end=\"2088\">Zbiornik 12 l<\/strong><\/p>\n<\/li>\n<li data-start=\"2091\" data-end=\"2109\">\n<p data-start=\"2093\" data-end=\"2109\">\u2696\ufe0f <strong data-start=\"2096\" data-end=\"2107\">Wagi<\/strong><\/p>\n<\/li>\n<li data-start=\"2110\" data-end=\"2167\">\n<p data-start=\"2112\" data-end=\"2167\">\ud83d\ude90 <strong data-start=\"2115\" data-end=\"2167\">Transfery w obr\u0119bie Hurghady, Makadi i Sahl Hashish<\/strong><\/p>\n<\/li>\n<\/ul>\n<p>Uwagi<\/p>\n<p>Na \u017cyczenie oferujemy r\u00f3wnie\u017c certyfikaty nurkowe (dla pocz\u0105tkuj\u0105cych i zaawansowanych).<\/p>\n<p>Mo\u017cliwo\u015b\u0107 nurkowania z rurk\u0105: 20 \u20ac<\/p>\n<p>Zdj\u0119cia nie wchodz\u0105 w sk\u0142ad zestawu.<\/p>\n<p>Cena wycieczki<\/p>\n<p>\ud83d\ude4e\ud83c\udffb\u200d\u2642\ufe0f 10 lat i wi\u0119cej: 30 \u20ac<\/p>\n<p>\ud83e\uddcd\ud83c\udffb\u200d\u2640\ufe0f Poni\u017cej 10 lat: \ud83d\udeab Niedozwolone<\/p>\n<p>Go\u015bcie towarzysz\u0105cy (bez nurkowania): \u20ac 20<\/p>\n<table style=\"height: 115px;\" width=\"790\">\n<tbody>\n<tr>\n<td width=\"126\"><strong>\u00a0\u20ac\u00a0\u00a0\u00a045.00<\/strong><\/td>\n<td width=\"307\"><strong>Profesjonalista w nurkowaniu<\/strong><\/td>\n<\/tr>\n<tr>\n<td><strong>\u00a0\u20ac\u00a0\u00a0\u00a0 30.00<\/strong><\/td>\n<td><strong>Nurkowanie<\/strong><\/td>\n<\/tr>\n<tr>\n<td><strong>\u00a0\u20ac\u00a0\u00a0\u00a0 20.00<\/strong><\/td>\n<td><strong>Snorkling<\/strong><\/td>\n<\/tr>\n<\/tbody>\n<\/table>\n<h3 data-start=\"2198\" data-end=\"2225\"><strong data-start=\"2205\" data-end=\"2223\">P\u0142atno\u015b\u0107 w USD ($ \ud83c\uddfa\ud83c\uddf8) zamiast EUR (\u20ac \ud83c\uddea\ud83c\uddfa) jest dost\u0119pna zgodnie z dziennym kursem wymiany banku.<\/strong><\/h3>\n<p><strong>Book Through WhatsApp:<\/strong><\/p>\n<p><a href=\"https:\/\/api.whatsapp.com\/send\/?phone=01021058859\" target=\"_blank\" rel=\"noopener\">\u00a0<img decoding=\"async\" class=\"alignnone wp-image-2058\" src=\"https:\/\/poehalisnamiegypt.com\/wp-content\/uploads\/2024\/02\/pngwing.com_-300x300.png\" sizes=\"auto, (max-width: 35px) 100vw, 35px\" srcset=\"https:\/\/poehalisnamiegypt.com\/wp-content\/uploads\/2024\/02\/pngwing.com_-300x300.png 300w, https:\/\/poehalisnamiegypt.com\/wp-content\/uploads\/2024\/02\/pngwing.com_-150x150.png 150w, https:\/\/poehalisnamiegypt.com\/wp-content\/uploads\/2024\/02\/pngwing.com_.png 584w\" alt=\"\" width=\"53\" height=\"53\" \/><\/a><\/p>\n<div id=\"gtx-trans\" style=\"position: absolute; left: 488px; top: 62.0278px;\">\n<div class=\"gtx-trans-icon\"><\/div>\n<\/div>","protected":false},"excerpt":{"rendered":"<p>\ud83c\udf0a Daily Diving Adventure in Hurghada \u2013 Explore the Red Sea! Dive into the crystal-clear waters of the Red Sea in Hurghada and experience a world of colorful reefs and fascinating marine life! \ud83d\udc20 Our professional team of instructors is ready to give you an unforgettable underwater adventure. \ud83d\udd57 Trip Schedule Start Time: 8:30 AM [&hellip;]<\/p>","protected":false},"featured_media":9841,"comment_status":"open","ping_status":"closed","template":"","meta":{"_monsterinsights_skip_tracking":false,"_monsterinsights_sitenote_active":false,"_monsterinsights_sitenote_note":"","_monsterinsights_sitenote_category":0},"product_brand":[],"product_cat":[68],"product_tag":[],"class_list":{"0":"post-9838","1":"product","2":"type-product","3":"status-publish","4":"has-post-thumbnail","6":"product_cat-sea","8":"first","9":"instock","10":"shipping-taxable","11":"purchasable","12":"product-type-ovabrw_car_rental"},"aioseo_notices":[],"_links":{"self":[{"href":"https:\/\/safe-taxi-eg.com\/pl\/wp-json\/wp\/v2\/product\/9838","targetHints":{"allow":["GET"]}}],"collection":[{"href":"https:\/\/safe-taxi-eg.com\/pl\/wp-json\/wp\/v2\/product"}],"about":[{"href":"https:\/\/safe-taxi-eg.com\/pl\/wp-json\/wp\/v2\/types\/product"}],"replies":[{"embeddable":true,"href":"https:\/\/safe-taxi-eg.com\/pl\/wp-json\/wp\/v2\/comments?post=9838"}],"wp:featuredmedia":[{"embeddable":true,"href":"https:\/\/safe-taxi-eg.com\/pl\/wp-json\/wp\/v2\/media\/9841"}],"wp:attachment":[{"href":"https:\/\/safe-taxi-eg.com\/pl\/wp-json\/wp\/v2\/media?parent=9838"}],"wp:term":[{"taxonomy":"product_brand","embeddable":true,"href":"https:\/\/safe-taxi-eg.com\/pl\/wp-json\/wp\/v2\/product_brand?post=9838"},{"taxonomy":"product_cat","embeddable":true,"href":"https:\/\/safe-taxi-eg.com\/pl\/wp-json\/wp\/v2\/product_cat?post=9838"},{"taxonomy":"product_tag","embeddable":true,"href":"https:\/\/safe-taxi-eg.com\/pl\/wp-json\/wp\/v2\/product_tag?post=9838"}],"curies":[{"name":"wp","href":"https:\/\/api.w.org\/{rel}","templated":true}]}}